{"id":2132,"date":"2025-07-02T12:10:14","date_gmt":"2025-07-02T10:10:14","guid":{"rendered":"https:\/\/mona.ilogs.systems\/?post_type=product&#038;p=2132"},"modified":"2025-11-04T14:32:59","modified_gmt":"2025-11-04T13:32:59","slug":"mona-enterprise","status":"publish","type":"product","link":"https:\/\/mona.ilogs.systems\/en\/product\/mona-enterprise\/","title":{"rendered":"MONA Enterprise"},"content":{"rendered":"<p>&nbsp;<\/p>\n<ul>\n<li style=\"list-style-type: none;\">\n<ul>\n<li>Laufzeit: monatlich k\u00fcndbar<\/li>\n<li>Mitarbeiteranzahl: unbegrenzt<\/li>\n<li>Auftragsanzahl: unbegrenzt<\/li>\n<li>Offlinemode<\/li>\n<li>Automated customer notifications<\/li>\n<li>Geotagging &amp; wiederkehrende Auftr\u00e4ge: enthalten<\/li>\n<li>Support:Pers\u00f6nlicher Ansprechpartner<\/li>\n<li>Alle Premium &#8211; Funktionen inklusive<\/li>\n<\/ul>\n<\/li>\n<\/ul>\n<p>Schreiben Sie uns gerne unter: info@ilogs.systems<\/p>","protected":false},"excerpt":{"rendered":"<p>&nbsp; Laufzeit: monatlich k\u00fcndbar Mitarbeiteranzahl: unbegrenzt Auftragsanzahl: unbegrenzt Offlinef\u00e4higkeit Automatisierte Kundenbenachrichtigungen Geotagging &amp; wiederkehrende Auftr\u00e4ge: enthalten Support:Pers\u00f6nlicher Ansprechpartner Alle Premium &#8211; Funktionen inklusive Schreiben Sie uns gerne unter: info@ilogs.systems<\/p>","protected":false},"featured_media":17,"template":"","meta":[],"product_brand":[],"product_cat":[16],"product_tag":[],"class_list":{"0":"post-2132","1":"product","2":"type-product","3":"status-publish","4":"has-post-thumbnail","6":"product_cat-fieldforce","8":"first","9":"instock","10":"taxable","11":"shipping-taxable","12":"purchasable","13":"product-type-simple"},"aioseo_notices":[],"_links":{"self":[{"href":"https:\/\/mona.ilogs.systems\/en\/wp-json\/wp\/v2\/product\/2132","targetHints":{"allow":["GET"]}}],"collection":[{"href":"https:\/\/mona.ilogs.systems\/en\/wp-json\/wp\/v2\/product"}],"about":[{"href":"https:\/\/mona.ilogs.systems\/en\/wp-json\/wp\/v2\/types\/product"}],"wp:featuredmedia":[{"embeddable":true,"href":"https:\/\/mona.ilogs.systems\/en\/wp-json\/wp\/v2\/media\/17"}],"wp:attachment":[{"href":"https:\/\/mona.ilogs.systems\/en\/wp-json\/wp\/v2\/media?parent=2132"}],"wp:term":[{"taxonomy":"product_brand","embeddable":true,"href":"https:\/\/mona.ilogs.systems\/en\/wp-json\/wp\/v2\/product_brand?post=2132"},{"taxonomy":"product_cat","embeddable":true,"href":"https:\/\/mona.ilogs.systems\/en\/wp-json\/wp\/v2\/product_cat?post=2132"},{"taxonomy":"product_tag","embeddable":true,"href":"https:\/\/mona.ilogs.systems\/en\/wp-json\/wp\/v2\/product_tag?post=2132"}],"curies":[{"name":"wp","href":"https:\/\/api.w.org\/{rel}","templated":true}]}}