{"id":1251,"date":"2024-10-16T11:15:47","date_gmt":"2024-10-16T09:15:47","guid":{"rendered":"https:\/\/mona.ilogs.systems\/?page_id=1251"},"modified":"2025-01-09T10:05:52","modified_gmt":"2025-01-09T09:05:52","slug":"download-infomaterial-mobile-datenerfassung","status":"publish","type":"page","link":"https:\/\/mona.ilogs.systems\/en\/download-infomaterial-mobile-datenerfassung\/","title":{"rendered":"Download factsheet mobile data acquisition"},"content":{"rendered":"<div class=\"wpb-content-wrapper\"><div class=\"vc_row wpb_row row top-row wpb_custom_034b39d9bc6c6b310d69e39f0ccf274f\"><div class=\"vc_column_container col-md-12\"><div class=\"wpb_wrapper vc_column-inner\">\r\n\t<div class=\"wpb_text_column wpb_content_element wpb_custom_7c91d232724f73626cc933bd95b25ff0\" >\r\n\t\t<div class=\"wpb_wrapper\">\r\n\t\t\t<p>Laden Sie jetzt <strong>kostenlos<\/strong> unser umfassendes Infomaterial zur mobilen Datenerfassung in mona field force herunter und entdecken Sie die zahlreichen Vorteile dieser innovativen L\u00f6sung. Erfahren Sie, wie Sie mit <em>mobiler<\/em> und <em>ortsunabh\u00e4ngiger<\/em> <em>Datenerfassung<\/em> Arbeitsprozesse optimieren, Zeit sparen und die Effizienz Ihrer Au\u00dfendienst- oder Erhebungsarbeiten erheblich steigern k\u00f6nnen.<\/p>\n<p>Unser Infomaterial bietet Ihnen detaillierte Einblicke in die Funktionen der automatischen Berichterstattung, die Ihnen auf Knopfdruck eine pr\u00e4zise \u00dcbersicht \u00fcber alle gesammelten Daten liefert. Dar\u00fcber hinaus lernen Sie unseren vorgefertigten Katalog kennen, der Ihnen den Einstieg in die mobile Datenerfassung erleichtert und individuell an Ihre Bed\u00fcrfnisse angepasst werden kann.<\/p>\n<p>Entdecken Sie, wie mona field force Ihnen dabei hilft, Ihre Daten jederzeit und \u00fcberall zu verwalten \u2013 flexibel, zuverl\u00e4ssig und benutzerfreundlich.<\/p>\n<p>Holen Sie sich jetzt alle wichtigen Informationen und starten Sie durch mit der Zukunft der mobilen Datenerfassung!<\/p>\n\r\n\t\t<\/div>\r\n\t<\/div>\r\n<\/div><\/div><\/div><div class=\"vc_row wpb_row row top-row wpb_custom_034b39d9bc6c6b310d69e39f0ccf274f\"><div class=\"vc_column_container col-md-12\"><div class=\"wpb_wrapper vc_column-inner\"><style id=\"wpforms-css-vars-1248\">\n\t\t\t\t#wpforms-1248 {\n\t\t\t\t\n\t\t\t}\n\t\t\t<\/style><div class=\"wpforms-container wpforms-container-full wpforms-render-modern\" id=\"wpforms-1248\"><form id=\"wpforms-form-1248\" class=\"wpforms-validate wpforms-form wpforms-ajax-form\" data-formid=\"1248\" method=\"post\" enctype=\"multipart\/form-data\" action=\"\/en\/wp-json\/wp\/v2\/pages\/1251\" data-token=\"6ec9712fbeed40db1b83a70895159991\" data-token-time=\"1778856828\"><noscript class=\"wpforms-error-noscript\">Please enable JavaScript in your browser to complete this form.<\/noscript><div id=\"wpforms-error-noscript\" style=\"display: none;\">Please enable JavaScript in your browser to complete this form.<\/div><div class=\"wpforms-field-container\"><div id=\"wpforms-1248-field_1-container\" class=\"wpforms-field wpforms-field-name\" data-field-id=\"1\"><fieldset><legend class=\"wpforms-field-label\">Name <span class=\"wpforms-required-label\" aria-hidden=\"true\">*<\/span><\/legend><div class=\"wpforms-field-row wpforms-field-medium\"><div class=\"wpforms-field-row-block wpforms-first wpforms-one-half\"><input type=\"text\" id=\"wpforms-1248-field_1\" class=\"wpforms-field-name-first wpforms-field-required\" name=\"wpforms[fields][1][first]\" aria-errormessage=\"wpforms-1248-field_1-error\" required><label for=\"wpforms-1248-field_1\" class=\"wpforms-field-sublabel after\">First<\/label><\/div><div class=\"wpforms-field-row-block wpforms-one-half\"><input type=\"text\" id=\"wpforms-1248-field_1-last\" class=\"wpforms-field-name-last wpforms-field-required\" name=\"wpforms[fields][1][last]\" aria-errormessage=\"wpforms-1248-field_1-last-error\" required><label for=\"wpforms-1248-field_1-last\" class=\"wpforms-field-sublabel after\">Last<\/label><\/div><\/div><\/fieldset><\/div><div id=\"wpforms-1248-field_2-container\" class=\"wpforms-field wpforms-field-email\" data-field-id=\"2\"><label class=\"wpforms-field-label\" for=\"wpforms-1248-field_2\">E-Mail Adresse <span class=\"wpforms-required-label\" aria-hidden=\"true\">*<\/span><\/label><input type=\"email\" id=\"wpforms-1248-field_2\" class=\"wpforms-field-medium wpforms-field-required\" name=\"wpforms[fields][2]\" spellcheck=\"false\" aria-errormessage=\"wpforms-1248-field_2-error\" required><\/div>\t\t<div id=\"wpforms-1248-field_3-container\"\n\t\t\tclass=\"wpforms-field wpforms-field-text\"\n\t\t\tdata-field-type=\"text\"\n\t\t\tdata-field-id=\"3\"\n\t\t\t>\n\t\t\t<label class=\"wpforms-field-label\" for=\"wpforms-1248-field_3\" >Name E-Mail Adresse<\/label>\n\t\t\t<input type=\"text\" id=\"wpforms-1248-field_3\" class=\"wpforms-field-medium\" name=\"wpforms[fields][3]\" >\n\t\t<\/div>\n\t\t<div id=\"wpforms-1248-field_4-container\" class=\"wpforms-field wpforms-field-checkbox\" data-field-id=\"4\"><fieldset><legend class=\"wpforms-field-label\">Best\u00e4tigung <span class=\"wpforms-required-label\" aria-hidden=\"true\">*<\/span><\/legend><ul id=\"wpforms-1248-field_4\" class=\"wpforms-field-required\"><li class=\"choice-1 depth-1\"><input type=\"checkbox\" id=\"wpforms-1248-field_4_1\" name=\"wpforms[fields][4][]\" value=\"Ich akzeptiere die Datenschutzbestimmungen.\" aria-errormessage=\"wpforms-1248-field_4_1-error\" required ><label class=\"wpforms-field-label-inline\" for=\"wpforms-1248-field_4_1\">Ich akzeptiere die Datenschutzbestimmungen.<\/label><\/li><li class=\"choice-2 depth-1\"><input type=\"checkbox\" id=\"wpforms-1248-field_4_2\" name=\"wpforms[fields][4][]\" value=\"Ich akzeptiere die Datenschutzbestimmungen und m\u00f6chte \u00fcber aktuelle Angebote und Entwicklungen informiert werden.\" aria-errormessage=\"wpforms-1248-field_4_2-error\" required ><label class=\"wpforms-field-label-inline\" for=\"wpforms-1248-field_4_2\">Ich akzeptiere die Datenschutzbestimmungen und m\u00f6chte \u00fcber aktuelle Angebote und Entwicklungen informiert werden.<\/label><\/li><\/ul><\/fieldset><\/div><script>\n\t\t\t\t( function() {\n\t\t\t\t\tconst style = document.createElement( 'style' );\n\t\t\t\t\tstyle.appendChild( document.createTextNode( '#wpforms-1248-field_3-container { position: absolute !important; overflow: hidden !important; display: inline !important; height: 1px !important; width: 1px !important; z-index: -1000 !important; padding: 0 !important; } #wpforms-1248-field_3-container input { visibility: hidden; } #wpforms-conversational-form-page #wpforms-1248-field_3-container label { counter-increment: none; }' ) );\n\t\t\t\t\tdocument.head.appendChild( style );\n\t\t\t\t\tdocument.currentScript?.remove();\n\t\t\t\t} )();\n\t\t\t<\/script><\/div><!-- .wpforms-field-container --><div class=\"wpforms-submit-container\" ><input type=\"hidden\" name=\"wpforms[id]\" value=\"1248\"><input type=\"hidden\" name=\"page_title\" value=\"\"><input type=\"hidden\" name=\"page_url\" value=\"https:\/\/mona.ilogs.systems\/en\/wp-json\/wp\/v2\/pages\/1251\"><input type=\"hidden\" name=\"url_referer\" value=\"\"><button type=\"submit\" name=\"wpforms[submit]\" id=\"wpforms-submit-1248\" class=\"wpforms-submit\" data-alt-text=\"Wird gesendet\u00a0\u2026\" data-submit-text=\"Download\" aria-live=\"assertive\" value=\"wpforms-submit\">Download<\/button><img decoding=\"async\" src=\"https:\/\/mona.ilogs.systems\/wp-content\/plugins\/wpforms-lite\/assets\/images\/submit-spin.svg\" class=\"wpforms-submit-spinner\" style=\"display: none;\" width=\"26\" height=\"26\" alt=\"Loading\"><\/div><\/form><\/div>  <!-- .wpforms-container --><\/div><\/div><\/div><div class=\"vc_row wpb_row row top-row wpb_custom_034b39d9bc6c6b310d69e39f0ccf274f\"><div class=\"vc_column_container col-md-12\"><div class=\"wpb_wrapper vc_column-inner\">\r\n\t<div class=\"wpb_text_column wpb_content_element wpb_custom_7c91d232724f73626cc933bd95b25ff0\" >\r\n\t\t<div class=\"wpb_wrapper\">\r\n\t\t\t<p><a href=\"https:\/\/mona.ilogs.systems\/download-infomaterial\/\">Infomaterial mona field force<\/a><\/p>\n<p><a href=\"https:\/\/mona.ilogs.systems\/download-infomaterial-einsatzplanung\/\">Infomaterial Einsatzplanung<\/a><\/p>\n<p><a href=\"https:\/\/ilogs.systems\/blog\">Aktuelle Entwicklungen<\/a><\/p>\n\r\n\t\t<\/div>\r\n\t<\/div>\r\n<\/div><\/div><\/div>\n<\/div>","protected":false},"excerpt":{"rendered":"Laden Sie jetzt kostenlos unser umfassendes Infomaterial zur mobilen Datenerfassung in mona field force herunter und entdecken Sie die zahlreichen Vorteile dieser innovativen L\u00f6sung. Erfahren Sie, wie Sie mit mobiler und ortsunabh\u00e4ngiger Datenerfassung Arbeitsprozesse optimieren, Zeit sparen und die Effizienz Ihrer Au\u00dfendienst- oder Erhebungsarbeiten erheblich steigern k\u00f6nnen. Unser Infomaterial bietet Ihnen detaillierte Einblicke in die [...]","protected":false},"author":1,"featured_media":0,"parent":0,"menu_order":0,"comment_status":"closed","ping_status":"closed","template":"","meta":{"footnotes":""},"class_list":["post-1251","page","type-page","status-publish","hentry"],"aioseo_notices":[],"_links":{"self":[{"href":"https:\/\/mona.ilogs.systems\/en\/wp-json\/wp\/v2\/pages\/1251","targetHints":{"allow":["GET"]}}],"collection":[{"href":"https:\/\/mona.ilogs.systems\/en\/wp-json\/wp\/v2\/pages"}],"about":[{"href":"https:\/\/mona.ilogs.systems\/en\/wp-json\/wp\/v2\/types\/page"}],"author":[{"embeddable":true,"href":"https:\/\/mona.ilogs.systems\/en\/wp-json\/wp\/v2\/users\/1"}],"replies":[{"embeddable":true,"href":"https:\/\/mona.ilogs.systems\/en\/wp-json\/wp\/v2\/comments?post=1251"}],"version-history":[{"count":10,"href":"https:\/\/mona.ilogs.systems\/en\/wp-json\/wp\/v2\/pages\/1251\/revisions"}],"predecessor-version":[{"id":1712,"href":"https:\/\/mona.ilogs.systems\/en\/wp-json\/wp\/v2\/pages\/1251\/revisions\/1712"}],"wp:attachment":[{"href":"https:\/\/mona.ilogs.systems\/en\/wp-json\/wp\/v2\/media?parent=1251"}],"curies":[{"name":"wp","href":"https:\/\/api.w.org\/{rel}","templated":true}]}}