{"id":1107,"date":"2024-08-13T15:27:28","date_gmt":"2024-08-13T13:27:28","guid":{"rendered":"https:\/\/mona.ilogs.systems\/?page_id=1107"},"modified":"2025-08-19T14:16:22","modified_gmt":"2025-08-19T12:16:22","slug":"funktionen","status":"publish","type":"page","link":"https:\/\/mona.ilogs.systems\/en\/funktionen\/","title":{"rendered":"Functions"},"content":{"rendered":"<div class=\"wpb-content-wrapper\"><div class=\"vc_row wpb_row row top-row porto_stretch_css stretch_row_content_no_spaces_css wpb_custom_034b39d9bc6c6b310d69e39f0ccf274f\"><div class=\"vc_column_container col-md-6\"><div class=\"wpb_wrapper vc_column-inner\">\r\n\t<div class=\"wpb_single_image wpb_content_element vc_align_center wpb_content_element   mb-0 wpb_custom_bea4775ff18ef36376abcce1d2c00bc5\"><div class=\"wpb_wrapper\">\r\n\t\t\t\r\n\t\t\t<div class=\"vc_single_image-wrapper   vc_box_border_grey\"><img decoding=\"async\" width=\"1080\" height=\"1350\" src=\"https:\/\/mona.ilogs.systems\/wp-content\/uploads\/2025\/08\/Ansichten-Handy6.png\" class=\"vc_single_image-img attachment-full\" alt=\"\" title=\"Multiple Smartphone Ansicht von mona field force\" srcset=\"https:\/\/mona.ilogs.systems\/wp-content\/uploads\/2025\/08\/Ansichten-Handy6.png 1080w, https:\/\/mona.ilogs.systems\/wp-content\/uploads\/2025\/08\/Ansichten-Handy6-819x1024.png 819w, https:\/\/mona.ilogs.systems\/wp-content\/uploads\/2025\/08\/Ansichten-Handy6-768x960.png 768w, https:\/\/mona.ilogs.systems\/wp-content\/uploads\/2025\/08\/Ansichten-Handy6-640x800.png 640w, https:\/\/mona.ilogs.systems\/wp-content\/uploads\/2025\/08\/Ansichten-Handy6-400x500.png 400w, https:\/\/mona.ilogs.systems\/wp-content\/uploads\/2025\/08\/Ansichten-Handy6-367x459.png 367w, https:\/\/mona.ilogs.systems\/wp-content\/uploads\/2025\/08\/Ansichten-Handy6-600x750.png 600w\" sizes=\"(max-width: 1080px) 100vw, 1080px\" \/><\/div>\r\n\t\t<\/div>\r\n\t<\/div>\r\n<\/div><\/div><div class=\"vc_column_container col-md-6\"><div class=\"wpb_wrapper vc_column-inner\">\r\n\t<div class=\"wpb_text_column wpb_content_element vc_custom_1748334967913 wpb_custom_7c91d232724f73626cc933bd95b25ff0\" >\r\n\t\t<div class=\"wpb_wrapper\">\r\n\t\t\t<p>&nbsp;<\/p>\n<p>&nbsp;<\/p>\n<p>&nbsp;<\/p>\n<p style=\"text-align: left;\">Developed for service companies, mona enables you to plan your assignments quickly and clearly, manage resource availability and prioritise tasks. With our solution, you can easily manage your employees and capacities and ensure that everyone is in the right place at the right time.<\/p>\n<p>&nbsp;<\/p>\n<p>&nbsp;<\/p>\n<p style=\"text-align: left;\">Your data is processed according to the strictest <strong>information security and data protection guidelines<\/strong> protected. Through the implementation of the management systems <strong>ISO 27001<\/strong> and <strong>ISO 27701<\/strong> we fulfil all data protection requirements. Your data is stored in a certified data centre under the highest security standards.<\/p>\n\r\n\t\t<\/div>\r\n\t<\/div>\r\n<\/div><\/div><\/div><div data-vc-full-width=\"true\" data-vc-full-width-temp=\"true\" data-vc-full-width-init=\"false\" data-vc-stretch-content=\"true\" class=\"vc_row wpb_row row top-row vc_custom_1748333057582 vc_row-no-padding wpb_custom_034b39d9bc6c6b310d69e39f0ccf274f\"><div class=\"vc_column_container col-md-6\"><div class=\"wpb_wrapper vc_column-inner\"><div class=\"porto-just-icon-wrapper porto-icon none porto-icon-pos-center  vc_custom_1754916720291\" style=\"color:#085387;font-size:50px;\"><i class=\"porto-icon-wrench\"><\/i><\/div><h2 style=\"font-size: 18.9px;color: #212529;line-height: 1.3;text-align: center;font-weight:700;letter-spacing:-0.945px\" class=\"vc_custom_heading vc_do_custom_heading px-3 my-2 text-center noHeadinghover wpb_custom_aa365bd5046e8294520b4e73732b9d15\" >defect reporter<\/h2><p style=\"line-height: 26px;text-align: center\" class=\"vc_custom_heading vc_do_custom_heading text-center vc_custom_1754916999160 wpb_custom_aa365bd5046e8294520b4e73732b9d15\" >With our digital fault reporting system, concerns, problems or suggestions for improvement can be reported easily online.<\/p><\/div><\/div><div class=\"vc_column_container col-md-6 vc_custom_1748330895225\"><div class=\"wpb_wrapper vc_column-inner\"><div class=\"porto-just-icon-wrapper porto-icon none porto-icon-pos-center  vc_custom_1754916862144\" style=\"color:#085387;font-size:50px;\"><i class=\"porto-icon-calendar\"><\/i><\/div><h2 style=\"font-size: 18.9px;color: #212529;line-height: 1.3;text-align: center;font-weight:700;letter-spacing:-0.945px\" class=\"vc_custom_heading vc_do_custom_heading px-3 my-2 text-center noHeadinghover wpb_custom_aa365bd5046e8294520b4e73732b9d15\" >Kalender<\/h2><p style=\"line-height: 26px;text-align: center\" class=\"vc_custom_heading vc_do_custom_heading text-center vc_custom_1748334101610 wpb_custom_aa365bd5046e8294520b4e73732b9d15\" >Centralised management of employees, working hours, absences and scheduling conflicts can be individually edited and graphically adapted<\/p><\/div><\/div><\/div><div class=\"vc_row-full-width vc_clearfix\"><\/div><div data-vc-full-width=\"true\" data-vc-full-width-temp=\"true\" data-vc-full-width-init=\"false\" data-vc-stretch-content=\"true\" class=\"vc_row wpb_row row top-row vc_custom_1748333057582 vc_row-no-padding wpb_custom_034b39d9bc6c6b310d69e39f0ccf274f\"><div class=\"vc_column_container col-md-6 vc_custom_1754916927821\"><div class=\"wpb_wrapper vc_column-inner\"><div class=\"porto-just-icon-wrapper porto-icon none porto-icon-pos-center  vc_custom_1748333619925\" style=\"color:#085387;font-size:50px;\"><i class=\"porto-icon-spin5\"><\/i><\/div><h2 style=\"font-size: 18.9px;color: #212529;line-height: 1.3;text-align: center;font-weight:700;letter-spacing:-0.945px\" class=\"vc_custom_heading vc_do_custom_heading px-3 my-2 text-center noHeadinghover wpb_custom_aa365bd5046e8294520b4e73732b9d15\" >Mobile data acquisition<\/h2><p style=\"line-height: 26px;text-align: center\" class=\"vc_custom_heading vc_do_custom_heading text-center vc_custom_1748334088150 wpb_custom_aa365bd5046e8294520b4e73732b9d15\" >Data can be recorded whilst on the road. This allows you to work flexibly and efficiently, regardless of where you are<\/p><\/div><\/div><div class=\"vc_column_container col-md-6\"><div class=\"wpb_wrapper vc_column-inner\"><div class=\"porto-just-icon-wrapper porto-icon none porto-icon-pos-center  vc_custom_1748333612211\" style=\"color:#085387;font-size:50px;\"><i class=\"porto-icon-user\"><\/i><\/div><h2 style=\"font-size: 18.9px;color: #212529;line-height: 1.3;text-align: center;font-weight:700;letter-spacing:-0.945px\" class=\"vc_custom_heading vc_do_custom_heading px-3 my-2 text-center noHeadinghover wpb_custom_aa365bd5046e8294520b4e73732b9d15\" >Customer configuration<\/h2><p style=\"line-height: 26px;text-align: center\" class=\"vc_custom_heading vc_do_custom_heading text-center vc_custom_1748333769550 wpb_custom_aa365bd5046e8294520b4e73732b9d15\" >Manage your customer data directly in mona to always add the most up-to- date contact person to your order<\/p><\/div><\/div><\/div><div class=\"vc_row-full-width vc_clearfix\"><\/div><div data-vc-full-width=\"true\" data-vc-full-width-temp=\"true\" data-vc-full-width-init=\"false\" data-vc-stretch-content=\"true\" class=\"vc_row wpb_row row top-row vc_custom_1748333057582 vc_row-no-padding wpb_custom_034b39d9bc6c6b310d69e39f0ccf274f\"><div class=\"vc_column_container col-md-6\"><div class=\"wpb_wrapper vc_column-inner\"><div class=\"porto-just-icon-wrapper porto-icon none porto-icon-pos-center  vc_custom_1748333603293\" style=\"color:#085387;font-size:50px;\"><i class=\"porto-icon-clock-1\"><\/i><\/div><h2 style=\"font-size: 18.9px;color: #212529;line-height: 1.3;text-align: center;font-weight:700;letter-spacing:-0.945px\" class=\"vc_custom_heading vc_do_custom_heading px-3 my-2 text-center noHeadinghover wpb_custom_aa365bd5046e8294520b4e73732b9d15\" >Notifications<\/h2><p style=\"line-height: 26px;text-align: center\" class=\"vc_custom_heading vc_do_custom_heading text-center vc_custom_1748333783520 wpb_custom_aa365bd5046e8294520b4e73732b9d15\" >Your customers receive automated reminders about upcoming appointments - make sure someone is always on site<\/p><\/div><\/div><div class=\"vc_column_container col-md-6 vc_custom_1748330895225\"><div class=\"wpb_wrapper vc_column-inner\"><div class=\"porto-just-icon-wrapper porto-icon none porto-icon-pos-center  vc_custom_1748333626234\" style=\"color:#085387;font-size:50px;\"><i class=\"porto-icon-users\"><\/i><\/div><h2 style=\"font-size: 18.9px;color: #212529;line-height: 1.3;text-align: center;font-weight:700;letter-spacing:-0.945px\" class=\"vc_custom_heading vc_do_custom_heading px-3 my-2 text-center noHeadinghover wpb_custom_aa365bd5046e8294520b4e73732b9d15\" >Employee administration<\/h2><p style=\"line-height: 26px;text-align: center\" class=\"vc_custom_heading vc_do_custom_heading text-center vc_custom_1754916838908 wpb_custom_aa365bd5046e8294520b4e73732b9d15\" >Verwalten Sie Mitarbeiterrechte je nach Position und Zust\u00e4ndigkeit. Wei\u00dfen sie Auftr\u00e4ge Mitarbeitern zu und behalten Sie den \u00dcberblick<\/p><\/div><\/div><\/div><div class=\"vc_row-full-width vc_clearfix\"><\/div><div data-vc-full-width=\"true\" data-vc-full-width-temp=\"true\" data-vc-full-width-init=\"false\" data-vc-stretch-content=\"true\" class=\"vc_row wpb_row row top-row vc_custom_1748333057582 vc_row-no-padding wpb_custom_034b39d9bc6c6b310d69e39f0ccf274f\"><div class=\"vc_column_container col-md-6 vc_custom_1748330895225\"><div class=\"wpb_wrapper vc_column-inner\"><div class=\"porto-just-icon-wrapper porto-icon none porto-icon-pos-center  vc_custom_1748333590785\" style=\"color:#085387;font-size:50px;\"><i class=\"porto-icon-comida-organica\"><\/i><\/div><h2 style=\"font-size: 18.9px;color: #212529;line-height: 1.3;text-align: center;font-weight:700;letter-spacing:-0.945px\" class=\"vc_custom_heading vc_do_custom_heading px-3 my-2 text-center noHeadinghover wpb_custom_aa365bd5046e8294520b4e73732b9d15\" >Resource management<\/h2><p style=\"line-height: 26px;text-align: center\" class=\"vc_custom_heading vc_do_custom_heading text-center vc_custom_1748333801783 wpb_custom_aa365bd5046e8294520b4e73732b9d15\" >Efficient planning, allocation and monitoring of available resources ensures maximum productivity and cost-effectiveness<\/p><\/div><\/div><div class=\"vc_column_container col-md-6\"><div class=\"wpb_wrapper vc_column-inner\"><div class=\"porto-just-icon-wrapper porto-icon none porto-icon-pos-center  vc_custom_1748333632357\" style=\"color:#085387;font-size:50px;\"><i class=\"porto-icon-compare\"><\/i><\/div><h2 style=\"font-size: 18.9px;color: #212529;line-height: 1.3;text-align: center;font-weight:700;letter-spacing:-0.945px\" class=\"vc_custom_heading vc_do_custom_heading px-3 my-2 text-center noHeadinghover wpb_custom_aa365bd5046e8294520b4e73732b9d15\" >Order management and reports<\/h2><p style=\"line-height: 26px;text-align: center\" class=\"vc_custom_heading vc_do_custom_heading text-center vc_custom_1748334112222 wpb_custom_aa365bd5046e8294520b4e73732b9d15\" >Record your orders digitally. With mona, you can not only manage and track all orders centrally, but also have reports on them sent to you automatically by e-mail at a specified time<\/p><\/div><\/div><\/div><div class=\"vc_row-full-width vc_clearfix\"><\/div><div class=\"vc_row wpb_row row top-row wpb_custom_034b39d9bc6c6b310d69e39f0ccf274f\"><div class=\"vc_column_container col-md-12\"><div class=\"wpb_wrapper vc_column-inner\">\n\t<div class=\"wpb_video_widget wpb_content_element vc_clearfix   vc_custom_1748335622404 vc_video-aspect-ratio-169 vc_video-el-width-60 vc_video-align-center\" >\n\t\t<div class=\"wpb_wrapper\">\n\t\t\t\n\t\t\t<div class=\"wpb_video_wrapper\"><iframe loading=\"lazy\" title=\"mona field force\" width=\"500\" height=\"281\" src=\"https:\/\/www.youtube.com\/embed\/f-iKrw6OdLY?feature=oembed\" frameborder=\"0\" allow=\"accelerometer; autoplay; clipboard-write; encrypted-media; gyroscope; picture-in-picture; web-share\" referrerpolicy=\"strict-origin-when-cross-origin\" allowfullscreen><\/iframe><\/div>\n\t\t<\/div>\n\t<\/div>\n<\/div><\/div><\/div><div class=\"vc_row wpb_row row top-row wpb_custom_034b39d9bc6c6b310d69e39f0ccf274f\"><div class=\"vc_column_container col-md-12\"><div class=\"wpb_wrapper vc_column-inner\">\r\n\t<div class=\"wpb_text_column wpb_content_element wpb_custom_7c91d232724f73626cc933bd95b25ff0\" >\r\n\t\t<div class=\"wpb_wrapper\">\r\n\t\t\t<p><a href=\"https:\/\/mona.ilogs.systems\/en\/tutorials\/\">Tutorials<\/a><\/p>\n<p><a href=\"https:\/\/ilogs.systems\/unternehmen\/\">About ILOGS<\/a><\/p>\n\r\n\t\t<\/div>\r\n\t<\/div>\r\n<\/div><\/div><\/div>\n<\/div>","protected":false},"excerpt":{"rendered":"&nbsp; &nbsp; &nbsp; Speziell f\u00fcr Dienstleistungsunternehmen entwickelt, erm\u00f6glicht mona die schnelle und \u00fcbersichtliche Planung Ihrer Eins\u00e4tze, die Verwaltung der Ressourcenverf\u00fcgbarkeit und die Priorisierung von Aufgaben. Mit unserer L\u00f6sung k\u00f6nnen Sie Ihre Mitarbeiter und Kapazit\u00e4ten einfach verwalten und sicherstellen, dass jeder zur richtigen Zeit am richtigen Ort ist. &nbsp; &nbsp; Ihre Daten werden nach den strengsten [...]","protected":false},"author":1,"featured_media":0,"parent":0,"menu_order":0,"comment_status":"closed","ping_status":"closed","template":"","meta":{"footnotes":""},"class_list":["post-1107","page","type-page","status-publish","hentry"],"aioseo_notices":[],"_links":{"self":[{"href":"https:\/\/mona.ilogs.systems\/en\/wp-json\/wp\/v2\/pages\/1107","targetHints":{"allow":["GET"]}}],"collection":[{"href":"https:\/\/mona.ilogs.systems\/en\/wp-json\/wp\/v2\/pages"}],"about":[{"href":"https:\/\/mona.ilogs.systems\/en\/wp-json\/wp\/v2\/types\/page"}],"author":[{"embeddable":true,"href":"https:\/\/mona.ilogs.systems\/en\/wp-json\/wp\/v2\/users\/1"}],"replies":[{"embeddable":true,"href":"https:\/\/mona.ilogs.systems\/en\/wp-json\/wp\/v2\/comments?post=1107"}],"version-history":[{"count":32,"href":"https:\/\/mona.ilogs.systems\/en\/wp-json\/wp\/v2\/pages\/1107\/revisions"}],"predecessor-version":[{"id":2401,"href":"https:\/\/mona.ilogs.systems\/en\/wp-json\/wp\/v2\/pages\/1107\/revisions\/2401"}],"wp:attachment":[{"href":"https:\/\/mona.ilogs.systems\/en\/wp-json\/wp\/v2\/media?parent=1107"}],"curies":[{"name":"wp","href":"https:\/\/api.w.org\/{rel}","templated":true}]}}