{"id":645,"date":"2023-10-19T15:58:11","date_gmt":"2023-10-19T13:58:11","guid":{"rendered":"https:\/\/mona.ilogs.systems\/?page_id=645"},"modified":"2026-02-04T08:54:33","modified_gmt":"2026-02-04T07:54:33","slug":"preise","status":"publish","type":"page","link":"https:\/\/mona.ilogs.systems\/ch\/preise\/","title":{"rendered":"Preise"},"content":{"rendered":"<div class=\"wpb-content-wrapper\"><div class=\"vc_row wpb_row row top-row wpb_custom_034b39d9bc6c6b310d69e39f0ccf274f\"><div class=\"vc_column_container col-md-12 text-center vc_custom_1770191666368\"><div class=\"wpb_wrapper vc_column-inner\"><h2 class=\"word-rotator push\" data-appear-animation=\"fadeInDown\" data-appear-animation-duration=\"1500\" style=\"line-height:1.5;text-align:center;\" data-plugin-options=\"{'waittime': 2500, 'pauseOnHover': false}\"><span class=\"word-rotate-prefix\" style=\"font-weight:1;\">Profitieren Sie jetzt -<\/span> <span class=\"word-rotator-items\" style=\"color:#085387;\"><b class=\"active\">SPECIAL OFFER<\/b><\/span> <span class=\"word-rotate-suffix\" style=\"font-weight:1;\">30% im ersten Jahr<\/span><\/h2><\/div><\/div><\/div><div class=\"vc_row wpb_row row top-row vc_custom_1707837203543 wpb_custom_034b39d9bc6c6b310d69e39f0ccf274f\"><div class=\"vc_column_container col-md-12 vc_custom_1707837542954\"><div class=\"wpb_wrapper vc_column-inner\"><div class=\"porto-u-heading  wpb_custom_95aa9a11c17ad45cfabaf210d84ee7cc porto-u-55ca8359258f9a412be7e73af65d2aac\" data-appear-animation=\"fadeInDown\"><div class=\"porto-u-sub-heading\" style=\"\">W\u00e4hlen Sie das zu Ihrem Unternehmen passende Modell und starten Sie in die Zukunft der Aufgabenverwaltung.<\/div><style>.porto-u-55ca8359258f9a412be7e73af65d2aac.porto-u-heading{text-align:center}<\/style><\/div><\/div><\/div><\/div><div class=\"porto-price-boxes pricing-table  pricing-table-sm pricing-table-classic\" data-appear-animation=\"fadeInDown\" data-appear-animation-duration=\"1500\"><div class=\"row\"><div class=\"col-lg-4 col-md-6\"><div class=\"porto-price-box plan  standard  wpb_custom_bc27761d4fc2ec258e3709cbf7cfc33e plan-dark plan-btn-bottom\"><h3><strong>COMMUNITY<\/strong><span class=\"plan-price\"><span class=\"price\">Kostenlos<\/span><\/span><\/h3><ul>\n<li>F\u00fcr bis zu 5 Mitarbeiter<\/li>\n<li><span class=\"Typography_root__V4jeS Typography_xs-2__mo1pD\">Zugang zum Vorlagenkatalog<\/span><\/li>\n<li><i class=\"Pricing_included__KDbPe\"><\/i><span class=\"Typography_root__V4jeS Typography_xs-2__mo1pD\">F\u00fcr bis zu 10 Auftr\u00e4ge<\/span><\/li>\n<li>Berichterstellung<i class=\"Pricing_included__KDbPe\"><\/i><\/li>\n<\/ul>\n<a href=\"https:\/\/mona.ilogs.systems\/app\/registration\/\" title=\"Standard\" target=\"_self\" class=\"btn btn-modern btn-borders btn-sm btn-dark btn-bottom\">Ausw\u00e4hlen<\/a><\/div><\/div><div class=\"col-lg-4 col-md-6\"><div class=\"porto-price-box plan  premium  wpb_custom_221cdfdff2601837f271bd33458d1203 most-popular plan-dark plan-btn-bottom\"><div class=\"plan-ribbon-wrapper\"><div class=\"plan-ribbon\">Favorit<\/div><\/div><h3><strong>PREMIUM<\/strong><span class=\"plan-price\"><span class=\"price\"><span class=\"price-unit\">\u20ac<\/span>15,00<\/span><label class=\"price-label\">Pro Mitarbeiter\/Pro Monat<\/label><\/span><\/h3><ul>\n<li>Unbegrenzte Anzahl an Mitarbeiter<\/li>\n<li>Standard Funktionalit\u00e4t<\/li>\n<li>Unlimitierte Anzahl an Auftr\u00e4gen<\/li>\n<li>Automatisiertes Teilen von Berichten<\/li>\n<li>Benachrichtigungen<\/li>\n<\/ul>\n<a href=\"https:\/\/mona.ilogs.systems\/app\/registration\/\" title=\"Premium\" target=\"_self\" class=\"btn btn-modern btn-borders btn-sm btn-dark btn-bottom\">Ausw\u00e4hlen<\/a><\/div><\/div><div class=\"col-lg-4 col-md-6\"><div class=\"porto-price-box plan  enterprise  wpb_custom_9296d894b209114ef041d3b96776b752 plan-dark plan-btn-bottom\"><h3><strong>ENTERPRISE<\/strong><span class=\"plan-price\"><span class=\"price\">auf Anfrage<\/span><\/span><\/h3><ul>\n<li>Premium Funktionalit\u00e4t<\/li>\n<li>Offlinef\u00e4higkeit<\/li>\n<li>Kundenspezifische Integrationen<\/li>\n<li>Premium Support<\/li>\n<\/ul>\n<a href=\"mailto:info@ilogs.systems?subject=Anfrage%20mona%20field%20force%20-%20Enterprise\" title=\"Enterprise\" target=\"_self\" class=\"btn btn-modern btn-borders btn-sm btn-dark btn-bottom\">Ausw\u00e4hlen<\/a><\/div><\/div><\/div><\/div><div class=\"vc_row wpb_row row top-row vc_custom_1751885743066 wpb_custom_034b39d9bc6c6b310d69e39f0ccf274f\"><div class=\"vc_column_container col-md-12\"><div class=\"wpb_wrapper vc_column-inner\">\r\n\t<div class=\"wpb_text_column wpb_content_element wpb_custom_7c91d232724f73626cc933bd95b25ff0\" >\r\n\t\t<div class=\"wpb_wrapper\">\r\n\t\t\t\n<table id=\"tablepress-1\" class=\"tablepress tablepress-id-1\">\n<thead>\n<tr class=\"row-1\">\n\t<td class=\"column-1\"><\/td><th class=\"column-2\">Demo<br \/>\n(14 Tage Kostenlos)<\/th><th class=\"column-3\">Community<br \/>\n(Kostenlos)<\/th><th class=\"column-4\">Premium <br \/>\n(15,00 Mitarbeiter\/Monat)<\/th><th class=\"column-5\">Enterprise <br \/>\n(auf Anfrage)<\/th>\n<\/tr>\n<\/thead>\n<tbody class=\"row-striping row-hover\">\n<tr class=\"row-2\">\n\t<td class=\"column-1\">Laufzeit<\/td><td class=\"column-2\">14 Tage<\/td><td class=\"column-3\">Kostenlos<\/td><td class=\"column-4\">monatlich k\u00fcndbar<\/td><td class=\"column-5\">monatlich k\u00fcndbar<\/td>\n<\/tr>\n<tr class=\"row-3\">\n\t<td class=\"column-1\">Mitarbeiteranzahl<\/td><td class=\"column-2\">unbegrenzt<\/td><td class=\"column-3\">bis zu 5<\/td><td class=\"column-4\">unbegrenzt<\/td><td class=\"column-5\">unbegrenzt<\/td>\n<\/tr>\n<tr class=\"row-4\">\n\t<td class=\"column-1\">Auftragsanzahl<\/td><td class=\"column-2\">unbegrenzt<\/td><td class=\"column-3\">bis zu 10<\/td><td class=\"column-4\">unbegrenzt<\/td><td class=\"column-5\">unbegrenzt<\/td>\n<\/tr>\n<tr class=\"row-5\">\n\t<td class=\"column-1\">Kalender- und Planungsansicht<\/td><td class=\"column-2\">\u2714<\/td><td class=\"column-3\">\u2714<\/td><td class=\"column-4\">\u2714<\/td><td class=\"column-5\">\u2714<\/td>\n<\/tr>\n<tr class=\"row-6\">\n\t<td class=\"column-1\">Berichterstellung<\/td><td class=\"column-2\">\u2714<\/td><td class=\"column-3\">\u2714<\/td><td class=\"column-4\">\u2714<\/td><td class=\"column-5\">\u2714<\/td>\n<\/tr>\n<tr class=\"row-7\">\n\t<td class=\"column-1\">Vorlagenkatalog<\/td><td class=\"column-2\">\u2714<\/td><td class=\"column-3\">\u2714<\/td><td class=\"column-4\">\u2714<\/td><td class=\"column-5\">\u2714<\/td>\n<\/tr>\n<tr class=\"row-8\">\n\t<td class=\"column-1\">Foto-, Zeit-, Unterschriftenerfassung<\/td><td class=\"column-2\">\u2714<\/td><td class=\"column-3\">\u2714<\/td><td class=\"column-4\">\u2714<\/td><td class=\"column-5\">\u2714<\/td>\n<\/tr>\n<tr class=\"row-9\">\n\t<td class=\"column-1\">Geotagging<\/td><td class=\"column-2\"><\/td><td class=\"column-3\"><\/td><td class=\"column-4\">\u2714<\/td><td class=\"column-5\">\u2714<\/td>\n<\/tr>\n<tr class=\"row-10\">\n\t<td class=\"column-1\">Offlinef\u00e4hig<\/td><td class=\"column-2\"><\/td><td class=\"column-3\"><\/td><td class=\"column-4\"><\/td><td class=\"column-5\">\u2714<\/td>\n<\/tr>\n<tr class=\"row-11\">\n\t<td class=\"column-1\">Benutzerrollen &amp; Rechteverwaltung<\/td><td class=\"column-2\">\u2714<\/td><td class=\"column-3\">\u2714<\/td><td class=\"column-4\">\u2714<\/td><td class=\"column-5\">\u2714<\/td>\n<\/tr>\n<tr class=\"row-12\">\n\t<td class=\"column-1\">Mitarbeiterkonfiguration<\/td><td class=\"column-2\">\u2714<\/td><td class=\"column-3\">\u2714<\/td><td class=\"column-4\">\u2714<\/td><td class=\"column-5\">\u2714<\/td>\n<\/tr>\n<tr class=\"row-13\">\n\t<td class=\"column-1\">Individuelle Kundenintegration<\/td><td class=\"column-2\"><\/td><td class=\"column-3\"><\/td><td class=\"column-4\"><\/td><td class=\"column-5\">\u2714<\/td>\n<\/tr>\n<tr class=\"row-14\">\n\t<td class=\"column-1\">Automatisierte Benachrichtigungen<\/td><td class=\"column-2\"><\/td><td class=\"column-3\"><\/td><td class=\"column-4\">\u2714<\/td><td class=\"column-5\">\u2714<\/td>\n<\/tr>\n<tr class=\"row-15\">\n\t<td class=\"column-1\">DSGVO &amp; ISO 27001\/27701<\/td><td class=\"column-2\">\u2714<\/td><td class=\"column-3\">\u2714<\/td><td class=\"column-4\">\u2714<\/td><td class=\"column-5\">\u2714<\/td>\n<\/tr>\n<\/tbody>\n<\/table>\n<!-- #tablepress-1 from cache -->\n\r\n\t\t<\/div>\r\n\t<\/div>\r\n<\/div><\/div><\/div>\n<\/div>","protected":false},"excerpt":{"rendered":"Profitieren Sie jetzt - SPECIAL OFFER 30% im ersten JahrW\u00e4hlen Sie das zu Ihrem Unternehmen passende Modell und starten Sie in die Zukunft der Aufgabenverwaltung.COMMUNITYKostenlos F\u00fcr bis zu 5 Mitarbeiter Zugang zum Vorlagenkatalog F\u00fcr bis zu 10 Auftr\u00e4ge Berichterstellung Ausw\u00e4hlenFavoritPREMIUM\u20ac15,00Pro Mitarbeiter\/Pro Monat Unbegrenzte Anzahl an Mitarbeiter Standard Funktionalit\u00e4t Unlimitierte Anzahl an Auftr\u00e4gen Automatisiertes Teilen von [...]","protected":false},"author":1,"featured_media":0,"parent":0,"menu_order":0,"comment_status":"closed","ping_status":"closed","template":"","meta":{"footnotes":""},"class_list":["post-645","page","type-page","status-publish","hentry"],"aioseo_notices":[],"_links":{"self":[{"href":"https:\/\/mona.ilogs.systems\/ch\/wp-json\/wp\/v2\/pages\/645","targetHints":{"allow":["GET"]}}],"collection":[{"href":"https:\/\/mona.ilogs.systems\/ch\/wp-json\/wp\/v2\/pages"}],"about":[{"href":"https:\/\/mona.ilogs.systems\/ch\/wp-json\/wp\/v2\/types\/page"}],"author":[{"embeddable":true,"href":"https:\/\/mona.ilogs.systems\/ch\/wp-json\/wp\/v2\/users\/1"}],"replies":[{"embeddable":true,"href":"https:\/\/mona.ilogs.systems\/ch\/wp-json\/wp\/v2\/comments?post=645"}],"version-history":[{"count":55,"href":"https:\/\/mona.ilogs.systems\/ch\/wp-json\/wp\/v2\/pages\/645\/revisions"}],"predecessor-version":[{"id":2786,"href":"https:\/\/mona.ilogs.systems\/ch\/wp-json\/wp\/v2\/pages\/645\/revisions\/2786"}],"wp:attachment":[{"href":"https:\/\/mona.ilogs.systems\/ch\/wp-json\/wp\/v2\/media?parent=645"}],"curies":[{"name":"wp","href":"https:\/\/api.w.org\/{rel}","templated":true}]}}