{"id":2715,"date":"2026-02-02T13:25:46","date_gmt":"2026-02-02T12:25:46","guid":{"rendered":"https:\/\/mona.ilogs.systems\/?page_id=2715"},"modified":"2026-02-02T14:55:41","modified_gmt":"2026-02-02T13:55:41","slug":"security-dienste","status":"publish","type":"page","link":"https:\/\/mona.ilogs.systems\/ch\/security-dienste\/","title":{"rendered":"Security Dienste"},"content":{"rendered":"<div class=\"wpb-content-wrapper\"><div data-vc-full-width=\"true\" data-vc-full-width-temp=\"true\" data-vc-full-width-init=\"false\" data-vc-stretch-content=\"true\" class=\"vc_row wpb_row row top-row vc_custom_1770039720462 porto_stretch_css stretch_row_content_no_spaces_css vc_row-no-padding wpb_custom_034b39d9bc6c6b310d69e39f0ccf274f\"><div class=\"vc_column_container col-md-6\"><div class=\"wpb_wrapper vc_column-inner\">\r\n\t<div class=\"wpb_single_image wpb_content_element vc_align_center wpb_content_element  wpb_custom_81a4f7ef9830bf958462581aa01150fb\"><div class=\"wpb_wrapper\">\r\n\t\t\t\r\n\t\t\t<div class=\"vc_single_image-wrapper   vc_box_border_grey\"><img decoding=\"async\" width=\"561\" height=\"595\" src=\"https:\/\/mona.ilogs.systems\/wp-content\/uploads\/2026\/02\/Bildschirmfoto-2026-02-03-um-08.34.24.png\" class=\"vc_single_image-img attachment-large\" alt=\"\" title=\"Bildschirmfoto 2026-02-03 um 08.34.24\" srcset=\"https:\/\/mona.ilogs.systems\/wp-content\/uploads\/2026\/02\/Bildschirmfoto-2026-02-03-um-08.34.24.png 561w, https:\/\/mona.ilogs.systems\/wp-content\/uploads\/2026\/02\/Bildschirmfoto-2026-02-03-um-08.34.24-400x424.png 400w, https:\/\/mona.ilogs.systems\/wp-content\/uploads\/2026\/02\/Bildschirmfoto-2026-02-03-um-08.34.24-367x389.png 367w\" sizes=\"(max-width: 561px) 100vw, 561px\" \/><\/div>\r\n\t\t<\/div>\r\n\t<\/div>\r\n<\/div><\/div><div class=\"vc_column_container col-md-6 vc_custom_1770103720165\"><div class=\"wpb_wrapper vc_column-inner\">\r\n\t<div class=\"wpb_text_column wpb_content_element vc_custom_1770104022343 wpb_custom_7c91d232724f73626cc933bd95b25ff0\" >\r\n\t\t<div class=\"wpb_wrapper\">\r\n\t\t\t<h1 class=\"cvGsUA direction-ltr align-start para-style-body\" style=\"text-align: left;\"><span class=\"a_GcMg font-feature-liga-off font-feature-clig-off font-feature-calt-off text-decoration-none text-strikethrough-none\">Alles im Blick, alles unter Kontrolle: Ihr Sicherheitsdienst ohne Zettelchaos<\/span><\/h1>\n\r\n\t\t<\/div>\r\n\t<\/div>\r\n\r\n\t<div class=\"wpb_text_column wpb_content_element wpb_custom_7c91d232724f73626cc933bd95b25ff0\" >\r\n\t\t<div class=\"wpb_wrapper\">\r\n\t\t\t<p class=\"cvGsUA direction-ltr align-start para-style-body\"><span class=\"a_GcMg font-feature-liga-off font-feature-clig-off font-feature-calt-off text-decoration-none text-strikethrough-none\">mona unterst\u00fctzt Sicherheitsunternehmen dabei, Schichten, Kontrollg\u00e4nge und Objektrunden \u00fcbersichtlich zu planen und l\u00fcckenlos zu dokumentieren.<\/span><\/p>\n<p class=\"cvGsUA direction-ltr align-start para-style-body\"><span class=\"a_GcMg font-feature-liga-off font-feature-clig-off font-feature-calt-off text-decoration-none text-strikethrough-none\">Durch digitale Protokolle mit Zeitstempel, Mitarbeiterzuordnung und Standortangabe erf\u00fcllen Sie einfach und zuverl\u00e4ssig Dokumentations\u2011 und Nachweispflichten gegen\u00fcber Ihren Kunden und Bewachungs- und Gewerbegesetzen.<\/span><\/p>\n<p class=\"cvGsUA direction-ltr align-start para-style-body\"><span class=\"a_GcMg font-feature-liga-off font-feature-clig-off font-feature-calt-off text-decoration-none text-strikethrough-none\">Ob Parkhaus, Einkaufszentrum oder Industrieareal: <\/span><\/p>\n<p class=\"cvGsUA direction-ltr align-start para-style-body\"><span class=\"a_GcMg font-feature-liga-off font-feature-clig-off font-feature-calt-off text-decoration-none text-strikethrough-none\">Digitale Planung und Protokollierung reduziert Ihren Verwaltungsaufwand und schafft klare Nachweise f\u00fcr Auftraggeber und Beh\u00f6rden.<\/span><\/p>\n\r\n\t\t<\/div>\r\n\t<\/div>\r\n<div class=\"vc_btn3-container vc_btn3-center vc_do_btn\" >\r\n\t<a class=\"vc_btn3 vc_btn3-shape-round wpb_custom_6687b26f39488ddbb85ddb3c1ce8e111 btn btn-xl btn-primary\" href=\"https:\/\/outlook.office.com\/book\/MonaSupport@ilogs.systems\/?ismsaljsauthenabled=true\" title=\"\">Kostenlose Erstberatung sichern<\/a>\t<\/div>\r\n<\/div><\/div><\/div><div class=\"vc_row-full-width vc_clearfix\"><\/div><div data-vc-full-width=\"true\" data-vc-full-width-temp=\"true\" data-vc-full-width-init=\"false\" data-vc-stretch-content=\"true\" class=\"vc_row wpb_row row top-row vc_custom_1770039843661 porto_stretch_css stretch_row_content_no_spaces_css vc_row-has-fill vc_row-no-padding wpb_custom_034b39d9bc6c6b310d69e39f0ccf274f\"><div class=\"vc_column_container col-md-6 vc_custom_1770104139272\"><div class=\"wpb_wrapper vc_column-inner\">\r\n\t<div class=\"wpb_text_column wpb_content_element wpb_custom_7c91d232724f73626cc933bd95b25ff0\" >\r\n\t\t<div class=\"wpb_wrapper\">\r\n\t\t\t<h1><span class=\"a_GcMg font-feature-liga-off font-feature-clig-off font-feature-calt-off text-decoration-none text-strikethrough-none\">Mitarbeiterplanung &amp; Nachweis auf Knopfdruck<\/span><\/h1>\n\r\n\t\t<\/div>\r\n\t<\/div>\r\n\r\n\t<div class=\"wpb_text_column wpb_content_element wpb_custom_7c91d232724f73626cc933bd95b25ff0\" >\r\n\t\t<div class=\"wpb_wrapper\">\r\n\t\t\t<p class=\"cvGsUA direction-ltr align-start para-style-body\"><span class=\"a_GcMg font-feature-liga-off font-feature-clig-off font-feature-calt-off text-decoration-none text-strikethrough-none\">Schluss mit dem Hin- und Herschicken von Dienstpl\u00e4nen. Mit mona haben Ihre Mitarbeiter alles am Handy und Sie die Best\u00e4tigung in Echtzeit.<\/span><\/p>\n<ul>\n<li><strong><span class=\"a_GcMg font-feature-liga-off font-feature-clig-off font-feature-calt-off text-decoration-none text-strikethrough-none\">Dienstplan direkt am Handy: <\/span><\/strong><span class=\"a_GcMg font-feature-liga-off font-feature-clig-off font-feature-calt-off text-decoration-none text-strikethrough-none\">Schichten unkompliziert zuteilen und sofort informieren.<\/span><\/li>\n<\/ul>\n<ul>\n<li><strong><span class=\"a_GcMg font-feature-liga-off font-feature-clig-off font-feature-calt-off text-decoration-none text-strikethrough-none\">Digitale Kontrollg\u00e4nge: <\/span><\/strong><span class=\"a_GcMg font-feature-liga-off font-feature-clig-off font-feature-calt-off text-decoration-none text-strikethrough-none\">Standorte, Fotos und Notizen werden direkt vor Ort erfasst.<\/span><\/li>\n<\/ul>\n<ul>\n<li><strong><span class=\"a_GcMg font-feature-liga-off font-feature-clig-off font-feature-calt-off text-decoration-none text-strikethrough-none\">Revisionssichere Ablage:<\/span><\/strong><span class=\"a_GcMg font-feature-liga-off font-feature-clig-off font-feature-calt-off text-decoration-none text-strikethrough-none\"> Alle Protokolle sind sofort gespeichert und bei einer Pr\u00fcfung immer griffbereit.<\/span><\/li>\n<\/ul>\n\r\n\t\t<\/div>\r\n\t<\/div>\r\n<div class=\"vc_btn3-container vc_btn3-center vc_do_btn\" >\r\n\t<a class=\"vc_btn3 vc_btn3-shape-round wpb_custom_6687b26f39488ddbb85ddb3c1ce8e111 btn btn-xl btn-primary\" href=\"https:\/\/mona.ilogs.systems\/app\/registration\/\" title=\"\">Jetzt kostenlos testen<\/a>\t<\/div>\r\n<\/div><\/div><div class=\"vc_column_container col-md-6 vc_custom_1770104164785\"><div class=\"wpb_wrapper vc_column-inner\">\r\n\t<div class=\"wpb_single_image wpb_content_element vc_align_center wpb_content_element  vc_custom_1770040366401 wpb_custom_81a4f7ef9830bf958462581aa01150fb\"><div class=\"wpb_wrapper\">\r\n\t\t\t\r\n\t\t\t<div class=\"vc_single_image-wrapper   vc_box_border_grey\"><img decoding=\"async\" width=\"610\" height=\"409\" src=\"https:\/\/mona.ilogs.systems\/wp-content\/uploads\/2026\/02\/Titel-removebg-preview.png\" class=\"vc_single_image-img attachment-large\" alt=\"\" title=\"Titel-removebg-preview\" srcset=\"https:\/\/mona.ilogs.systems\/wp-content\/uploads\/2026\/02\/Titel-removebg-preview.png 610w, https:\/\/mona.ilogs.systems\/wp-content\/uploads\/2026\/02\/Titel-removebg-preview-400x268.png 400w, https:\/\/mona.ilogs.systems\/wp-content\/uploads\/2026\/02\/Titel-removebg-preview-367x246.png 367w, https:\/\/mona.ilogs.systems\/wp-content\/uploads\/2026\/02\/Titel-removebg-preview-600x402.png 600w\" sizes=\"(max-width: 610px) 100vw, 610px\" \/><\/div>\r\n\t\t<\/div>\r\n\t<\/div>\r\n<\/div><\/div><\/div><div class=\"vc_row-full-width vc_clearfix\"><\/div><div data-vc-full-width=\"true\" data-vc-full-width-temp=\"true\" data-vc-full-width-init=\"false\" data-vc-stretch-content=\"true\" class=\"vc_row wpb_row row top-row vc_custom_1770040404699 porto_stretch_css stretch_row_content_no_spaces_css vc_row-has-fill vc_row-no-padding wpb_custom_034b39d9bc6c6b310d69e39f0ccf274f\"><div class=\"vc_column_container col-md-6\"><div class=\"wpb_wrapper vc_column-inner\">\r\n\t<div class=\"wpb_single_image wpb_content_element vc_align_center wpb_content_element  wpb_custom_81a4f7ef9830bf958462581aa01150fb\"><div class=\"wpb_wrapper\">\r\n\t\t\t\r\n\t\t\t<div class=\"vc_single_image-wrapper   vc_box_border_grey\"><img decoding=\"async\" width=\"636\" height=\"534\" src=\"https:\/\/mona.ilogs.systems\/wp-content\/uploads\/2026\/02\/Bildschirmfoto-2026-02-03-um-09.39.55.png\" class=\"vc_single_image-img attachment-large\" alt=\"\" title=\"Bildschirmfoto 2026-02-03 um 09.39.55\" srcset=\"https:\/\/mona.ilogs.systems\/wp-content\/uploads\/2026\/02\/Bildschirmfoto-2026-02-03-um-09.39.55.png 636w, https:\/\/mona.ilogs.systems\/wp-content\/uploads\/2026\/02\/Bildschirmfoto-2026-02-03-um-09.39.55-400x336.png 400w, https:\/\/mona.ilogs.systems\/wp-content\/uploads\/2026\/02\/Bildschirmfoto-2026-02-03-um-09.39.55-367x308.png 367w, https:\/\/mona.ilogs.systems\/wp-content\/uploads\/2026\/02\/Bildschirmfoto-2026-02-03-um-09.39.55-600x504.png 600w\" sizes=\"(max-width: 636px) 100vw, 636px\" \/><\/div>\r\n\t\t<\/div>\r\n\t<\/div>\r\n<\/div><\/div><div class=\"vc_column_container col-md-6 vc_custom_1770104198455\"><div class=\"wpb_wrapper vc_column-inner\">\r\n\t<div class=\"wpb_text_column wpb_content_element vc_custom_1770108084542 wpb_custom_7c91d232724f73626cc933bd95b25ff0\" >\r\n\t\t<div class=\"wpb_wrapper\">\r\n\t\t\t<h1><span class=\"a_GcMg font-feature-liga-off font-feature-clig-off font-feature-calt-off text-decoration-none text-strikethrough-none\">Eine L\u00f6sung f\u00fcr jedes Objekt<\/span><\/h1>\n\r\n\t\t<\/div>\r\n\t<\/div>\r\n\r\n\t<div class=\"wpb_text_column wpb_content_element wpb_custom_7c91d232724f73626cc933bd95b25ff0\" >\r\n\t\t<div class=\"wpb_wrapper\">\r\n\t\t\t<p class=\"cvGsUA direction-ltr align-start para-style-body\"><span class=\"a_GcMg font-feature-liga-off font-feature-clig-off font-feature-calt-off text-decoration-none text-strikethrough-none\">Ob Baustellenbewachung oder Revierdienst &#8211; mona passt sich Ihren Anforderungen an.<\/span><\/p>\n<ul>\n<li><strong><span class=\"a_GcMg font-feature-liga-off font-feature-clig-off font-feature-calt-off text-decoration-none text-strikethrough-none\">Objekt- &amp; Werkschutz: <\/span><\/strong><span class=\"a_GcMg font-feature-liga-off font-feature-clig-off font-feature-calt-off text-decoration-none text-strikethrough-none\">L\u00fcckenlose Rundeng\u00e4nge mit digitalem Wachbuch.<\/span><\/li>\n<\/ul>\n<ul>\n<li><strong><span class=\"a_GcMg font-feature-liga-off font-feature-clig-off font-feature-calt-off text-decoration-none text-strikethrough-none\">Veranstaltungsschutz:<\/span><\/strong><span class=\"a_GcMg font-feature-liga-off font-feature-clig-off font-feature-calt-off text-decoration-none text-strikethrough-none\"> Schnelle Koordination gro\u00dfer Teams per App.<\/span><\/li>\n<\/ul>\n<ul>\n<li><strong><span class=\"a_GcMg font-feature-liga-off font-feature-clig-off font-feature-calt-off text-decoration-none text-strikethrough-none\">Parkraum &amp; Revier: <\/span><\/strong><span class=\"a_GcMg font-feature-liga-off font-feature-clig-off font-feature-calt-off text-decoration-none text-strikethrough-none\">Effiziente Protokollierung von Vorf\u00e4llen und Kontrollg\u00e4ngen.<\/span><\/li>\n<\/ul>\n<p class=\"cvGsUA direction-ltr align-start para-style-body\"><span class=\"a_GcMg font-feature-liga-off font-feature-clig-off font-feature-calt-off text-decoration-none text-strikethrough-none\">Jeder Einsatz wird mit klaren Aufgaben und Verantwortlichkeiten geplant &#8211; inklusive revisionssicherem Leistungsnachweis f\u00fcr Beh\u00f6rden und Auftraggeber.<\/span><\/p>\n\r\n\t\t<\/div>\r\n\t<\/div>\r\n<div class=\"vc_btn3-container vc_btn3-center vc_do_btn\" >\r\n\t<a class=\"vc_btn3 vc_btn3-shape-round wpb_custom_6687b26f39488ddbb85ddb3c1ce8e111 btn btn-xl btn-primary\" href=\"https:\/\/outlook.office.com\/book\/MonaSupport@ilogs.systems\/?ismsaljsauthenabled=true\" title=\"\">Kostenlose Beratung vereinbaren<\/a>\t<\/div>\r\n<\/div><\/div><\/div><div class=\"vc_row-full-width vc_clearfix\"><\/div><div data-vc-full-width=\"true\" data-vc-full-width-temp=\"true\" data-vc-full-width-init=\"false\" data-vc-stretch-content=\"true\" class=\"vc_row wpb_row row top-row porto_stretch_css stretch_row_content_no_spaces_css vc_row-no-padding wpb_custom_034b39d9bc6c6b310d69e39f0ccf274f\"><div class=\"vc_column_container col-md-6 vc_custom_1770106688502\"><div class=\"wpb_wrapper vc_column-inner\">\r\n\t<div class=\"wpb_text_column wpb_content_element vc_custom_1770106708107 wpb_custom_7c91d232724f73626cc933bd95b25ff0\" >\r\n\t\t<div class=\"wpb_wrapper\">\r\n\t\t\t<h1><span class=\"a_GcMg font-feature-liga-off font-feature-clig-off font-feature-calt-off text-decoration-none text-strikethrough-none\">Vorlagen zum Importieren<\/span><\/h1>\n\r\n\t\t<\/div>\r\n\t<\/div>\r\n\r\n\t<div class=\"wpb_text_column wpb_content_element vc_custom_1770106718844 wpb_custom_7c91d232724f73626cc933bd95b25ff0\" >\r\n\t\t<div class=\"wpb_wrapper\">\r\n\t\t\t<p class=\"cvGsUA direction-ltr align-start para-style-body\"><span class=\"a_GcMg font-feature-liga-off font-feature-clig-off font-feature-calt-off text-decoration-none text-strikethrough-none\">Mit dem Vorlagenkatalog k\u00f6nnen Sie sofort durchstarten!<\/span><\/p>\n<p class=\"cvGsUA direction-ltr align-start para-style-body\"><span class=\"a_GcMg font-feature-liga-off font-feature-clig-off font-feature-calt-off text-decoration-none text-strikethrough-none\">W\u00e4hlen Sie aus einer Vielzahl branchenspezifischer Vorlagen, importieren Sie diese mit nur einem Klick und passen Sie diese individuell an Ihre Anforderungen an.<\/span><\/p>\n<p class=\"cvGsUA direction-ltr align-start para-style-body\"><strong><span class=\"a_GcMg font-feature-liga-off font-feature-clig-off font-feature-calt-off text-decoration-none text-strikethrough-none\">Diese Vorlage kann f\u00fcr Ihr Unternehmen angepasst werden!<\/span><\/strong><\/p>\n\r\n\t\t<\/div>\r\n\t<\/div>\r\n<div class=\"vc_btn3-container vc_btn3-center vc_custom_1770107502104 vc_do_btn\" >\r\n\t<a class=\"vc_btn3 vc_btn3-shape-round wpb_custom_6687b26f39488ddbb85ddb3c1ce8e111 btn btn-xl btn-primary\" href=\"https:\/\/mona.ilogs.systems\/app\/catalog\/\" title=\"\">Zum Katalog<\/a>\t<\/div>\r\n\r\n\t<div class=\"wpb_single_image wpb_content_element vc_align_center wpb_content_element  wpb_custom_81a4f7ef9830bf958462581aa01150fb\"><div class=\"wpb_wrapper\">\r\n\t\t\t\r\n\t\t\t<div class=\"vc_single_image-wrapper   vc_box_border_grey\"><img decoding=\"async\" width=\"540\" height=\"788\" src=\"https:\/\/mona.ilogs.systems\/wp-content\/uploads\/2026\/02\/Bildschirmfoto-2026-02-03-um-12.27.12.png\" class=\"vc_single_image-img attachment-large\" alt=\"\" title=\"Bildschirmfoto 2026-02-03 um 12.27.12\" srcset=\"https:\/\/mona.ilogs.systems\/wp-content\/uploads\/2026\/02\/Bildschirmfoto-2026-02-03-um-12.27.12.png 540w, https:\/\/mona.ilogs.systems\/wp-content\/uploads\/2026\/02\/Bildschirmfoto-2026-02-03-um-12.27.12-400x584.png 400w, https:\/\/mona.ilogs.systems\/wp-content\/uploads\/2026\/02\/Bildschirmfoto-2026-02-03-um-12.27.12-367x536.png 367w\" sizes=\"(max-width: 540px) 100vw, 540px\" \/><\/div>\r\n\t\t<\/div>\r\n\t<\/div>\r\n<\/div><\/div><div data-original=\"https:\/\/mona.ilogs.systems\/wp-content\/uploads\/2026\/02\/Bildschirmfoto-2026-02-03-um-08.39.25.png?id=2760\" class=\"vc_column_container col-md-6 d-none d-md-block vc_custom_1770106389635 porto-lazyload\"><div class=\"wpb_wrapper vc_column-inner\"><\/div><\/div><\/div><div class=\"vc_row-full-width vc_clearfix\"><\/div><div class=\"vc_row wpb_row row top-row vc_custom_1770040024208 wpb_custom_034b39d9bc6c6b310d69e39f0ccf274f\"><div class=\"vc_column_container col-md-12\"><div class=\"wpb_wrapper vc_column-inner\">\r\n\t<div class=\"wpb_text_column wpb_content_element wpb_custom_7c91d232724f73626cc933bd95b25ff0\" >\r\n\t\t<div class=\"wpb_wrapper\">\r\n\t\t\t<h1 style=\"text-align: center;\">Ihre Vorteile<\/h1>\n\r\n\t\t<\/div>\r\n\t<\/div>\r\n<\/div><\/div><\/div><div data-vc-full-width=\"true\" data-vc-full-width-temp=\"true\" data-vc-full-width-init=\"false\" data-vc-stretch-content=\"true\" class=\"vc_row wpb_row row top-row porto_stretch_css stretch_row_content_no_spaces_css vc_row-no-padding wpb_custom_034b39d9bc6c6b310d69e39f0ccf274f\"><div class=\"vc_column_container col-md-3\"><div class=\"wpb_wrapper vc_column-inner\">\r\n\t<div class=\"wpb_single_image wpb_content_element vc_align_center wpb_content_element  wpb_custom_81a4f7ef9830bf958462581aa01150fb\"><div class=\"wpb_wrapper\">\r\n\t\t\t\r\n\t\t\t<div class=\"vc_single_image-wrapper   vc_box_border_grey\"><img decoding=\"async\" width=\"354\" height=\"242\" src=\"https:\/\/mona.ilogs.systems\/wp-content\/uploads\/2026\/02\/Bildschirmfoto-2026-02-03-um-12.25.30.png\" class=\"vc_single_image-img attachment-large\" alt=\"\" title=\"Bildschirmfoto 2026-02-03 um 12.25.30\" \/><\/div>\r\n\t\t<\/div>\r\n\t<\/div>\r\n\r\n\t<div class=\"wpb_text_column wpb_content_element vc_custom_1770108139222 wpb_custom_7c91d232724f73626cc933bd95b25ff0\" >\r\n\t\t<div class=\"wpb_wrapper\">\r\n\t\t\t<p style=\"text-align: center;\"><strong><span class=\"a_GcMg font-feature-liga-off font-feature-clig-off font-feature-calt-off text-decoration-none text-strikethrough-none\">70% weniger Koordinationsaufwand in der Einsatzplanung<\/span><\/strong><\/p>\n\r\n\t\t<\/div>\r\n\t<\/div>\r\n\r\n\t<div class=\"wpb_text_column wpb_content_element vc_custom_1770106591464 wpb_custom_7c91d232724f73626cc933bd95b25ff0\" >\r\n\t\t<div class=\"wpb_wrapper\">\r\n\t\t\t<p class=\"cvGsUA direction-ltr align-center para-style-body\" style=\"text-align: center;\"><span class=\"a_GcMg font-feature-liga-off font-feature-clig-off font-feature-calt-off text-decoration-none text-strikethrough-none\">Dank digitaler Einsatzplanung sind Verf\u00fcgbarkeiten und Arbeitszeiten transparent ersichtlich.<\/span><\/p>\n<p class=\"cvGsUA direction-ltr align-center para-style-body\" style=\"text-align: center;\"><span class=\"a_GcMg font-feature-liga-off font-feature-clig-off font-feature-calt-off text-decoration-none text-strikethrough-none\">Doppelte Planung, R\u00fcckfragen oder Missverst\u00e4ndnisse geh\u00f6ren der Vergangenheit an.<\/span><\/p>\n\r\n\t\t<\/div>\r\n\t<\/div>\r\n<\/div><\/div><div class=\"vc_column_container col-md-3\"><div class=\"wpb_wrapper vc_column-inner\">\r\n\t<div class=\"wpb_single_image wpb_content_element vc_align_center wpb_content_element  wpb_custom_81a4f7ef9830bf958462581aa01150fb\"><div class=\"wpb_wrapper\">\r\n\t\t\t\r\n\t\t\t<div class=\"vc_single_image-wrapper   vc_box_border_grey\"><img decoding=\"async\" width=\"354\" height=\"242\" src=\"https:\/\/mona.ilogs.systems\/wp-content\/uploads\/2026\/02\/Bildschirmfoto-2026-02-03-um-12.25.49.png\" class=\"vc_single_image-img attachment-large\" alt=\"\" title=\"Bildschirmfoto 2026-02-03 um 12.25.49\" \/><\/div>\r\n\t\t<\/div>\r\n\t<\/div>\r\n\r\n\t<div class=\"wpb_text_column wpb_content_element vc_custom_1770106598381 wpb_custom_7c91d232724f73626cc933bd95b25ff0\" >\r\n\t\t<div class=\"wpb_wrapper\">\r\n\t\t\t<p style=\"text-align: center;\"><strong><span class=\"a_GcMg font-feature-liga-off font-feature-clig-off font-feature-calt-off text-decoration-none text-strikethrough-none\">Rechtliche Sicherheit &amp; Audit F\u00e4higkeit bei Auftr\u00e4gen<\/span><\/strong><\/p>\n\r\n\t\t<\/div>\r\n\t<\/div>\r\n\r\n\t<div class=\"wpb_text_column wpb_content_element vc_custom_1770106603632 wpb_custom_7c91d232724f73626cc933bd95b25ff0\" >\r\n\t\t<div class=\"wpb_wrapper\">\r\n\t\t\t<p style=\"text-align: center;\"><span class=\"a_GcMg font-feature-liga-off font-feature-clig-off font-feature-calt-off text-decoration-none text-strikethrough-none\">Durch die Implementierung der Managementsysteme ISO 27001 und ISO 27701 werden s\u00e4mtliche datenschutzrechtlichen Anforderungen erf\u00fcllt. Alle Nachweise sind revisionssicher und jederzeit abrufbar.<\/span><\/p>\n\r\n\t\t<\/div>\r\n\t<\/div>\r\n<\/div><\/div><div class=\"vc_column_container col-md-3\"><div class=\"wpb_wrapper vc_column-inner\">\r\n\t<div class=\"wpb_single_image wpb_content_element vc_align_center wpb_content_element  wpb_custom_81a4f7ef9830bf958462581aa01150fb\"><div class=\"wpb_wrapper\">\r\n\t\t\t\r\n\t\t\t<div class=\"vc_single_image-wrapper   vc_box_border_grey\"><img decoding=\"async\" width=\"354\" height=\"242\" src=\"https:\/\/mona.ilogs.systems\/wp-content\/uploads\/2026\/02\/Bildschirmfoto-2026-02-03-um-12.26.16.png\" class=\"vc_single_image-img attachment-large\" alt=\"\" title=\"Bildschirmfoto 2026-02-03 um 12.26.16\" \/><\/div>\r\n\t\t<\/div>\r\n\t<\/div>\r\n\r\n\t<div class=\"wpb_text_column wpb_content_element vc_custom_1770106610024 wpb_custom_7c91d232724f73626cc933bd95b25ff0\" >\r\n\t\t<div class=\"wpb_wrapper\">\r\n\t\t\t<p style=\"text-align: center;\"><strong><span class=\"a_GcMg font-feature-liga-off font-feature-clig-off font-feature-calt-off text-decoration-none text-strikethrough-none\">Weniger R\u00fcckfragen &amp; Missverst\u00e4ndnisse &#8211; dank Standardisierung<\/span><\/strong><\/p>\n\r\n\t\t<\/div>\r\n\t<\/div>\r\n\r\n\t<div class=\"wpb_text_column wpb_content_element vc_custom_1770106645226 wpb_custom_7c91d232724f73626cc933bd95b25ff0\" >\r\n\t\t<div class=\"wpb_wrapper\">\r\n\t\t\t<p style=\"text-align: center;\"><span class=\"a_GcMg font-feature-liga-off font-feature-clig-off font-feature-calt-off text-decoration-none text-strikethrough-none\">Standardisierte Formulare mit Pflichtfeldern, strukturierte Eingabemasken und klare Vorgaben sorgen f\u00fcr vollst\u00e4ndige und konsistente Informationen. Zus\u00e4tzlich k\u00f6nnen automatisch generierte Berichte und Terminerinnerungen zu definierten Zeitpunkten direkt an Ihre Kunden versendet werden.<\/span><\/p>\n\r\n\t\t<\/div>\r\n\t<\/div>\r\n<\/div><\/div><div class=\"vc_column_container col-md-3\"><div class=\"wpb_wrapper vc_column-inner\">\r\n\t<div class=\"wpb_single_image wpb_content_element vc_align_center wpb_content_element  wpb_custom_81a4f7ef9830bf958462581aa01150fb\"><div class=\"wpb_wrapper\">\r\n\t\t\t\r\n\t\t\t<div class=\"vc_single_image-wrapper   vc_box_border_grey\"><img decoding=\"async\" width=\"354\" height=\"242\" src=\"https:\/\/mona.ilogs.systems\/wp-content\/uploads\/2026\/02\/Bildschirmfoto-2026-02-03-um-12.26.29.png\" class=\"vc_single_image-img attachment-large\" alt=\"\" title=\"Bildschirmfoto 2026-02-03 um 12.26.29\" \/><\/div>\r\n\t\t<\/div>\r\n\t<\/div>\r\n\r\n\t<div class=\"wpb_text_column wpb_content_element vc_custom_1770106638083 wpb_custom_7c91d232724f73626cc933bd95b25ff0\" >\r\n\t\t<div class=\"wpb_wrapper\">\r\n\t\t\t<p style=\"text-align: center;\"><strong><span class=\"a_GcMg font-feature-liga-off font-feature-clig-off font-feature-calt-off text-decoration-none text-strikethrough-none\">Schnellere Abrechnungs- &amp; Bearbeitungsprozesse<\/span><\/strong><\/p>\n\r\n\t\t<\/div>\r\n\t<\/div>\r\n\r\n\t<div class=\"wpb_text_column wpb_content_element vc_custom_1770106628545 wpb_custom_7c91d232724f73626cc933bd95b25ff0\" >\r\n\t\t<div class=\"wpb_wrapper\">\r\n\t\t\t<p style=\"text-align: center;\"><span class=\"a_GcMg font-feature-liga-off font-feature-clig-off font-feature-calt-off text-decoration-none text-strikethrough-none\">Arbeitszeiten, erbrachte Leistungen und Abwesenheiten werden direkt vor Ort digital erfasst \u2013 strukturiert und einheitlich. Die erfassten Daten stehen in Echtzeit zur Verf\u00fcgung und lassen sich nahtlos in bestehende Abrechnungs- und Verwaltungssysteme integrieren.<\/span><\/p>\n\r\n\t\t<\/div>\r\n\t<\/div>\r\n<\/div><\/div><\/div><div class=\"vc_row-full-width vc_clearfix\"><\/div><div class=\"vc_row wpb_row row top-row wpb_custom_034b39d9bc6c6b310d69e39f0ccf274f\"><div class=\"vc_column_container col-md-12\"><div class=\"wpb_wrapper vc_column-inner\"><div class=\"vc_btn3-container vc_btn3-center vc_custom_1770107767821 vc_do_btn\" >\r\n\t<a class=\"vc_btn3 vc_btn3-shape-round wpb_custom_6687b26f39488ddbb85ddb3c1ce8e111 btn btn-xl btn-primary\" href=\"https:\/\/mona.ilogs.systems\/app\/registration\/\" title=\"\">mona kostenlos testen<\/a>\t<\/div>\r\n<\/div><\/div><\/div>\n<\/div>","protected":false},"excerpt":{"rendered":"Alles im Blick, alles unter Kontrolle: Ihr Sicherheitsdienst ohne Zettelchaos mona unterst\u00fctzt Sicherheitsunternehmen dabei, Schichten, Kontrollg\u00e4nge und Objektrunden \u00fcbersichtlich zu planen und l\u00fcckenlos zu dokumentieren. Durch digitale Protokolle mit Zeitstempel, Mitarbeiterzuordnung und Standortangabe erf\u00fcllen Sie einfach und zuverl\u00e4ssig Dokumentations\u2011 und Nachweispflichten gegen\u00fcber Ihren Kunden und Bewachungs- und Gewerbegesetzen. Ob Parkhaus, Einkaufszentrum oder Industrieareal: Digitale Planung [...]","protected":false},"author":1,"featured_media":0,"parent":0,"menu_order":0,"comment_status":"closed","ping_status":"closed","template":"","meta":{"footnotes":""},"class_list":["post-2715","page","type-page","status-publish","hentry"],"aioseo_notices":[],"_links":{"self":[{"href":"https:\/\/mona.ilogs.systems\/ch\/wp-json\/wp\/v2\/pages\/2715","targetHints":{"allow":["GET"]}}],"collection":[{"href":"https:\/\/mona.ilogs.systems\/ch\/wp-json\/wp\/v2\/pages"}],"about":[{"href":"https:\/\/mona.ilogs.systems\/ch\/wp-json\/wp\/v2\/types\/page"}],"author":[{"embeddable":true,"href":"https:\/\/mona.ilogs.systems\/ch\/wp-json\/wp\/v2\/users\/1"}],"replies":[{"embeddable":true,"href":"https:\/\/mona.ilogs.systems\/ch\/wp-json\/wp\/v2\/comments?post=2715"}],"version-history":[{"count":42,"href":"https:\/\/mona.ilogs.systems\/ch\/wp-json\/wp\/v2\/pages\/2715\/revisions"}],"predecessor-version":[{"id":2781,"href":"https:\/\/mona.ilogs.systems\/ch\/wp-json\/wp\/v2\/pages\/2715\/revisions\/2781"}],"wp:attachment":[{"href":"https:\/\/mona.ilogs.systems\/ch\/wp-json\/wp\/v2\/media?parent=2715"}],"curies":[{"name":"wp","href":"https:\/\/api.w.org\/{rel}","templated":true}]}}