{"id":2009,"date":"2025-06-23T14:26:25","date_gmt":"2025-06-23T12:26:25","guid":{"rendered":"https:\/\/mona.ilogs.systems\/?page_id=2009"},"modified":"2026-01-14T12:49:29","modified_gmt":"2026-01-14T11:49:29","slug":"facility-management","status":"publish","type":"page","link":"https:\/\/mona.ilogs.systems\/ch\/facility-management\/","title":{"rendered":"Facility Management"},"content":{"rendered":"<div class=\"wpb-content-wrapper\"><div data-vc-full-width=\"true\" data-vc-full-width-temp=\"true\" data-vc-full-width-init=\"false\" data-vc-stretch-content=\"true\" class=\"vc_row wpb_row row top-row vc_custom_1768390164102 porto_stretch_css stretch_row_content_no_spaces_css vc_row-no-padding wpb_custom_034b39d9bc6c6b310d69e39f0ccf274f\"><div class=\"vc_column_container col-md-6\"><div class=\"wpb_wrapper vc_column-inner\">\r\n\t<div class=\"wpb_single_image wpb_content_element vc_align_center wpb_content_element  wpb_custom_81a4f7ef9830bf958462581aa01150fb\"><div class=\"wpb_wrapper\">\r\n\t\t\t\r\n\t\t\t<div class=\"vc_single_image-wrapper   vc_box_border_grey\"><img decoding=\"async\" width=\"643\" height=\"613\" src=\"https:\/\/mona.ilogs.systems\/wp-content\/uploads\/2026\/01\/Bildschirmfoto-2026-01-14-um-12.27.27.png\" class=\"vc_single_image-img attachment-large\" alt=\"\" title=\"Bildschirmfoto 2026-01-14 um 12.27.27\" srcset=\"https:\/\/mona.ilogs.systems\/wp-content\/uploads\/2026\/01\/Bildschirmfoto-2026-01-14-um-12.27.27.png 643w, https:\/\/mona.ilogs.systems\/wp-content\/uploads\/2026\/01\/Bildschirmfoto-2026-01-14-um-12.27.27-640x610.png 640w, https:\/\/mona.ilogs.systems\/wp-content\/uploads\/2026\/01\/Bildschirmfoto-2026-01-14-um-12.27.27-400x381.png 400w, https:\/\/mona.ilogs.systems\/wp-content\/uploads\/2026\/01\/Bildschirmfoto-2026-01-14-um-12.27.27-367x350.png 367w, https:\/\/mona.ilogs.systems\/wp-content\/uploads\/2026\/01\/Bildschirmfoto-2026-01-14-um-12.27.27-600x572.png 600w\" sizes=\"(max-width: 643px) 100vw, 643px\" \/><\/div>\r\n\t\t<\/div>\r\n\t<\/div>\r\n<\/div><\/div><div class=\"vc_column_container col-md-6 vc_custom_1768390154560\"><div class=\"wpb_wrapper vc_column-inner\">\r\n\t<div class=\"wpb_text_column wpb_content_element vc_custom_1768390175408 wpb_custom_7c91d232724f73626cc933bd95b25ff0\" >\r\n\t\t<div class=\"wpb_wrapper\">\r\n\t\t\t<h1>Einloggen und Loslegen<\/h1>\n\r\n\t\t<\/div>\r\n\t<\/div>\r\n\r\n\t<div class=\"wpb_text_column wpb_content_element wpb_custom_7c91d232724f73626cc933bd95b25ff0\" >\r\n\t\t<div class=\"wpb_wrapper\">\r\n\t\t\t<p>Der Einstieg in mona field force ist unkompliziert und sicher.<\/p>\n<p>Mitarbeiter im Aussendienst \u2013 etwa Hausmeister, Techniker oder Objektbetreuer:innen \u2013 melden sich direkt \u00fcber die App an und erhalten sofort Zugriff auf ihre aktuellen Aufgaben. Keine Papierformulare, keine manuelle Koordination \u2013 stattdessen klare Zust\u00e4ndigkeiten und tagesaktuelle Informationen.<\/p>\n<ul class=\"wp-block-list\">\n<li>Login \u00fcber E-Mail oder Nutername<\/li>\n<li>DSGVO-konform &amp; verschl\u00fcsselte Verbindung<\/li>\n<li>Ger\u00e4te\u00fcbergreifend: Smartphone, Tablet &amp; Desktop<\/li>\n<li>Sofortiger Zugriff auf eigene Eins\u00e4tze &amp; Date<\/li>\n<li>Rollenbasierte Rechtevergabe<\/li>\n<\/ul>\n\r\n\t\t<\/div>\r\n\t<\/div>\r\n<div class=\"vc_btn3-container  custom-btn-arrow mb-0 vc_btn3-center vc_do_btn\" >\r\n\t<a class=\"vc_btn3 vc_btn3-shape-round wpb_custom_6687b26f39488ddbb85ddb3c1ce8e111 btn btn-xl btn-primary\" href=\"https:\/\/mona.ilogs.systems\/app\/registration\/\" title=\"\">Jetzt kostenlos testen<\/a>\t<\/div>\r\n<\/div><\/div><\/div><div class=\"vc_row-full-width vc_clearfix\"><\/div><div data-vc-full-width=\"true\" data-vc-full-width-temp=\"true\" data-vc-full-width-init=\"false\" data-vc-stretch-content=\"true\" class=\"vc_row wpb_row row top-row vc_custom_1768390347868 porto_stretch_css stretch_row_content_no_spaces_css vc_row-has-fill vc_row-no-padding wpb_custom_034b39d9bc6c6b310d69e39f0ccf274f\"><div class=\"vc_column_container col-md-6 vc_custom_1768390324137\"><div class=\"wpb_wrapper vc_column-inner\">\r\n\t<div class=\"wpb_text_column wpb_content_element wpb_custom_7c91d232724f73626cc933bd95b25ff0\" >\r\n\t\t<div class=\"wpb_wrapper\">\r\n\t\t\t<div class=\"wpb_text_column wpb_content_element wpb_custom_7c91d232724f73626cc933bd95b25ff0\">\n<div class=\"wpb_wrapper\">\n<h1 class=\"wp-block-heading\">Digitale Auftrags\u00fcbersicht f\u00fcr Instandhaltung &amp; Objektservice<\/h1>\n<\/div>\n<\/div>\n\r\n\t\t<\/div>\r\n\t<\/div>\r\n\r\n\t<div class=\"wpb_text_column wpb_content_element wpb_custom_7c91d232724f73626cc933bd95b25ff0\" >\r\n\t\t<div class=\"wpb_wrapper\">\r\n\t\t\t<p>Mitarbeiter im Aussendienst \u2013 etwa Hausmeister, Techniker oder Objektbetreuer:innen \u2013 melden sich direkt \u00fcber die App an und erhalten sofort Zugriff auf ihre aktuellen Aufgaben. Keine Papierformulare, keine manuelle Koordination \u2013 stattdessen klare Zust\u00e4ndigkeiten und tagesaktuelle Informationen.<\/p>\n<ul>\n<li>Filterbare Ansicht nach Objekt, Status, Zeitraum oder Mitarbeitenden<\/li>\n<li>Eingebettete Drop-down-Men\u00fcs f\u00fcr strukturierte und einheitliche Eingabe<\/li>\n<li>Pflichtfelder stellen sicher, dass keine wichtigen Informationen fehlen<\/li>\n<li>Geotagging f\u00fcr pr\u00e4zise Standortdokumentation bei z.\u202fB. St\u00f6rungsmeldungen<\/li>\n<li>Digitale Signatur f\u00fcr Nachweise bei Wohnungs\u00fcbergaben oder Reparaturen<\/li>\n<\/ul>\n<ul class=\"wp-block-list\">\n<li style=\"list-style-type: none;\"><\/li>\n<\/ul>\n\r\n\t\t<\/div>\r\n\t<\/div>\r\n<div class=\"vc_btn3-container vc_btn3-center vc_do_btn\" >\r\n\t<a class=\"vc_btn3 vc_btn3-shape-round wpb_custom_6687b26f39488ddbb85ddb3c1ce8e111 btn btn-xl btn-primary\" href=\"https:\/\/mona.ilogs.systems\/ch\/ressourcen\/\" title=\"\">Infomaterial anfordern<\/a>\t<\/div>\r\n<\/div><\/div><div class=\"vc_column_container col-md-6 vc_custom_1768390338287\"><div class=\"wpb_wrapper vc_column-inner\">\r\n\t<div class=\"wpb_single_image wpb_content_element vc_align_center wpb_content_element  wpb_custom_81a4f7ef9830bf958462581aa01150fb\"><div class=\"wpb_wrapper\">\r\n\t\t\t\r\n\t\t\t<div class=\"vc_single_image-wrapper   vc_box_border_grey\"><img decoding=\"async\" width=\"959\" height=\"644\" src=\"https:\/\/mona.ilogs.systems\/wp-content\/uploads\/2026\/01\/Titel-14.png\" class=\"vc_single_image-img attachment-large\" alt=\"\" title=\"Titel-14\" srcset=\"https:\/\/mona.ilogs.systems\/wp-content\/uploads\/2026\/01\/Titel-14.png 959w, https:\/\/mona.ilogs.systems\/wp-content\/uploads\/2026\/01\/Titel-14-768x516.png 768w, https:\/\/mona.ilogs.systems\/wp-content\/uploads\/2026\/01\/Titel-14-640x430.png 640w, https:\/\/mona.ilogs.systems\/wp-content\/uploads\/2026\/01\/Titel-14-400x269.png 400w, https:\/\/mona.ilogs.systems\/wp-content\/uploads\/2026\/01\/Titel-14-367x246.png 367w, https:\/\/mona.ilogs.systems\/wp-content\/uploads\/2026\/01\/Titel-14-600x403.png 600w\" sizes=\"(max-width: 959px) 100vw, 959px\" \/><\/div>\r\n\t\t<\/div>\r\n\t<\/div>\r\n<\/div><\/div><\/div><div class=\"vc_row-full-width vc_clearfix\"><\/div><div data-vc-full-width=\"true\" data-vc-full-width-temp=\"true\" data-vc-full-width-init=\"false\" data-vc-stretch-content=\"true\" class=\"vc_row wpb_row row top-row vc_custom_1768390566232 porto_stretch_css stretch_row_content_no_spaces_css vc_row-has-fill vc_row-no-padding wpb_custom_034b39d9bc6c6b310d69e39f0ccf274f\"><div class=\"vc_column_container col-md-6\"><div class=\"wpb_wrapper vc_column-inner\">\r\n\t<div class=\"wpb_single_image wpb_content_element vc_align_center wpb_content_element  wpb_custom_81a4f7ef9830bf958462581aa01150fb\"><div class=\"wpb_wrapper\">\r\n\t\t\t\r\n\t\t\t<div class=\"vc_single_image-wrapper   vc_box_border_grey\"><img decoding=\"async\" width=\"643\" height=\"489\" src=\"https:\/\/mona.ilogs.systems\/wp-content\/uploads\/2026\/01\/Bildschirmfoto-2026-01-14-um-12.33.46.png\" class=\"vc_single_image-img attachment-large\" alt=\"\" title=\"Bildschirmfoto 2026-01-14 um 12.33.46\" srcset=\"https:\/\/mona.ilogs.systems\/wp-content\/uploads\/2026\/01\/Bildschirmfoto-2026-01-14-um-12.33.46.png 643w, https:\/\/mona.ilogs.systems\/wp-content\/uploads\/2026\/01\/Bildschirmfoto-2026-01-14-um-12.33.46-640x487.png 640w, https:\/\/mona.ilogs.systems\/wp-content\/uploads\/2026\/01\/Bildschirmfoto-2026-01-14-um-12.33.46-400x304.png 400w, https:\/\/mona.ilogs.systems\/wp-content\/uploads\/2026\/01\/Bildschirmfoto-2026-01-14-um-12.33.46-367x279.png 367w, https:\/\/mona.ilogs.systems\/wp-content\/uploads\/2026\/01\/Bildschirmfoto-2026-01-14-um-12.33.46-600x456.png 600w\" sizes=\"(max-width: 643px) 100vw, 643px\" \/><\/div>\r\n\t\t<\/div>\r\n\t<\/div>\r\n<\/div><\/div><div class=\"vc_column_container col-md-6 vc_custom_1768390523834\"><div class=\"wpb_wrapper vc_column-inner\">\r\n\t<div class=\"wpb_text_column wpb_content_element vc_custom_1768390579652 wpb_custom_7c91d232724f73626cc933bd95b25ff0\" >\r\n\t\t<div class=\"wpb_wrapper\">\r\n\t\t\t<h1>Termine und Eins\u00e4tze immer im Blick<\/h1>\n\r\n\t\t<\/div>\r\n\t<\/div>\r\n\r\n\t<div class=\"wpb_text_column wpb_content_element wpb_custom_7c91d232724f73626cc933bd95b25ff0\" >\r\n\t\t<div class=\"wpb_wrapper\">\r\n\t\t\t<p>Der Kalender von mona field force sorgt f\u00fcr klare Zeitplanung und Ressourcennutzung: Arbeitszeiten, Auftr\u00e4ge und verf\u00fcgbare Zeitfenster Ihrer Mitarbeitenden sind auf einen Blick ersichtlich.<\/p>\n<ul class=\"wp-block-list\">\n<li>Farblich gekennzeichnete Zeitbl\u00f6cke nach Mitarbeiter zugeordnet<\/li>\n<li>Automatische\u00a0Konfliktwarnung\u00a0bei Doppelbuchung oder \u00dcberlastung<\/li>\n<li>Integration von\u00a0Abwesenheiten &amp; Arbeitszeiten<\/li>\n<li>Terminplanung via Drag &amp; Drop<\/li>\n<li>Wiederkehrende Termine f\u00fcr zyklische Aufgaben (z.\u202fB. Objektbegehung)<\/li>\n<\/ul>\n\r\n\t\t<\/div>\r\n\t<\/div>\r\n<div class=\"vc_btn3-container vc_btn3-center vc_do_btn\" >\r\n\t<a class=\"vc_btn3 vc_btn3-shape-round wpb_custom_6687b26f39488ddbb85ddb3c1ce8e111 btn btn-xl btn-primary\" href=\"https:\/\/outlook.office.com\/book\/MonaSupport@ilogs.systems\/?ismsaljsauthenabled=true\" title=\"\">Kostenlose Beratung vereinbaren<\/a>\t<\/div>\r\n<\/div><\/div><\/div><div class=\"vc_row-full-width vc_clearfix\"><\/div><div data-vc-full-width=\"true\" data-vc-full-width-temp=\"true\" data-vc-full-width-init=\"false\" data-vc-stretch-content=\"true\" class=\"vc_row wpb_row row top-row vc_custom_1768390894456 porto_stretch_css stretch_row_content_no_spaces_css vc_row-no-padding wpb_custom_034b39d9bc6c6b310d69e39f0ccf274f\"><div class=\"vc_column_container col-md-6 vc_custom_1768390771925\"><div class=\"wpb_wrapper vc_column-inner\">\r\n\t<div class=\"wpb_text_column wpb_content_element vc_custom_1768390917711 wpb_custom_7c91d232724f73626cc933bd95b25ff0\" >\r\n\t\t<div class=\"wpb_wrapper\">\r\n\t\t\t<div class=\"wpb_text_column wpb_content_element wpb_custom_7c91d232724f73626cc933bd95b25ff0\">\n<div class=\"wpb_wrapper\">\n<h1 class=\"wp-block-heading\">Vorlagen zum Importieren<\/h1>\n<\/div>\n<\/div>\n\r\n\t\t<\/div>\r\n\t<\/div>\r\n\r\n\t<div class=\"wpb_text_column wpb_content_element wpb_custom_7c91d232724f73626cc933bd95b25ff0\" >\r\n\t\t<div class=\"wpb_wrapper\">\r\n\t\t\t<p>Mit dem Vorlagenkatalog k\u00f6nnen Sie sofort durchstarten!<\/p>\n<p>W\u00e4hlen Sie aus einer Vielzahl branchenspezifischer Vorlagen, importieren Sie diese mit nur einem Klick und passen Sie diese individuell an Ihre Anforderungen an.<\/p>\n<p><strong>Diese Vorlage kann f\u00fcr Ihr Unternehmen angepasst werden!<\/strong><\/p>\n<ul class=\"wp-block-list\">\n<li style=\"list-style-type: none;\"><\/li>\n<\/ul>\n\r\n\t\t<\/div>\r\n\t<\/div>\r\n<div class=\"vc_btn3-container vc_btn3-center vc_custom_1768390788728 vc_do_btn\" >\r\n\t<a class=\"vc_btn3 vc_btn3-shape-round wpb_custom_6687b26f39488ddbb85ddb3c1ce8e111 btn btn-xl btn-primary\" href=\"https:\/\/mona.ilogs.systems\/ch\/app\/catalog\/bau\/\" title=\"\">Zum Katalog<\/a>\t<\/div>\r\n\r\n\t<div class=\"wpb_single_image wpb_content_element vc_align_center wpb_content_element  vc_custom_1768390877095 wpb_custom_81a4f7ef9830bf958462581aa01150fb\"><div class=\"wpb_wrapper\">\r\n\t\t\t\r\n\t\t\t<div class=\"vc_single_image-wrapper   vc_box_border_grey\"><img decoding=\"async\" width=\"566\" height=\"756\" src=\"https:\/\/mona.ilogs.systems\/wp-content\/uploads\/2024\/12\/Reinigung1.png\" class=\"vc_single_image-img attachment-large\" alt=\"\" title=\"Reinigung1\" srcset=\"https:\/\/mona.ilogs.systems\/wp-content\/uploads\/2024\/12\/Reinigung1.png 566w, https:\/\/mona.ilogs.systems\/wp-content\/uploads\/2024\/12\/Reinigung1-400x534.png 400w, https:\/\/mona.ilogs.systems\/wp-content\/uploads\/2024\/12\/Reinigung1-367x490.png 367w\" sizes=\"(max-width: 566px) 100vw, 566px\" \/><\/div>\r\n\t\t<\/div>\r\n\t<\/div>\r\n<\/div><\/div><div data-original=\"https:\/\/mona.ilogs.systems\/wp-content\/uploads\/2026\/01\/Bildschirmfoto-2026-01-13-um-14.21.18.png?id=2651\" class=\"vc_column_container col-md-6 d-none d-md-block vc_custom_1768391362687 porto-lazyload\"><div class=\"wpb_wrapper vc_column-inner\"><\/div><\/div><\/div><div class=\"vc_row-full-width vc_clearfix\"><\/div><div class=\"vc_row wpb_row row top-row wpb_custom_034b39d9bc6c6b310d69e39f0ccf274f\"><div class=\"vc_column_container col-md-12\"><div class=\"wpb_wrapper vc_column-inner\">\r\n\t<div class=\"wpb_text_column wpb_content_element wpb_custom_7c91d232724f73626cc933bd95b25ff0\" >\r\n\t\t<div class=\"wpb_wrapper\">\r\n\t\t\t<h1 class=\"wp-block-heading alignfull has-text-align-center\">Ihre Vorteile<\/h1>\n\r\n\t\t<\/div>\r\n\t<\/div>\r\n<\/div><\/div><\/div><div data-vc-full-width=\"true\" data-vc-full-width-temp=\"true\" data-vc-full-width-init=\"false\" data-vc-stretch-content=\"true\" class=\"vc_row wpb_row row top-row porto_stretch_css stretch_row_content_no_spaces_css vc_row-no-padding wpb_custom_034b39d9bc6c6b310d69e39f0ccf274f\"><div class=\"vc_column_container col-md-3\"><div class=\"wpb_wrapper vc_column-inner\">\r\n\t<div class=\"wpb_single_image wpb_content_element vc_align_center wpb_content_element  vc_custom_1768391016836 wpb_custom_81a4f7ef9830bf958462581aa01150fb\"><div class=\"wpb_wrapper\">\r\n\t\t\t\r\n\t\t\t<div class=\"vc_single_image-wrapper   vc_box_border_grey\"><img decoding=\"async\" width=\"378\" height=\"264\" src=\"https:\/\/mona.ilogs.systems\/wp-content\/uploads\/2026\/01\/Bildschirmfoto-2026-01-14-um-12.42.47.png\" class=\"vc_single_image-img attachment-large\" alt=\"\" title=\"Bildschirmfoto 2026-01-14 um 12.42.47\" srcset=\"https:\/\/mona.ilogs.systems\/wp-content\/uploads\/2026\/01\/Bildschirmfoto-2026-01-14-um-12.42.47.png 378w, https:\/\/mona.ilogs.systems\/wp-content\/uploads\/2026\/01\/Bildschirmfoto-2026-01-14-um-12.42.47-367x256.png 367w\" sizes=\"(max-width: 378px) 100vw, 378px\" \/><\/div>\r\n\t\t<\/div>\r\n\t<\/div>\r\n\r\n\t<div class=\"wpb_text_column wpb_content_element vc_custom_1768391109503 wpb_custom_7c91d232724f73626cc933bd95b25ff0\" >\r\n\t\t<div class=\"wpb_wrapper\">\r\n\t\t\t<p style=\"text-align: center;\"><strong><span class=\"a_GcMg font-feature-liga-off font-feature-clig-off font-feature-calt-off text-decoration-none text-strikethrough-none\">70% weniger Koordinationsaufwand in der Einsatzplanung<\/span><\/strong><\/p>\n\r\n\t\t<\/div>\r\n\t<\/div>\r\n\r\n\t<div class=\"wpb_text_column wpb_content_element vc_custom_1768391119552 wpb_custom_7c91d232724f73626cc933bd95b25ff0\" >\r\n\t\t<div class=\"wpb_wrapper\">\r\n\t\t\t<p class=\"cvGsUA direction-ltr align-center para-style-body\" style=\"text-align: center;\"><span class=\"a_GcMg font-feature-liga-off font-feature-clig-off font-feature-calt-off text-decoration-none text-strikethrough-none\">Dank digitaler Einsatzplanung sind Verf\u00fcgbarkeiten und Arbeitszeiten transparent ersichtlich.<\/span><\/p>\n<p class=\"cvGsUA direction-ltr align-center para-style-body\" style=\"text-align: center;\"><span class=\"a_GcMg font-feature-liga-off font-feature-clig-off font-feature-calt-off text-decoration-none text-strikethrough-none\">Doppelte Planung, R\u00fcckfragen oder Missverst\u00e4ndnisse geh\u00f6ren der Vergangenheit an.<\/span><\/p>\n\r\n\t\t<\/div>\r\n\t<\/div>\r\n<\/div><\/div><div class=\"vc_column_container col-md-3\"><div class=\"wpb_wrapper vc_column-inner\">\r\n\t<div class=\"wpb_single_image wpb_content_element vc_align_center wpb_content_element  vc_custom_1768391198962 wpb_custom_81a4f7ef9830bf958462581aa01150fb\"><div class=\"wpb_wrapper\">\r\n\t\t\t\r\n\t\t\t<div class=\"vc_single_image-wrapper   vc_box_border_grey\"><img decoding=\"async\" width=\"378\" height=\"264\" src=\"https:\/\/mona.ilogs.systems\/wp-content\/uploads\/2026\/01\/Bildschirmfoto-2026-01-14-um-12.42.55.png\" class=\"vc_single_image-img attachment-large\" alt=\"\" title=\"Bildschirmfoto 2026-01-14 um 12.42.55\" srcset=\"https:\/\/mona.ilogs.systems\/wp-content\/uploads\/2026\/01\/Bildschirmfoto-2026-01-14-um-12.42.55.png 378w, https:\/\/mona.ilogs.systems\/wp-content\/uploads\/2026\/01\/Bildschirmfoto-2026-01-14-um-12.42.55-367x256.png 367w\" sizes=\"(max-width: 378px) 100vw, 378px\" \/><\/div>\r\n\t\t<\/div>\r\n\t<\/div>\r\n\r\n\t<div class=\"wpb_text_column wpb_content_element vc_custom_1768391153959 wpb_custom_7c91d232724f73626cc933bd95b25ff0\" >\r\n\t\t<div class=\"wpb_wrapper\">\r\n\t\t\t<p style=\"text-align: center;\"><strong><span class=\"a_GcMg font-feature-liga-off font-feature-clig-off font-feature-calt-off text-decoration-none text-strikethrough-none\">Rechtliche Sicherheit &amp; Audit F\u00e4higkeit bei Auftr\u00e4gen<\/span><\/strong><\/p>\n\r\n\t\t<\/div>\r\n\t<\/div>\r\n\r\n\t<div class=\"wpb_text_column wpb_content_element vc_custom_1768391160562 wpb_custom_7c91d232724f73626cc933bd95b25ff0\" >\r\n\t\t<div class=\"wpb_wrapper\">\r\n\t\t\t<p class=\"cvGsUA direction-ltr align-center para-style-body\" style=\"text-align: center;\"><span class=\"a_GcMg font-feature-liga-off font-feature-clig-off font-feature-calt-off text-decoration-none text-strikethrough-none\">Durch die Implementierung der Managementsysteme ISO 27001 und ISO 27701 werden s\u00e4mtliche datenschutzrechtlichen Anforderungen erf\u00fcllt. Alle Nachweise sind revisionssicher und jederzeit abrufbar.<\/span><\/p>\n\r\n\t\t<\/div>\r\n\t<\/div>\r\n<\/div><\/div><div class=\"vc_column_container col-md-3\"><div class=\"wpb_wrapper vc_column-inner\">\r\n\t<div class=\"wpb_single_image wpb_content_element vc_align_center wpb_content_element  vc_custom_1768391206792 wpb_custom_81a4f7ef9830bf958462581aa01150fb\"><div class=\"wpb_wrapper\">\r\n\t\t\t\r\n\t\t\t<div class=\"vc_single_image-wrapper   vc_box_border_grey\"><img decoding=\"async\" width=\"378\" height=\"264\" src=\"https:\/\/mona.ilogs.systems\/wp-content\/uploads\/2026\/01\/Bildschirmfoto-2026-01-14-um-12.43.04.png\" class=\"vc_single_image-img attachment-large\" alt=\"\" title=\"Bildschirmfoto 2026-01-14 um 12.43.04\" srcset=\"https:\/\/mona.ilogs.systems\/wp-content\/uploads\/2026\/01\/Bildschirmfoto-2026-01-14-um-12.43.04.png 378w, https:\/\/mona.ilogs.systems\/wp-content\/uploads\/2026\/01\/Bildschirmfoto-2026-01-14-um-12.43.04-367x256.png 367w\" sizes=\"(max-width: 378px) 100vw, 378px\" \/><\/div>\r\n\t\t<\/div>\r\n\t<\/div>\r\n\r\n\t<div class=\"wpb_text_column wpb_content_element vc_custom_1768391168061 wpb_custom_7c91d232724f73626cc933bd95b25ff0\" >\r\n\t\t<div class=\"wpb_wrapper\">\r\n\t\t\t<p style=\"text-align: center;\"><strong><span class=\"a_GcMg font-feature-liga-off font-feature-clig-off font-feature-calt-off text-decoration-none text-strikethrough-none\">Weniger R\u00fcckfragen &amp; Missverst\u00e4ndnisse &#8211; dank Standardisierung<\/span><\/strong><\/p>\n\r\n\t\t<\/div>\r\n\t<\/div>\r\n\r\n\t<div class=\"wpb_text_column wpb_content_element vc_custom_1768391175218 wpb_custom_7c91d232724f73626cc933bd95b25ff0\" >\r\n\t\t<div class=\"wpb_wrapper\">\r\n\t\t\t<p class=\"cvGsUA direction-ltr align-center para-style-body\" style=\"text-align: center;\"><span class=\"a_GcMg font-feature-liga-off font-feature-clig-off font-feature-calt-off text-decoration-none text-strikethrough-none\">Standardisierte Formulare mit Pflichtfeldern, strukturierte Eingabemasken und klare Vorgaben sorgen f\u00fcr vollst\u00e4ndige und konsistente Informationen. Zus\u00e4tzlich k\u00f6nnen automatisch generierte Berichte und Terminerinnerungen zu definierten Zeitpunkten direkt an Ihre Kunden versendet werden.<\/span><\/p>\n\r\n\t\t<\/div>\r\n\t<\/div>\r\n<\/div><\/div><div class=\"vc_column_container col-md-3\"><div class=\"wpb_wrapper vc_column-inner\">\r\n\t<div class=\"wpb_single_image wpb_content_element vc_align_center wpb_content_element  vc_custom_1768391214836 wpb_custom_81a4f7ef9830bf958462581aa01150fb\"><div class=\"wpb_wrapper\">\r\n\t\t\t\r\n\t\t\t<div class=\"vc_single_image-wrapper   vc_box_border_grey\"><img decoding=\"async\" width=\"378\" height=\"264\" src=\"https:\/\/mona.ilogs.systems\/wp-content\/uploads\/2026\/01\/Bildschirmfoto-2026-01-14-um-12.43.12.png\" class=\"vc_single_image-img attachment-large\" alt=\"\" title=\"Bildschirmfoto 2026-01-14 um 12.43.12\" srcset=\"https:\/\/mona.ilogs.systems\/wp-content\/uploads\/2026\/01\/Bildschirmfoto-2026-01-14-um-12.43.12.png 378w, https:\/\/mona.ilogs.systems\/wp-content\/uploads\/2026\/01\/Bildschirmfoto-2026-01-14-um-12.43.12-367x256.png 367w\" sizes=\"(max-width: 378px) 100vw, 378px\" \/><\/div>\r\n\t\t<\/div>\r\n\t<\/div>\r\n\r\n\t<div class=\"wpb_text_column wpb_content_element vc_custom_1768391185253 wpb_custom_7c91d232724f73626cc933bd95b25ff0\" >\r\n\t\t<div class=\"wpb_wrapper\">\r\n\t\t\t<p style=\"text-align: center;\"><strong><span class=\"a_GcMg font-feature-liga-off font-feature-clig-off font-feature-calt-off text-decoration-none text-strikethrough-none\">Schnellere Abrechnungs- &amp; Bearbeitungsprozesse<\/span><\/strong><\/p>\n\r\n\t\t<\/div>\r\n\t<\/div>\r\n\r\n\t<div class=\"wpb_text_column wpb_content_element vc_custom_1768391190862 wpb_custom_7c91d232724f73626cc933bd95b25ff0\" >\r\n\t\t<div class=\"wpb_wrapper\">\r\n\t\t\t<p class=\"cvGsUA direction-ltr align-center para-style-body\" style=\"text-align: center;\"><span class=\"a_GcMg font-feature-liga-off font-feature-clig-off font-feature-calt-off text-decoration-none text-strikethrough-none\">Arbeitszeiten, erbrachte Leistungen und Abwesenheiten werden direkt vor Ort digital erfasst \u2013 strukturiert und einheitlich. Die erfassten Daten stehen in Echtzeit zur Verf\u00fcgung und lassen sich nahtlos in bestehende Abrechnungs- und Verwaltungssysteme integrieren.<\/span><\/p>\n\r\n\t\t<\/div>\r\n\t<\/div>\r\n<\/div><\/div><\/div><div class=\"vc_row-full-width vc_clearfix\"><\/div>\n<\/div>","protected":false},"excerpt":{"rendered":"Einloggen und Loslegen Der Einstieg in mona field force ist unkompliziert und sicher. Mitarbeiter im Au\u00dfendienst \u2013 etwa Hausmeister, Techniker oder Objektbetreuer:innen \u2013 melden sich direkt \u00fcber die App an und erhalten sofort Zugriff auf ihre aktuellen Aufgaben. Keine Papierformulare, keine manuelle Koordination \u2013 stattdessen klare Zust\u00e4ndigkeiten und tagesaktuelle Informationen. Login \u00fcber E-Mail oder Nutername [...]","protected":false},"author":1,"featured_media":0,"parent":0,"menu_order":0,"comment_status":"closed","ping_status":"closed","template":"","meta":{"footnotes":""},"class_list":["post-2009","page","type-page","status-publish","hentry"],"aioseo_notices":[],"_links":{"self":[{"href":"https:\/\/mona.ilogs.systems\/ch\/wp-json\/wp\/v2\/pages\/2009","targetHints":{"allow":["GET"]}}],"collection":[{"href":"https:\/\/mona.ilogs.systems\/ch\/wp-json\/wp\/v2\/pages"}],"about":[{"href":"https:\/\/mona.ilogs.systems\/ch\/wp-json\/wp\/v2\/types\/page"}],"author":[{"embeddable":true,"href":"https:\/\/mona.ilogs.systems\/ch\/wp-json\/wp\/v2\/users\/1"}],"replies":[{"embeddable":true,"href":"https:\/\/mona.ilogs.systems\/ch\/wp-json\/wp\/v2\/comments?post=2009"}],"version-history":[{"count":23,"href":"https:\/\/mona.ilogs.systems\/ch\/wp-json\/wp\/v2\/pages\/2009\/revisions"}],"predecessor-version":[{"id":2678,"href":"https:\/\/mona.ilogs.systems\/ch\/wp-json\/wp\/v2\/pages\/2009\/revisions\/2678"}],"wp:attachment":[{"href":"https:\/\/mona.ilogs.systems\/ch\/wp-json\/wp\/v2\/media?parent=2009"}],"curies":[{"name":"wp","href":"https:\/\/api.w.org\/{rel}","templated":true}]}}