{"id":1868,"date":"2025-05-05T08:14:56","date_gmt":"2025-05-05T06:14:56","guid":{"rendered":"https:\/\/mona.ilogs.systems\/?page_id=1868"},"modified":"2026-01-14T12:57:16","modified_gmt":"2026-01-14T11:57:16","slug":"immobilienmanagement","status":"publish","type":"page","link":"https:\/\/mona.ilogs.systems\/ch\/immobilienmanagement\/","title":{"rendered":"Immobilienmanagement"},"content":{"rendered":"<div class=\"wpb-content-wrapper\"><div data-vc-full-width=\"true\" data-vc-full-width-temp=\"true\" data-vc-full-width-init=\"false\" data-vc-stretch-content=\"true\" class=\"vc_row wpb_row row top-row porto_stretch_css stretch_row_content_no_spaces_css vc_row-no-padding wpb_custom_034b39d9bc6c6b310d69e39f0ccf274f\"><div class=\"vc_column_container col-md-6\"><div class=\"wpb_wrapper vc_column-inner\">\r\n\t<div class=\"wpb_single_image wpb_content_element vc_align_center wpb_content_element  wpb_custom_81a4f7ef9830bf958462581aa01150fb\"><div class=\"wpb_wrapper\">\r\n\t\t\t\r\n\t\t\t<div class=\"vc_single_image-wrapper   vc_box_border_grey\"><img decoding=\"async\" width=\"658\" height=\"632\" src=\"https:\/\/mona.ilogs.systems\/wp-content\/uploads\/2026\/01\/Bildschirmfoto-2026-01-13-um-14.00.35.png\" class=\"vc_single_image-img attachment-large\" alt=\"\" title=\"Bildschirmfoto 2026-01-13 um 14.00.35\" srcset=\"https:\/\/mona.ilogs.systems\/wp-content\/uploads\/2026\/01\/Bildschirmfoto-2026-01-13-um-14.00.35.png 658w, https:\/\/mona.ilogs.systems\/wp-content\/uploads\/2026\/01\/Bildschirmfoto-2026-01-13-um-14.00.35-640x615.png 640w, https:\/\/mona.ilogs.systems\/wp-content\/uploads\/2026\/01\/Bildschirmfoto-2026-01-13-um-14.00.35-400x384.png 400w, https:\/\/mona.ilogs.systems\/wp-content\/uploads\/2026\/01\/Bildschirmfoto-2026-01-13-um-14.00.35-367x352.png 367w, https:\/\/mona.ilogs.systems\/wp-content\/uploads\/2026\/01\/Bildschirmfoto-2026-01-13-um-14.00.35-600x576.png 600w\" sizes=\"(max-width: 658px) 100vw, 658px\" \/><\/div>\r\n\t\t<\/div>\r\n\t<\/div>\r\n<\/div><\/div><div class=\"vc_column_container col-md-6 vc_custom_1768309360909\"><div class=\"wpb_wrapper vc_column-inner\">\r\n\t<div class=\"wpb_text_column wpb_content_element wpb_custom_7c91d232724f73626cc933bd95b25ff0\" >\r\n\t\t<div class=\"wpb_wrapper\">\r\n\t\t\t<h1 class=\"p1\">Immobilien digital<\/h1>\n\r\n\t\t<\/div>\r\n\t<\/div>\r\n\r\n\t<div class=\"wpb_text_column wpb_content_element wpb_custom_7c91d232724f73626cc933bd95b25ff0\" >\r\n\t\t<div class=\"wpb_wrapper\">\r\n\t\t\t<p><span style=\"font-weight: 400;\">Mit mona verwalten Sie Immobilien modern und digital. Unsere Immobilienmanagement Software vereinfacht t\u00e4gliche Abl\u00e4ufe, unterst\u00fctzt bei der Immobilienverwaltung und sorgt f\u00fcr transparente Prozesse &#8211; von der Wartung bis zum Wohnungs\u00fcbergabeprotokoll. Mitarbeiter:innen im Au\u00dfendienst &#8211; etwa Hausmeister, Techniker oder Objektbetreuer:innen &#8211; melden sich direkt \u00fcber die App an und erhalten sofort Zugriff auf ihre aktuellen Aufgaben. Keine Papierformulare, keine manuelle Koordination &#8211; stattdessen klare Zust\u00e4ndigkeiten und tagesaktuelle Informationen.<\/span><\/p>\n<ul>\n<li style=\"font-weight: 400;\" aria-level=\"1\"><span style=\"font-weight: 400;\">Login \u00fcber E-Mail oder Nutzername<\/span><\/li>\n<li style=\"font-weight: 400;\" aria-level=\"1\"><span style=\"font-weight: 400;\">DSGVO-konform &amp; verschl\u00fcsselte Verbindung<\/span><\/li>\n<li style=\"font-weight: 400;\" aria-level=\"1\"><span style=\"font-weight: 400;\">Ger\u00e4te\u00fcbergreifend: Smartphone, Tablet &amp; Desktop<\/span><\/li>\n<li style=\"font-weight: 400;\" aria-level=\"1\"><span style=\"font-weight: 400;\">Sofortiger Zugriff auf eigene Eins\u00e4tze &amp; Daten<\/span><\/li>\n<li style=\"font-weight: 400;\" aria-level=\"1\"><span style=\"font-weight: 400;\">Rollenbasierte Rechtevergabe<\/span><\/li>\n<\/ul>\n\r\n\t\t<\/div>\r\n\t<\/div>\r\n<div class=\"vc_btn3-container vc_btn3-center vc_do_btn\" >\r\n\t<a class=\"vc_btn3 vc_btn3-shape-round wpb_custom_6687b26f39488ddbb85ddb3c1ce8e111 btn btn-xl btn-primary\" href=\"https:\/\/mona.ilogs.systems\/app\/registration\/\" title=\"\">Jetzt kostenlos testen<\/a>\t<\/div>\r\n<\/div><\/div><\/div><div class=\"vc_row-full-width vc_clearfix\"><\/div><div data-vc-full-width=\"true\" data-vc-full-width-temp=\"true\" data-vc-full-width-init=\"false\" data-vc-stretch-content=\"true\" class=\"vc_row wpb_row row top-row vc_custom_1768309915425 porto_stretch_css stretch_row_content_no_spaces_css vc_row-has-fill vc_row-no-padding wpb_custom_034b39d9bc6c6b310d69e39f0ccf274f\"><div class=\"vc_column_container col-md-6 vc_custom_1768309950044\"><div class=\"wpb_wrapper vc_column-inner\">\r\n\t<div class=\"wpb_text_column wpb_content_element vc_custom_1768391834524 wpb_custom_7c91d232724f73626cc933bd95b25ff0\" >\r\n\t\t<div class=\"wpb_wrapper\">\r\n\t\t\t<h1 class=\"wp-block-heading\">Digitale Unterst\u00fctzung f\u00fcr ihre Immobilien<\/h1>\n\r\n\t\t<\/div>\r\n\t<\/div>\r\n\r\n\t<div class=\"wpb_text_column wpb_content_element wpb_custom_7c91d232724f73626cc933bd95b25ff0\" >\r\n\t\t<div class=\"wpb_wrapper\">\r\n\t\t\t<p class=\"cvGsUA direction-ltr align-start para-style-body\"><span class=\"a_GcMg font-feature-liga-off font-feature-clig-off font-feature-calt-off text-decoration-none text-strikethrough-none\">mona field force bildet alle Vorg\u00e4nge der Immobilienverwaltung in einem zentralen System ab.<\/span><\/p>\n<p class=\"cvGsUA direction-ltr align-start para-style-body\"><span class=\"a_GcMg font-feature-liga-off font-feature-clig-off font-feature-calt-off text-decoration-none text-strikethrough-none\">\u00dcbergaben, Checklisten, Meldungen und Auftr\u00e4ge werden strukturiert erfasst, nachvollziehbar dokumentiert und sind jederzeit verf\u00fcgbar \u2013 im B\u00fcro wie im Au\u00dfendienst.<\/span><\/p>\n<h4 class=\"cvGsUA direction-ltr align-start para-style-body\"><span class=\"a_GcMg font-feature-liga-off font-feature-clig-off font-feature-calt-off text-decoration-none text-strikethrough-none\">Kernfunktionen:<\/span><\/h4>\n<ul>\n<li><span class=\"a_GcMg font-feature-liga-off font-feature-clig-off font-feature-calt-off text-decoration-none text-strikethrough-none\">Filter nach Objekt, Status, Zeitraum und Mitarbeitenden<\/span><\/li>\n<li><span class=\"a_GcMg font-feature-liga-off font-feature-clig-off font-feature-calt-off text-decoration-none text-strikethrough-none\">Geotagging f\u00fcr eindeutige Standortzuordnung<\/span><\/li>\n<li><span class=\"a_GcMg font-feature-liga-off font-feature-clig-off font-feature-calt-off text-decoration-none text-strikethrough-none\">Digitale Signaturen f\u00fcr \u00dcbergaben und Reparaturen<\/span><\/li>\n<li><span class=\"a_GcMg font-feature-liga-off font-feature-clig-off font-feature-calt-off text-decoration-none text-strikethrough-none\">Digitale \u00dcbergabeprotokolle mit Fotos und Notizen<\/span><\/li>\n<li><span class=\"a_GcMg font-feature-liga-off font-feature-clig-off font-feature-calt-off text-decoration-none text-strikethrough-none\">Zentrales System f\u00fcr Verwaltung, Dokumentation und Einsatzplanung<\/span><\/li>\n<\/ul>\n\r\n\t\t<\/div>\r\n\t<\/div>\r\n<\/div><\/div><div class=\"vc_column_container col-md-6 vc_custom_1768309898670\"><div class=\"wpb_wrapper vc_column-inner\">\r\n\t<div class=\"wpb_single_image wpb_content_element vc_align_center wpb_content_element  wpb_custom_81a4f7ef9830bf958462581aa01150fb\"><div class=\"wpb_wrapper\">\r\n\t\t\t\r\n\t\t\t<div class=\"vc_single_image-wrapper   vc_box_border_grey\"><img decoding=\"async\" width=\"851\" height=\"572\" src=\"https:\/\/mona.ilogs.systems\/wp-content\/uploads\/2026\/01\/Titel-12.png\" class=\"vc_single_image-img attachment-large\" alt=\"\" title=\"Titel-12\" srcset=\"https:\/\/mona.ilogs.systems\/wp-content\/uploads\/2026\/01\/Titel-12.png 851w, https:\/\/mona.ilogs.systems\/wp-content\/uploads\/2026\/01\/Titel-12-768x516.png 768w, https:\/\/mona.ilogs.systems\/wp-content\/uploads\/2026\/01\/Titel-12-640x430.png 640w, https:\/\/mona.ilogs.systems\/wp-content\/uploads\/2026\/01\/Titel-12-400x269.png 400w, https:\/\/mona.ilogs.systems\/wp-content\/uploads\/2026\/01\/Titel-12-367x247.png 367w, https:\/\/mona.ilogs.systems\/wp-content\/uploads\/2026\/01\/Titel-12-600x403.png 600w\" sizes=\"(max-width: 851px) 100vw, 851px\" \/><\/div>\r\n\t\t<\/div>\r\n\t<\/div>\r\n<\/div><\/div><\/div><div class=\"vc_row-full-width vc_clearfix\"><\/div><div data-vc-full-width=\"true\" data-vc-full-width-temp=\"true\" data-vc-full-width-init=\"false\" data-vc-stretch-content=\"true\" class=\"vc_row wpb_row row top-row vc_custom_1768310106109 porto_stretch_css stretch_row_content_no_spaces_css vc_row-has-fill vc_row-no-padding wpb_custom_034b39d9bc6c6b310d69e39f0ccf274f\"><div class=\"vc_column_container col-md-6\"><div class=\"wpb_wrapper vc_column-inner\">\r\n\t<div class=\"wpb_single_image wpb_content_element vc_align_center wpb_content_element  wpb_custom_81a4f7ef9830bf958462581aa01150fb\"><div class=\"wpb_wrapper\">\r\n\t\t\t\r\n\t\t\t<div class=\"vc_single_image-wrapper   vc_box_border_grey\"><img decoding=\"async\" width=\"660\" height=\"524\" src=\"https:\/\/mona.ilogs.systems\/wp-content\/uploads\/2026\/01\/Bildschirmfoto-2026-01-13-um-14.13.22.png\" class=\"vc_single_image-img attachment-large\" alt=\"\" title=\"Bildschirmfoto 2026-01-13 um 14.13.22\" srcset=\"https:\/\/mona.ilogs.systems\/wp-content\/uploads\/2026\/01\/Bildschirmfoto-2026-01-13-um-14.13.22.png 660w, https:\/\/mona.ilogs.systems\/wp-content\/uploads\/2026\/01\/Bildschirmfoto-2026-01-13-um-14.13.22-640x508.png 640w, https:\/\/mona.ilogs.systems\/wp-content\/uploads\/2026\/01\/Bildschirmfoto-2026-01-13-um-14.13.22-400x318.png 400w, https:\/\/mona.ilogs.systems\/wp-content\/uploads\/2026\/01\/Bildschirmfoto-2026-01-13-um-14.13.22-367x291.png 367w, https:\/\/mona.ilogs.systems\/wp-content\/uploads\/2026\/01\/Bildschirmfoto-2026-01-13-um-14.13.22-600x476.png 600w\" sizes=\"(max-width: 660px) 100vw, 660px\" \/><\/div>\r\n\t\t<\/div>\r\n\t<\/div>\r\n<\/div><\/div><div class=\"vc_column_container col-md-6 vc_custom_1768310121888\"><div class=\"wpb_wrapper vc_column-inner\">\r\n\t<div class=\"wpb_text_column wpb_content_element vc_custom_1768310137320 wpb_custom_7c91d232724f73626cc933bd95b25ff0\" >\r\n\t\t<div class=\"wpb_wrapper\">\r\n\t\t\t<h1 class=\"wp-block-heading\">Termine &amp; Eins\u00e4tze immer im Blick<\/h1>\n\r\n\t\t<\/div>\r\n\t<\/div>\r\n\r\n\t<div class=\"wpb_text_column wpb_content_element wpb_custom_7c91d232724f73626cc933bd95b25ff0\" >\r\n\t\t<div class=\"wpb_wrapper\">\r\n\t\t\t<p>Der Kalender von mona field force sorgt f\u00fcr klare Zeitplanung und Ressourcennutzung: Arbeitszeiten, Auftr\u00e4ge und verf\u00fcgbare Zeitfenster Ihrer Mitarbeitenden sind auf einen Blick ersichtlich.<\/p>\n<ul class=\"wp-block-list\">\n<li>Farblich gekennzeichnete Zeitbl\u00f6cke nach Mitarbeiter zugeordnet<\/li>\n<li>Automatische\u00a0Konfliktwarnung\u00a0bei Doppelbuchung oder \u00dcberlastung<\/li>\n<li>Integration von\u00a0Abwesenheiten &amp; Arbeitszeiten<\/li>\n<li>Terminplanung via Drag &amp; Drop<\/li>\n<li>Wiederkehrende Termine f\u00fcr zyklische Aufgaben (z.\u202fB. Objektbegehung)<\/li>\n<\/ul>\n\r\n\t\t<\/div>\r\n\t<\/div>\r\n<div class=\"vc_btn3-container vc_btn3-center vc_do_btn\" >\r\n\t<a class=\"vc_btn3 vc_btn3-shape-round wpb_custom_6687b26f39488ddbb85ddb3c1ce8e111 btn btn-xl btn-primary\" href=\"https:\/\/outlook.office.com\/book\/MonaSupport@ilogs.systems\/?ismsaljsauthenabled=true\" title=\"\">Kostenlose Beratung vereinbaren<\/a>\t<\/div>\r\n<\/div><\/div><\/div><div class=\"vc_row-full-width vc_clearfix\"><\/div><div data-vc-full-width=\"true\" data-vc-full-width-temp=\"true\" data-vc-full-width-init=\"false\" data-vc-stretch-content=\"true\" class=\"vc_row wpb_row row top-row vc_custom_1768310600207 porto_stretch_css stretch_row_content_no_spaces_css vc_row-no-padding wpb_custom_034b39d9bc6c6b310d69e39f0ccf274f\"><div class=\"vc_column_container col-md-6 vc_custom_1768310591070\"><div class=\"wpb_wrapper vc_column-inner\">\r\n\t<div class=\"wpb_text_column wpb_content_element vc_custom_1768310616090 wpb_custom_7c91d232724f73626cc933bd95b25ff0\" >\r\n\t\t<div class=\"wpb_wrapper\">\r\n\t\t\t<h1>Vorlagen zum Importieren<\/h1>\n\r\n\t\t<\/div>\r\n\t<\/div>\r\n\r\n\t<div class=\"wpb_text_column wpb_content_element wpb_custom_7c91d232724f73626cc933bd95b25ff0\" >\r\n\t\t<div class=\"wpb_wrapper\">\r\n\t\t\t<p>Mit dem Vorlagenkatalog k\u00f6nnen Sie sofort durchstarten!<\/p>\n<p>W\u00e4hlen Sie aus einer Vielzahl branchenspezifischer Vorlagen, importieren Sie diese mit nur einem Klick und passen Sie diese individuell an Ihre Anforderungen an.<\/p>\n<p><strong>Diese Vorlage kann f\u00fcr Ihr Unternehmen angepasst werden!<\/strong><\/p>\n\r\n\t\t<\/div>\r\n\t<\/div>\r\n<div class=\"vc_btn3-container vc_btn3-center vc_custom_1768310631171 vc_do_btn\" >\r\n\t<a class=\"vc_btn3 vc_btn3-shape-round wpb_custom_6687b26f39488ddbb85ddb3c1ce8e111 btn btn-xl btn-primary\" href=\"https:\/\/mona.ilogs.systems\/ch\/app\/catalog\/miet\/\" title=\"\">Zum Katalog<\/a>\t<\/div>\r\n\r\n\t<div class=\"wpb_single_image wpb_content_element vc_align_center wpb_content_element  vc_custom_1768310638868 wpb_custom_81a4f7ef9830bf958462581aa01150fb\"><div class=\"wpb_wrapper\">\r\n\t\t\t\r\n\t\t\t<div class=\"vc_single_image-wrapper   vc_box_border_grey\"><img decoding=\"async\" width=\"566\" height=\"733\" src=\"https:\/\/mona.ilogs.systems\/wp-content\/uploads\/2025\/04\/Wohnungsuebergabe-Auszug.png\" class=\"vc_single_image-img attachment-large\" alt=\"\" title=\"Vorlage Wohungs\u00fcbergabe\" srcset=\"https:\/\/mona.ilogs.systems\/wp-content\/uploads\/2025\/04\/Wohnungsuebergabe-Auszug.png 566w, https:\/\/mona.ilogs.systems\/wp-content\/uploads\/2025\/04\/Wohnungsuebergabe-Auszug-400x518.png 400w, https:\/\/mona.ilogs.systems\/wp-content\/uploads\/2025\/04\/Wohnungsuebergabe-Auszug-367x475.png 367w\" sizes=\"(max-width: 566px) 100vw, 566px\" \/><\/div>\r\n\t\t<\/div>\r\n\t<\/div>\r\n<\/div><\/div><div data-original=\"https:\/\/mona.ilogs.systems\/wp-content\/uploads\/2026\/01\/Bildschirmfoto-2026-01-13-um-14.21.18.png?id=2651\" class=\"vc_column_container col-md-6 d-none d-md-block vc_custom_1768310519356 porto-lazyload\"><div class=\"wpb_wrapper vc_column-inner\"><\/div><\/div><\/div><div class=\"vc_row-full-width vc_clearfix\"><\/div><div class=\"vc_row wpb_row row top-row vc_custom_1768310666065 wpb_custom_034b39d9bc6c6b310d69e39f0ccf274f\"><div class=\"vc_column_container col-md-12\"><div class=\"wpb_wrapper vc_column-inner\">\r\n\t<div class=\"wpb_text_column wpb_content_element wpb_custom_7c91d232724f73626cc933bd95b25ff0\" >\r\n\t\t<div class=\"wpb_wrapper\">\r\n\t\t\t<h1 style=\"text-align: center;\">Ihre Vorteile<\/h1>\n\r\n\t\t<\/div>\r\n\t<\/div>\r\n<\/div><\/div><\/div><div data-vc-full-width=\"true\" data-vc-full-width-temp=\"true\" data-vc-full-width-init=\"false\" data-vc-stretch-content=\"true\" class=\"vc_row wpb_row row top-row porto_stretch_css stretch_row_content_no_spaces_css vc_row-no-padding wpb_custom_034b39d9bc6c6b310d69e39f0ccf274f\"><div class=\"vc_column_container col-md-3\"><div class=\"wpb_wrapper vc_column-inner\">\r\n\t<div class=\"wpb_single_image wpb_content_element vc_align_center wpb_content_element  vc_custom_1768310860840 wpb_custom_81a4f7ef9830bf958462581aa01150fb\"><div class=\"wpb_wrapper\">\r\n\t\t\t\r\n\t\t\t<div class=\"vc_single_image-wrapper   vc_box_border_grey\"><img decoding=\"async\" width=\"333\" height=\"228\" src=\"https:\/\/mona.ilogs.systems\/wp-content\/uploads\/2026\/01\/Bildschirmfoto-2026-01-13-um-14.26.37.png\" class=\"vc_single_image-img attachment-large\" alt=\"\" title=\"Bildschirmfoto 2026-01-13 um 14.26.37\" \/><\/div>\r\n\t\t<\/div>\r\n\t<\/div>\r\n\r\n\t<div class=\"wpb_text_column wpb_content_element vc_custom_1768310767927 wpb_custom_7c91d232724f73626cc933bd95b25ff0\" >\r\n\t\t<div class=\"wpb_wrapper\">\r\n\t\t\t<p style=\"text-align: center;\"><strong><span class=\"a_GcMg font-feature-liga-off font-feature-clig-off font-feature-calt-off text-decoration-none text-strikethrough-none\">70% weniger Koordinationsaufwand in der Einsatzplanung<\/span><\/strong><\/p>\n\r\n\t\t<\/div>\r\n\t<\/div>\r\n\r\n\t<div class=\"wpb_text_column wpb_content_element vc_custom_1768310759491 wpb_custom_7c91d232724f73626cc933bd95b25ff0\" >\r\n\t\t<div class=\"wpb_wrapper\">\r\n\t\t\t<p class=\"cvGsUA direction-ltr align-center para-style-body\"><span class=\"a_GcMg font-feature-liga-off font-feature-clig-off font-feature-calt-off text-decoration-none text-strikethrough-none\">Dank digitaler Einsatzplanung sind Verf\u00fcgbarkeiten und Arbeitszeiten transparent ersichtlich.<\/span><\/p>\n<p class=\"cvGsUA direction-ltr align-center para-style-body\"><span class=\"a_GcMg font-feature-liga-off font-feature-clig-off font-feature-calt-off text-decoration-none text-strikethrough-none\">Doppelte Planung, R\u00fcckfragen oder Missverst\u00e4ndnisse geh\u00f6ren der Vergangenheit an.<\/span><\/p>\n\r\n\t\t<\/div>\r\n\t<\/div>\r\n<\/div><\/div><div class=\"vc_column_container col-md-3\"><div class=\"wpb_wrapper vc_column-inner\">\r\n\t<div class=\"wpb_single_image wpb_content_element vc_align_center wpb_content_element  vc_custom_1768310970143 wpb_custom_81a4f7ef9830bf958462581aa01150fb\"><div class=\"wpb_wrapper\">\r\n\t\t\t\r\n\t\t\t<div class=\"vc_single_image-wrapper   vc_box_border_grey\"><img decoding=\"async\" width=\"333\" height=\"228\" src=\"https:\/\/mona.ilogs.systems\/wp-content\/uploads\/2026\/01\/Bildschirmfoto-2026-01-13-um-14.26.47.png\" class=\"vc_single_image-img attachment-large\" alt=\"\" title=\"Bildschirmfoto 2026-01-13 um 14.26.47\" \/><\/div>\r\n\t\t<\/div>\r\n\t<\/div>\r\n\r\n\t<div class=\"wpb_text_column wpb_content_element vc_custom_1768310916036 wpb_custom_7c91d232724f73626cc933bd95b25ff0\" >\r\n\t\t<div class=\"wpb_wrapper\">\r\n\t\t\t<p style=\"text-align: center;\"><strong><span class=\"a_GcMg font-feature-liga-off font-feature-clig-off font-feature-calt-off text-decoration-none text-strikethrough-none\">Rechtliche Sicherheit &amp; Audit F\u00e4higkeit bei Auftr\u00e4gen<\/span><\/strong><\/p>\n\r\n\t\t<\/div>\r\n\t<\/div>\r\n\r\n\t<div class=\"wpb_text_column wpb_content_element vc_custom_1768310921462 wpb_custom_7c91d232724f73626cc933bd95b25ff0\" >\r\n\t\t<div class=\"wpb_wrapper\">\r\n\t\t\t<p class=\"cvGsUA direction-ltr align-center para-style-body\"><span class=\"a_GcMg font-feature-liga-off font-feature-clig-off font-feature-calt-off text-decoration-none text-strikethrough-none\">Durch die Implementierung der Managementsysteme ISO 27001 und ISO 27701 werden s\u00e4mtliche datenschutzrechtlichen Anforderungen erf\u00fcllt. Alle Nachweise sind revisionssicher und jederzeit abrufbar.<\/span><\/p>\n\r\n\t\t<\/div>\r\n\t<\/div>\r\n<\/div><\/div><div class=\"vc_column_container col-md-3\"><div class=\"wpb_wrapper vc_column-inner\">\r\n\t<div class=\"wpb_single_image wpb_content_element vc_align_center wpb_content_element  vc_custom_1768310979221 wpb_custom_81a4f7ef9830bf958462581aa01150fb\"><div class=\"wpb_wrapper\">\r\n\t\t\t\r\n\t\t\t<div class=\"vc_single_image-wrapper   vc_box_border_grey\"><img decoding=\"async\" width=\"333\" height=\"228\" src=\"https:\/\/mona.ilogs.systems\/wp-content\/uploads\/2026\/01\/Bildschirmfoto-2026-01-13-um-14.26.57.png\" class=\"vc_single_image-img attachment-large\" alt=\"\" title=\"Bildschirmfoto 2026-01-13 um 14.26.57\" \/><\/div>\r\n\t\t<\/div>\r\n\t<\/div>\r\n\r\n\t<div class=\"wpb_text_column wpb_content_element vc_custom_1768310941627 wpb_custom_7c91d232724f73626cc933bd95b25ff0\" >\r\n\t\t<div class=\"wpb_wrapper\">\r\n\t\t\t<p style=\"text-align: center;\"><strong><span class=\"a_GcMg font-feature-liga-off font-feature-clig-off font-feature-calt-off text-decoration-none text-strikethrough-none\">Weniger R\u00fcckfragen &amp; Missverst\u00e4ndnisse &#8211; dank Standardisierung<\/span><\/strong><\/p>\n\r\n\t\t<\/div>\r\n\t<\/div>\r\n\r\n\t<div class=\"wpb_text_column wpb_content_element vc_custom_1768310946659 wpb_custom_7c91d232724f73626cc933bd95b25ff0\" >\r\n\t\t<div class=\"wpb_wrapper\">\r\n\t\t\t<p class=\"cvGsUA direction-ltr align-center para-style-body\"><span class=\"a_GcMg font-feature-liga-off font-feature-clig-off font-feature-calt-off text-decoration-none text-strikethrough-none\">Standardisierte Formulare mit Pflichtfeldern, strukturierte Eingabemasken und klare Vorgaben sorgen f\u00fcr vollst\u00e4ndige und konsistente Informationen. Zus\u00e4tzlich k\u00f6nnen automatisch generierte Berichte und Terminerinnerungen zu definierten Zeitpunkten direkt an Ihre Kunden versendet werden.<\/span><\/p>\n\r\n\t\t<\/div>\r\n\t<\/div>\r\n<\/div><\/div><div class=\"vc_column_container col-md-3\"><div class=\"wpb_wrapper vc_column-inner\">\r\n\t<div class=\"wpb_single_image wpb_content_element vc_align_center wpb_content_element  vc_custom_1768310990337 wpb_custom_81a4f7ef9830bf958462581aa01150fb\"><div class=\"wpb_wrapper\">\r\n\t\t\t\r\n\t\t\t<div class=\"vc_single_image-wrapper   vc_box_border_grey\"><img decoding=\"async\" width=\"333\" height=\"228\" src=\"https:\/\/mona.ilogs.systems\/wp-content\/uploads\/2026\/01\/Bildschirmfoto-2026-01-13-um-14.27.10.png\" class=\"vc_single_image-img attachment-large\" alt=\"\" title=\"Bildschirmfoto 2026-01-13 um 14.27.10\" \/><\/div>\r\n\t\t<\/div>\r\n\t<\/div>\r\n\r\n\t<div class=\"wpb_text_column wpb_content_element vc_custom_1768310955008 wpb_custom_7c91d232724f73626cc933bd95b25ff0\" >\r\n\t\t<div class=\"wpb_wrapper\">\r\n\t\t\t<p style=\"text-align: center;\"><strong><span class=\"a_GcMg font-feature-liga-off font-feature-clig-off font-feature-calt-off text-decoration-none text-strikethrough-none\">Schnellere Abrechnungs- &amp; Bearbeitungsprozesse<\/span><\/strong><\/p>\n\r\n\t\t<\/div>\r\n\t<\/div>\r\n\r\n\t<div class=\"wpb_text_column wpb_content_element vc_custom_1768310961318 wpb_custom_7c91d232724f73626cc933bd95b25ff0\" >\r\n\t\t<div class=\"wpb_wrapper\">\r\n\t\t\t<p class=\"cvGsUA direction-ltr align-center para-style-body\"><span class=\"a_GcMg font-feature-liga-off font-feature-clig-off font-feature-calt-off text-decoration-none text-strikethrough-none\">Arbeitszeiten, erbrachte Leistungen und Abwesenheiten werden direkt vor Ort digital erfasst \u2013 strukturiert und einheitlich. Die erfassten Daten stehen in Echtzeit zur Verf\u00fcgung und lassen sich nahtlos in bestehende Abrechnungs- und Verwaltungssysteme integrieren.<\/span><\/p>\n\r\n\t\t<\/div>\r\n\t<\/div>\r\n<\/div><\/div><\/div><div class=\"vc_row-full-width vc_clearfix\"><\/div><div class=\"vc_row wpb_row row top-row wpb_custom_034b39d9bc6c6b310d69e39f0ccf274f\"><div class=\"vc_column_container col-md-12\"><div class=\"wpb_wrapper vc_column-inner\"><div class=\"vc_btn3-container vc_btn3-center vc_custom_1768320042038 vc_do_btn\" >\r\n\t<a class=\"vc_btn3 vc_btn3-shape-round wpb_custom_6687b26f39488ddbb85ddb3c1ce8e111 btn btn-xl btn-primary\" href=\"https:\/\/mona.ilogs.systems\/app\/registration\/\" title=\"mona kostenlos testen\">mona kostenlos testen<\/a>\t<\/div>\r\n<\/div><\/div><\/div>\n<\/div>","protected":false},"excerpt":{"rendered":"Immobilien digital Mit mona verwalten Sie Immobilien modern und digital. Unsere Immobilienmanagement Software vereinfacht t\u00e4gliche Abl\u00e4ufe, unterst\u00fctzt bei der Immobilienverwaltung und sorgt f\u00fcr transparente Prozesse - von der Wartung bis zum Wohnungs\u00fcbergabeprotokoll. Mitarbeiter:innen im Au\u00dfendienst - etwa Hausmeister, Techniker oder Objektbetreuer:innen - melden sich direkt \u00fcber die App an und erhalten sofort Zugriff auf ihre [...]","protected":false},"author":1,"featured_media":0,"parent":0,"menu_order":0,"comment_status":"closed","ping_status":"closed","template":"","meta":{"footnotes":""},"class_list":["post-1868","page","type-page","status-publish","hentry"],"aioseo_notices":[],"_links":{"self":[{"href":"https:\/\/mona.ilogs.systems\/ch\/wp-json\/wp\/v2\/pages\/1868","targetHints":{"allow":["GET"]}}],"collection":[{"href":"https:\/\/mona.ilogs.systems\/ch\/wp-json\/wp\/v2\/pages"}],"about":[{"href":"https:\/\/mona.ilogs.systems\/ch\/wp-json\/wp\/v2\/types\/page"}],"author":[{"embeddable":true,"href":"https:\/\/mona.ilogs.systems\/ch\/wp-json\/wp\/v2\/users\/1"}],"replies":[{"embeddable":true,"href":"https:\/\/mona.ilogs.systems\/ch\/wp-json\/wp\/v2\/comments?post=1868"}],"version-history":[{"count":23,"href":"https:\/\/mona.ilogs.systems\/ch\/wp-json\/wp\/v2\/pages\/1868\/revisions"}],"predecessor-version":[{"id":2687,"href":"https:\/\/mona.ilogs.systems\/ch\/wp-json\/wp\/v2\/pages\/1868\/revisions\/2687"}],"wp:attachment":[{"href":"https:\/\/mona.ilogs.systems\/ch\/wp-json\/wp\/v2\/media?parent=1868"}],"curies":[{"name":"wp","href":"https:\/\/api.w.org\/{rel}","templated":true}]}}