{"id":1835,"date":"2025-05-05T08:22:03","date_gmt":"2025-05-05T06:22:03","guid":{"rendered":"https:\/\/mona.ilogs.systems\/?page_id=1835"},"modified":"2026-01-14T12:55:14","modified_gmt":"2026-01-14T11:55:14","slug":"brandschutz","status":"publish","type":"page","link":"https:\/\/mona.ilogs.systems\/ch\/brandschutz\/","title":{"rendered":"Brandschutz"},"content":{"rendered":"<div class=\"wpb-content-wrapper\"><div data-vc-full-width=\"true\" data-vc-full-width-temp=\"true\" data-vc-full-width-init=\"false\" data-vc-stretch-content=\"true\" class=\"vc_row wpb_row row top-row vc_custom_1768384208814 porto_stretch_css stretch_row_content_no_spaces_css vc_row-no-padding wpb_custom_034b39d9bc6c6b310d69e39f0ccf274f\"><div class=\"vc_column_container col-md-6\"><div class=\"wpb_wrapper vc_column-inner\">\r\n\t<div class=\"wpb_single_image wpb_content_element vc_align_center wpb_content_element  wpb_custom_81a4f7ef9830bf958462581aa01150fb\"><div class=\"wpb_wrapper\">\r\n\t\t\t\r\n\t\t\t<div class=\"vc_single_image-wrapper   vc_box_border_grey\"><img decoding=\"async\" width=\"568\" height=\"543\" src=\"https:\/\/mona.ilogs.systems\/wp-content\/uploads\/2026\/01\/Bildschirmfoto-2026-01-14-um-10.41.03.png\" class=\"vc_single_image-img attachment-large\" alt=\"\" title=\"Bildschirmfoto 2026-01-14 um 10.41.03\" srcset=\"https:\/\/mona.ilogs.systems\/wp-content\/uploads\/2026\/01\/Bildschirmfoto-2026-01-14-um-10.41.03.png 568w, https:\/\/mona.ilogs.systems\/wp-content\/uploads\/2026\/01\/Bildschirmfoto-2026-01-14-um-10.41.03-400x382.png 400w, https:\/\/mona.ilogs.systems\/wp-content\/uploads\/2026\/01\/Bildschirmfoto-2026-01-14-um-10.41.03-367x351.png 367w\" sizes=\"(max-width: 568px) 100vw, 568px\" \/><\/div>\r\n\t\t<\/div>\r\n\t<\/div>\r\n<\/div><\/div><div class=\"vc_column_container col-md-6 vc_custom_1768391437813\"><div class=\"wpb_wrapper vc_column-inner\">\r\n\t<div class=\"wpb_text_column wpb_content_element vc_custom_1768391677810 wpb_custom_7c91d232724f73626cc933bd95b25ff0\" >\r\n\t\t<div class=\"wpb_wrapper\">\r\n\t\t\t<div class=\"wpb_text_column wpb_content_element wpb_custom_7c91d232724f73626cc933bd95b25ff0\">\n<div class=\"wpb_wrapper\">\n<h1 class=\"cvGsUA direction-ltr align-start para-style-body\"><span class=\"a_GcMg font-feature-liga-off font-feature-clig-off font-feature-calt-off text-decoration-none text-strikethrough-none\">Digitale <\/span><span class=\"a_GcMg font-feature-liga-off font-feature-clig-off font-feature-calt-off text-decoration-none text-strikethrough-none\">Brandschutzakten<\/span><\/h1>\n<\/div>\n<\/div>\n\r\n\t\t<\/div>\r\n\t<\/div>\r\n\r\n\t<div class=\"wpb_text_column wpb_content_element wpb_custom_7c91d232724f73626cc933bd95b25ff0\" >\r\n\t\t<div class=\"wpb_wrapper\">\r\n\t\t\t<p class=\"cvGsUA direction-ltr align-start para-style-body\" style=\"text-align: left;\"><span class=\"a_GcMg font-feature-liga-off font-feature-clig-off font-feature-calt-off text-decoration-none text-strikethrough-none\">Im Brandschutz z\u00e4hlt saubere Dokumentation genauso wie die Pr\u00fcfung selbst.<\/span><\/p>\n<p class=\"cvGsUA direction-ltr align-start para-style-body\" style=\"text-align: left;\"><span class=\"a_GcMg font-feature-liga-off font-feature-clig-off font-feature-calt-off text-decoration-none text-strikethrough-none\">mona erfasst Kontrollen, Wartungen, M\u00e4ngel und Eins\u00e4tze direkt digital im Arbeitsablauf \u2013 strukturiert, vollst\u00e4ndig und objektbezogen. Jede Ma\u00dfnahme ist sofort nachvollziehbar dokumentiert und jederzeit abrufbar, im B\u00fcro wie vor Ort.<\/span><\/p>\n<ul>\n<li><span class=\"a_GcMg font-feature-liga-off font-feature-clig-off font-feature-calt-off text-decoration-none text-strikethrough-none\">Digitale Pr\u00fcf- und Wartungsprotokolle<\/span><\/li>\n<li><span class=\"a_GcMg font-feature-liga-off font-feature-clig-off font-feature-calt-off text-decoration-none text-strikethrough-none\">Standardisierte Vorlagen f\u00fcr Kontrollen und M\u00e4ngel<\/span><\/li>\n<li><span class=\"a_GcMg font-feature-liga-off font-feature-clig-off font-feature-calt-off text-decoration-none text-strikethrough-none\">L\u00fcckenlose Dokumentation mit Zeitstempel, Fotos &amp; Unterschriften<\/span><\/li>\n<li><span class=\"a_GcMg font-feature-liga-off font-feature-clig-off font-feature-calt-off text-decoration-none text-strikethrough-none\">Zentrale Ablage aller Nachweise im System<\/span><\/li>\n<li><span class=\"a_GcMg font-feature-liga-off font-feature-clig-off font-feature-calt-off text-decoration-none text-strikethrough-none\">Sofort exportierbar f\u00fcr Audits, Pr\u00fcfer &amp; Beh\u00f6rden<\/span><\/li>\n<\/ul>\n\r\n\t\t<\/div>\r\n\t<\/div>\r\n<div class=\"vc_btn3-container vc_btn3-center vc_do_btn\" >\r\n\t<a class=\"vc_btn3 vc_btn3-shape-round wpb_custom_6687b26f39488ddbb85ddb3c1ce8e111 btn btn-xl btn-primary\" href=\"https:\/\/mona.ilogs.systems\/app\/registration\/\" title=\"\">Kostenlose Beratung vereinbaren<\/a>\t<\/div>\r\n<\/div><\/div><\/div><div class=\"vc_row-full-width vc_clearfix\"><\/div><div data-vc-full-width=\"true\" data-vc-full-width-temp=\"true\" data-vc-full-width-init=\"false\" data-vc-stretch-content=\"true\" class=\"vc_row wpb_row row top-row vc_custom_1768391712328 porto_stretch_css stretch_row_content_no_spaces_css vc_row-has-fill vc_row-no-padding wpb_custom_034b39d9bc6c6b310d69e39f0ccf274f\"><div class=\"vc_column_container col-md-6 vc_custom_1768384766862\"><div class=\"wpb_wrapper vc_column-inner\">\r\n\t<div class=\"wpb_text_column wpb_content_element vc_custom_1768384888901 wpb_custom_7c91d232724f73626cc933bd95b25ff0\" >\r\n\t\t<div class=\"wpb_wrapper\">\r\n\t\t\t<div class=\"wpb_text_column wpb_content_element wpb_custom_7c91d232724f73626cc933bd95b25ff0\">\n<div class=\"wpb_wrapper\">\n<h1 class=\"cvGsUA direction-ltr align-start para-style-body\"><span class=\"a_GcMg font-feature-liga-off font-feature-clig-off font-feature-calt-off text-decoration-none text-strikethrough-none\">Dashboard f\u00fcr Mitarbeiter: <\/span><span class=\"a_GcMg font-feature-liga-off font-feature-clig-off font-feature-calt-off text-decoration-none text-strikethrough-none\">Was ist zu tun?<\/span><\/h1>\n<\/div>\n<\/div>\n\r\n\t\t<\/div>\r\n\t<\/div>\r\n\r\n\t<div class=\"wpb_text_column wpb_content_element wpb_custom_7c91d232724f73626cc933bd95b25ff0\" >\r\n\t\t<div class=\"wpb_wrapper\">\r\n\t\t\t<p>Ob Monatspr\u00fcfung, Jahresrevision oder Ad-hoc-Wartung nach St\u00f6rung \u2013 mona field force zeigt alle Termine im \u00fcbersichtlichen Kalender an. Zeitbl\u00f6cke sind klar erkennbar, Mehrtageseins\u00e4tze lassen sich abbilden und wiederkehrende Pr\u00fcfzyklen k\u00f6nnen automatisiert eingeplant werden.<\/p>\n<ul>\n<li>Synchronisierung mit internen Fristen und externen Pr\u00fcfvorgaben<\/li>\n<li>Zeitgenaue Planung von Pr\u00fcfungen, Wartungen &amp; Inbetriebnahmen<\/li>\n<li>Tages-, Wochen- und Monatsansicht<\/li>\n<li>Koordination von Mehrtageseins\u00e4tzen (z.\u202fB. bei Grossanlagen)<\/li>\n<li>Visualisierung von Eins\u00e4tzen nach Typ (z.\u202fB. Kontrolle, Nachr\u00fcstung, Instandsetzung)<\/li>\n<\/ul>\n\r\n\t\t<\/div>\r\n\t<\/div>\r\n<div class=\"vc_btn3-container vc_btn3-center vc_do_btn\" >\r\n\t<a class=\"vc_btn3 vc_btn3-shape-round wpb_custom_6687b26f39488ddbb85ddb3c1ce8e111 btn btn-xl btn-primary\" href=\"https:\/\/mona.ilogs.systems\/app\/registration\/\" title=\"\">Demo testen<\/a>\t<\/div>\r\n<\/div><\/div><div class=\"vc_column_container col-md-6 vc_custom_1768384792708\"><div class=\"wpb_wrapper vc_column-inner\">\r\n\t<div class=\"wpb_single_image wpb_content_element vc_align_center wpb_content_element  wpb_custom_81a4f7ef9830bf958462581aa01150fb\"><div class=\"wpb_wrapper\">\r\n\t\t\t\r\n\t\t\t<div class=\"vc_single_image-wrapper   vc_box_border_grey\"><img decoding=\"async\" width=\"959\" height=\"644\" src=\"https:\/\/mona.ilogs.systems\/wp-content\/uploads\/2026\/01\/Titel-13.png\" class=\"vc_single_image-img attachment-large\" alt=\"\" title=\"Titel-13\" srcset=\"https:\/\/mona.ilogs.systems\/wp-content\/uploads\/2026\/01\/Titel-13.png 959w, https:\/\/mona.ilogs.systems\/wp-content\/uploads\/2026\/01\/Titel-13-768x516.png 768w, https:\/\/mona.ilogs.systems\/wp-content\/uploads\/2026\/01\/Titel-13-640x430.png 640w, https:\/\/mona.ilogs.systems\/wp-content\/uploads\/2026\/01\/Titel-13-400x269.png 400w, https:\/\/mona.ilogs.systems\/wp-content\/uploads\/2026\/01\/Titel-13-367x246.png 367w, https:\/\/mona.ilogs.systems\/wp-content\/uploads\/2026\/01\/Titel-13-600x403.png 600w\" sizes=\"(max-width: 959px) 100vw, 959px\" \/><\/div>\r\n\t\t<\/div>\r\n\t<\/div>\r\n<\/div><\/div><\/div><div class=\"vc_row-full-width vc_clearfix\"><\/div><div data-vc-full-width=\"true\" data-vc-full-width-temp=\"true\" data-vc-full-width-init=\"false\" data-vc-stretch-content=\"true\" class=\"vc_row wpb_row row top-row vc_custom_1768385222807 porto_stretch_css stretch_row_content_no_spaces_css vc_row-has-fill vc_row-no-padding wpb_custom_034b39d9bc6c6b310d69e39f0ccf274f\"><div class=\"vc_column_container col-md-6\"><div class=\"wpb_wrapper vc_column-inner\">\r\n\t<div class=\"wpb_single_image wpb_content_element vc_align_center wpb_content_element  wpb_custom_81a4f7ef9830bf958462581aa01150fb\"><div class=\"wpb_wrapper\">\r\n\t\t\t\r\n\t\t\t<div class=\"vc_single_image-wrapper   vc_box_border_grey\"><img decoding=\"async\" width=\"630\" height=\"487\" src=\"https:\/\/mona.ilogs.systems\/wp-content\/uploads\/2026\/01\/Bildschirmfoto-2026-01-14-um-11.04.18.png\" class=\"vc_single_image-img attachment-large\" alt=\"\" title=\"Bildschirmfoto 2026-01-14 um 11.04.18\" srcset=\"https:\/\/mona.ilogs.systems\/wp-content\/uploads\/2026\/01\/Bildschirmfoto-2026-01-14-um-11.04.18.png 630w, https:\/\/mona.ilogs.systems\/wp-content\/uploads\/2026\/01\/Bildschirmfoto-2026-01-14-um-11.04.18-400x309.png 400w, https:\/\/mona.ilogs.systems\/wp-content\/uploads\/2026\/01\/Bildschirmfoto-2026-01-14-um-11.04.18-367x284.png 367w, https:\/\/mona.ilogs.systems\/wp-content\/uploads\/2026\/01\/Bildschirmfoto-2026-01-14-um-11.04.18-600x464.png 600w\" sizes=\"(max-width: 630px) 100vw, 630px\" \/><\/div>\r\n\t\t<\/div>\r\n\t<\/div>\r\n<\/div><\/div><div class=\"vc_column_container col-md-6 vc_custom_1768385205120\"><div class=\"wpb_wrapper vc_column-inner\">\r\n\t<div class=\"wpb_text_column wpb_content_element vc_custom_1768385236036 wpb_custom_7c91d232724f73626cc933bd95b25ff0\" >\r\n\t\t<div class=\"wpb_wrapper\">\r\n\t\t\t<div class=\"wpb_text_column wpb_content_element wpb_custom_7c91d232724f73626cc933bd95b25ff0\">\n<div class=\"wpb_wrapper\">\n<h1 class=\"wp-block-heading\">Auftragsanlage mit System: Kein Brandschutzmodul vergessen<\/h1>\n<\/div>\n<\/div>\n\r\n\t\t<\/div>\r\n\t<\/div>\r\n\r\n\t<div class=\"wpb_text_column wpb_content_element wpb_custom_7c91d232724f73626cc933bd95b25ff0\" >\r\n\t\t<div class=\"wpb_wrapper\">\r\n\t\t\t<p>Jeder Einsatz startet mit einem sauber angelegten Auftrag. Mit mona field force erfassen Sie relevante Informationen direkt: Kunden, Objekt, Art der Anlage (z.\u202fB. RWA, BMA, Hydranten), Beschreibung der Massnahme, verantwortliche Fachkraft und Zeitraum. Pflichtfelder, Dropdowns und Konfliktpr\u00fcfung sorgen f\u00fcr Klarheit.<\/p>\n<ul>\n<li>Vorlagen f\u00fcr typische Einsatzarten (z.\u202fB. Wartung BMA, TUS-Kontrolle, Evakuierungscheck)<\/li>\n<li>Dropdowns f\u00fcr Objektarten, Modultypen &amp; Zust\u00e4ndigkeiten<\/li>\n<li>Automatische Konflikterkennung bei parallelen Pr\u00fcfungen<\/li>\n<li>Hinterlegung von Standorten &amp; Stockwerksbez\u00fcgen<\/li>\n<\/ul>\n\r\n\t\t<\/div>\r\n\t<\/div>\r\n<div class=\"vc_btn3-container vc_btn3-center vc_do_btn\" >\r\n\t<a class=\"vc_btn3 vc_btn3-shape-round wpb_custom_6687b26f39488ddbb85ddb3c1ce8e111 btn btn-xl btn-primary\" href=\"https:\/\/mona.ilogs.systems\/app\/registration\/\" title=\"\">Jetzt digitalisieren<\/a>\t<\/div>\r\n<\/div><\/div><\/div><div class=\"vc_row-full-width vc_clearfix\"><\/div><div data-vc-full-width=\"true\" data-vc-full-width-temp=\"true\" data-vc-full-width-init=\"false\" data-vc-stretch-content=\"true\" class=\"vc_row wpb_row row top-row porto_stretch_css stretch_row_content_no_spaces_css vc_row-no-padding wpb_custom_034b39d9bc6c6b310d69e39f0ccf274f\"><div class=\"vc_column_container col-md-6 vc_custom_1768389121162\"><div class=\"wpb_wrapper vc_column-inner\">\r\n\t<div class=\"wpb_text_column wpb_content_element vc_custom_1768389136301 wpb_custom_7c91d232724f73626cc933bd95b25ff0\" >\r\n\t\t<div class=\"wpb_wrapper\">\r\n\t\t\t<h1>Vorlagen zum Importieren<\/h1>\n\r\n\t\t<\/div>\r\n\t<\/div>\r\n\r\n\t<div class=\"wpb_text_column wpb_content_element wpb_custom_7c91d232724f73626cc933bd95b25ff0\" >\r\n\t\t<div class=\"wpb_wrapper\">\r\n\t\t\t<p>Mit dem Vorlagenkatalog k\u00f6nnen Sie sofort durchstarten!<\/p>\n<p>W\u00e4hlen Sie aus einer Vielzahl branchenspezifischer Vorlagen, importieren Sie diese mit nur einem Klick und passen Sie individuell an Ihre Anforderungen an.<\/p>\n<p><strong>Diese Vorlage kann f\u00fcr Ihr Unternehmen angepasst werden!<\/strong><\/p>\n\r\n\t\t<\/div>\r\n\t<\/div>\r\n<div class=\"vc_btn3-container vc_btn3-center vc_custom_1768389289307 vc_do_btn\" >\r\n\t<a class=\"vc_btn3 vc_btn3-shape-round wpb_custom_6687b26f39488ddbb85ddb3c1ce8e111 btn btn-xl btn-primary\" href=\"https:\/\/mona.ilogs.systems\/ch\/app\/catalog\/brand\/\" title=\"\">Zum Katalog<\/a>\t<\/div>\r\n\r\n\t<div class=\"wpb_single_image wpb_content_element vc_align_center wpb_content_element  vc_custom_1768389307639 wpb_custom_81a4f7ef9830bf958462581aa01150fb\"><div class=\"wpb_wrapper\">\r\n\t\t\t\r\n\t\t\t<div class=\"vc_single_image-wrapper   vc_box_border_grey\"><img decoding=\"async\" width=\"583\" height=\"708\" src=\"https:\/\/mona.ilogs.systems\/wp-content\/uploads\/2025\/04\/Brandschutz1.png\" class=\"vc_single_image-img attachment-large\" alt=\"\" title=\"Vorlage Checkliste Brandschutubegehung\" srcset=\"https:\/\/mona.ilogs.systems\/wp-content\/uploads\/2025\/04\/Brandschutz1.png 583w, https:\/\/mona.ilogs.systems\/wp-content\/uploads\/2025\/04\/Brandschutz1-400x486.png 400w, https:\/\/mona.ilogs.systems\/wp-content\/uploads\/2025\/04\/Brandschutz1-367x446.png 367w\" sizes=\"(max-width: 583px) 100vw, 583px\" \/><\/div>\r\n\t\t<\/div>\r\n\t<\/div>\r\n<\/div><\/div><div data-original=\"https:\/\/mona.ilogs.systems\/wp-content\/uploads\/2026\/01\/Bildschirmfoto-2026-01-14-um-12.13.44.png?id=2662\" class=\"vc_column_container col-md-6 d-none d-md-block vc_custom_1768389258092 porto-lazyload\"><div class=\"wpb_wrapper vc_column-inner\"><\/div><\/div><\/div><div class=\"vc_row-full-width vc_clearfix\"><\/div><div class=\"vc_row wpb_row row top-row vc_custom_1768389351141 wpb_custom_034b39d9bc6c6b310d69e39f0ccf274f\"><div class=\"vc_column_container col-md-12\"><div class=\"wpb_wrapper vc_column-inner\">\r\n\t<div class=\"wpb_text_column wpb_content_element wpb_custom_7c91d232724f73626cc933bd95b25ff0\" >\r\n\t\t<div class=\"wpb_wrapper\">\r\n\t\t\t<h1 class=\"wp-block-heading alignfull has-text-align-center\">Ihre Vorteile<\/h1>\n\r\n\t\t<\/div>\r\n\t<\/div>\r\n<\/div><\/div><\/div><div data-vc-full-width=\"true\" data-vc-full-width-temp=\"true\" data-vc-full-width-init=\"false\" data-vc-stretch-content=\"true\" class=\"vc_row wpb_row row top-row porto_stretch_css stretch_row_content_no_spaces_css vc_row-no-padding wpb_custom_034b39d9bc6c6b310d69e39f0ccf274f\"><div class=\"vc_column_container col-md-3\"><div class=\"wpb_wrapper vc_column-inner\">\r\n\t<div class=\"wpb_single_image wpb_content_element vc_align_center wpb_content_element  vc_custom_1768389437991 wpb_custom_81a4f7ef9830bf958462581aa01150fb\"><div class=\"wpb_wrapper\">\r\n\t\t\t\r\n\t\t\t<div class=\"vc_single_image-wrapper   vc_box_border_grey\"><img decoding=\"async\" width=\"377\" height=\"260\" src=\"https:\/\/mona.ilogs.systems\/wp-content\/uploads\/2026\/01\/Bildschirmfoto-2026-01-14-um-12.16.31.png\" class=\"vc_single_image-img attachment-large\" alt=\"\" title=\"Bildschirmfoto 2026-01-14 um 12.16.31\" srcset=\"https:\/\/mona.ilogs.systems\/wp-content\/uploads\/2026\/01\/Bildschirmfoto-2026-01-14-um-12.16.31.png 377w, https:\/\/mona.ilogs.systems\/wp-content\/uploads\/2026\/01\/Bildschirmfoto-2026-01-14-um-12.16.31-367x253.png 367w\" sizes=\"(max-width: 377px) 100vw, 377px\" \/><\/div>\r\n\t\t<\/div>\r\n\t<\/div>\r\n\r\n\t<div class=\"wpb_text_column wpb_content_element vc_custom_1768389474026 wpb_custom_7c91d232724f73626cc933bd95b25ff0\" >\r\n\t\t<div class=\"wpb_wrapper\">\r\n\t\t\t<p style=\"text-align: center;\"><strong><span class=\"a_GcMg font-feature-liga-off font-feature-clig-off font-feature-calt-off text-decoration-none text-strikethrough-none\">70% weniger Koordinationsaufwand in der Einsatzplanung<\/span><\/strong><\/p>\n\r\n\t\t<\/div>\r\n\t<\/div>\r\n\r\n\t<div class=\"wpb_text_column wpb_content_element vc_custom_1768389493368 wpb_custom_7c91d232724f73626cc933bd95b25ff0\" >\r\n\t\t<div class=\"wpb_wrapper\">\r\n\t\t\t<p class=\"cvGsUA direction-ltr align-center para-style-body\" style=\"text-align: center;\"><span class=\"a_GcMg font-feature-liga-off font-feature-clig-off font-feature-calt-off text-decoration-none text-strikethrough-none\">Dank digitaler Einsatzplanung sind Verf\u00fcgbarkeiten und Arbeitszeiten transparent ersichtlich.<\/span><\/p>\n<p class=\"cvGsUA direction-ltr align-center para-style-body\" style=\"text-align: center;\"><span class=\"a_GcMg font-feature-liga-off font-feature-clig-off font-feature-calt-off text-decoration-none text-strikethrough-none\">Doppelte Planung, R\u00fcckfragen oder Missverst\u00e4ndnisse geh\u00f6ren der Vergangenheit an.<\/span><\/p>\n\r\n\t\t<\/div>\r\n\t<\/div>\r\n<\/div><\/div><div class=\"vc_column_container col-md-3\"><div class=\"wpb_wrapper vc_column-inner\">\r\n\t<div class=\"wpb_single_image wpb_content_element vc_align_center wpb_content_element  vc_custom_1768389549098 wpb_custom_81a4f7ef9830bf958462581aa01150fb\"><div class=\"wpb_wrapper\">\r\n\t\t\t\r\n\t\t\t<div class=\"vc_single_image-wrapper   vc_box_border_grey\"><img decoding=\"async\" width=\"377\" height=\"260\" src=\"https:\/\/mona.ilogs.systems\/wp-content\/uploads\/2026\/01\/Bildschirmfoto-2026-01-14-um-12.16.42.png\" class=\"vc_single_image-img attachment-large\" alt=\"\" title=\"Bildschirmfoto 2026-01-14 um 12.16.42\" srcset=\"https:\/\/mona.ilogs.systems\/wp-content\/uploads\/2026\/01\/Bildschirmfoto-2026-01-14-um-12.16.42.png 377w, https:\/\/mona.ilogs.systems\/wp-content\/uploads\/2026\/01\/Bildschirmfoto-2026-01-14-um-12.16.42-367x253.png 367w\" sizes=\"(max-width: 377px) 100vw, 377px\" \/><\/div>\r\n\t\t<\/div>\r\n\t<\/div>\r\n\r\n\t<div class=\"wpb_text_column wpb_content_element vc_custom_1768389532199 wpb_custom_7c91d232724f73626cc933bd95b25ff0\" >\r\n\t\t<div class=\"wpb_wrapper\">\r\n\t\t\t<p style=\"text-align: center;\"><strong><span class=\"a_GcMg font-feature-liga-off font-feature-clig-off font-feature-calt-off text-decoration-none text-strikethrough-none\">Rechtliche Sicherheit &amp; Audit F\u00e4higkeit bei Auftr\u00e4gen<\/span><\/strong><\/p>\n\r\n\t\t<\/div>\r\n\t<\/div>\r\n\r\n\t<div class=\"wpb_text_column wpb_content_element vc_custom_1768389538889 wpb_custom_7c91d232724f73626cc933bd95b25ff0\" >\r\n\t\t<div class=\"wpb_wrapper\">\r\n\t\t\t<p class=\"cvGsUA direction-ltr align-center para-style-body\" style=\"text-align: center;\"><span class=\"a_GcMg font-feature-liga-off font-feature-clig-off font-feature-calt-off text-decoration-none text-strikethrough-none\">Durch die Implementierung der Managementsysteme ISO 27001 und ISO 27701 werden s\u00e4mtliche datenschutzrechtlichen Anforderungen erf\u00fcllt. Alle Nachweise sind revisionssicher und jederzeit abrufbar.<\/span><\/p>\n\r\n\t\t<\/div>\r\n\t<\/div>\r\n<\/div><\/div><div class=\"vc_column_container col-md-3\"><div class=\"wpb_wrapper vc_column-inner\">\r\n\t<div class=\"wpb_single_image wpb_content_element vc_align_center wpb_content_element  vc_custom_1768389584493 wpb_custom_81a4f7ef9830bf958462581aa01150fb\"><div class=\"wpb_wrapper\">\r\n\t\t\t\r\n\t\t\t<div class=\"vc_single_image-wrapper   vc_box_border_grey\"><img decoding=\"async\" width=\"377\" height=\"260\" src=\"https:\/\/mona.ilogs.systems\/wp-content\/uploads\/2026\/01\/Bildschirmfoto-2026-01-14-um-12.16.49.png\" class=\"vc_single_image-img attachment-large\" alt=\"\" title=\"Bildschirmfoto 2026-01-14 um 12.16.49\" srcset=\"https:\/\/mona.ilogs.systems\/wp-content\/uploads\/2026\/01\/Bildschirmfoto-2026-01-14-um-12.16.49.png 377w, https:\/\/mona.ilogs.systems\/wp-content\/uploads\/2026\/01\/Bildschirmfoto-2026-01-14-um-12.16.49-367x253.png 367w\" sizes=\"(max-width: 377px) 100vw, 377px\" \/><\/div>\r\n\t\t<\/div>\r\n\t<\/div>\r\n\r\n\t<div class=\"wpb_text_column wpb_content_element vc_custom_1768389568919 wpb_custom_7c91d232724f73626cc933bd95b25ff0\" >\r\n\t\t<div class=\"wpb_wrapper\">\r\n\t\t\t<p style=\"text-align: center;\"><strong><span class=\"a_GcMg font-feature-liga-off font-feature-clig-off font-feature-calt-off text-decoration-none text-strikethrough-none\">Weniger R\u00fcckfragen &amp; Missverst\u00e4ndnisse &#8211; dank Standardisierung<\/span><\/strong><\/p>\n\r\n\t\t<\/div>\r\n\t<\/div>\r\n\r\n\t<div class=\"wpb_text_column wpb_content_element vc_custom_1768389575477 wpb_custom_7c91d232724f73626cc933bd95b25ff0\" >\r\n\t\t<div class=\"wpb_wrapper\">\r\n\t\t\t<p class=\"cvGsUA direction-ltr align-center para-style-body\" style=\"text-align: center;\"><span class=\"a_GcMg font-feature-liga-off font-feature-clig-off font-feature-calt-off text-decoration-none text-strikethrough-none\">Standardisierte Formulare mit Pflichtfeldern, strukturierte Eingabemasken und klare Vorgaben sorgen f\u00fcr vollst\u00e4ndige und konsistente Informationen. Zus\u00e4tzlich k\u00f6nnen automatisch generierte Berichte und Terminerinnerungen zu definierten Zeitpunkten direkt an Ihre Kunden versendet werden.<\/span><\/p>\n\r\n\t\t<\/div>\r\n\t<\/div>\r\n<\/div><\/div><div class=\"vc_column_container col-md-3\"><div class=\"wpb_wrapper vc_column-inner\">\r\n\t<div class=\"wpb_single_image wpb_content_element vc_align_center wpb_content_element  vc_custom_1768389623064 wpb_custom_81a4f7ef9830bf958462581aa01150fb\"><div class=\"wpb_wrapper\">\r\n\t\t\t\r\n\t\t\t<div class=\"vc_single_image-wrapper   vc_box_border_grey\"><img decoding=\"async\" width=\"377\" height=\"260\" src=\"https:\/\/mona.ilogs.systems\/wp-content\/uploads\/2026\/01\/Bildschirmfoto-2026-01-14-um-12.16.56.png\" class=\"vc_single_image-img attachment-large\" alt=\"\" title=\"Bildschirmfoto 2026-01-14 um 12.16.56\" srcset=\"https:\/\/mona.ilogs.systems\/wp-content\/uploads\/2026\/01\/Bildschirmfoto-2026-01-14-um-12.16.56.png 377w, https:\/\/mona.ilogs.systems\/wp-content\/uploads\/2026\/01\/Bildschirmfoto-2026-01-14-um-12.16.56-367x253.png 367w\" sizes=\"(max-width: 377px) 100vw, 377px\" \/><\/div>\r\n\t\t<\/div>\r\n\t<\/div>\r\n\r\n\t<div class=\"wpb_text_column wpb_content_element vc_custom_1768389606018 wpb_custom_7c91d232724f73626cc933bd95b25ff0\" >\r\n\t\t<div class=\"wpb_wrapper\">\r\n\t\t\t<p style=\"text-align: center;\"><strong><span class=\"a_GcMg font-feature-liga-off font-feature-clig-off font-feature-calt-off text-decoration-none text-strikethrough-none\">Schnellere Abrechnungs- &amp; Bearbeitungsprozesse<\/span><\/strong><\/p>\n\r\n\t\t<\/div>\r\n\t<\/div>\r\n\r\n\t<div class=\"wpb_text_column wpb_content_element vc_custom_1768389615034 wpb_custom_7c91d232724f73626cc933bd95b25ff0\" >\r\n\t\t<div class=\"wpb_wrapper\">\r\n\t\t\t<p class=\"cvGsUA direction-ltr align-center para-style-body\" style=\"text-align: center;\"><span class=\"a_GcMg font-feature-liga-off font-feature-clig-off font-feature-calt-off text-decoration-none text-strikethrough-none\">Arbeitszeiten, erbrachte Leistungen und Abwesenheiten werden direkt vor Ort digital erfasst \u2013 strukturiert und einheitlich. Die erfassten Daten stehen in Echtzeit zur Verf\u00fcgung und lassen sich nahtlos in bestehende Abrechnungs- und Verwaltungssysteme integrieren.<\/span><\/p>\n\r\n\t\t<\/div>\r\n\t<\/div>\r\n<\/div><\/div><\/div><div class=\"vc_row-full-width vc_clearfix\"><\/div><div class=\"vc_row wpb_row row top-row wpb_custom_034b39d9bc6c6b310d69e39f0ccf274f\"><div class=\"vc_column_container col-md-12\"><div class=\"wpb_wrapper vc_column-inner\"><div class=\"vc_btn3-container vc_btn3-center vc_custom_1768389703687 vc_do_btn\" >\r\n\t<a class=\"vc_btn3 vc_btn3-shape-round wpb_custom_6687b26f39488ddbb85ddb3c1ce8e111 btn btn-xl btn-primary\" href=\"https:\/\/mona.ilogs.systems\/app\/registration\/\" title=\"mona jetzt testen\">mona kostenlos testen<\/a>\t<\/div>\r\n<\/div><\/div><\/div>\n<\/div>","protected":false},"excerpt":{"rendered":"Digitale Brandschutzakten Im Brandschutz z\u00e4hlt saubere Dokumentation genauso wie die Pr\u00fcfung selbst. mona erfasst Kontrollen, Wartungen, M\u00e4ngel und Eins\u00e4tze direkt digital im Arbeitsablauf \u2013 strukturiert, vollst\u00e4ndig und objektbezogen. Jede Ma\u00dfnahme ist sofort nachvollziehbar dokumentiert und jederzeit abrufbar, im B\u00fcro wie vor Ort. Digitale Pr\u00fcf- und Wartungsprotokolle Standardisierte Vorlagen f\u00fcr Kontrollen und M\u00e4ngel L\u00fcckenlose Dokumentation mit [...]","protected":false},"author":1,"featured_media":0,"parent":0,"menu_order":0,"comment_status":"closed","ping_status":"closed","template":"","meta":{"footnotes":""},"class_list":["post-1835","page","type-page","status-publish","hentry"],"aioseo_notices":[],"_links":{"self":[{"href":"https:\/\/mona.ilogs.systems\/ch\/wp-json\/wp\/v2\/pages\/1835","targetHints":{"allow":["GET"]}}],"collection":[{"href":"https:\/\/mona.ilogs.systems\/ch\/wp-json\/wp\/v2\/pages"}],"about":[{"href":"https:\/\/mona.ilogs.systems\/ch\/wp-json\/wp\/v2\/types\/page"}],"author":[{"embeddable":true,"href":"https:\/\/mona.ilogs.systems\/ch\/wp-json\/wp\/v2\/users\/1"}],"replies":[{"embeddable":true,"href":"https:\/\/mona.ilogs.systems\/ch\/wp-json\/wp\/v2\/comments?post=1835"}],"version-history":[{"count":25,"href":"https:\/\/mona.ilogs.systems\/ch\/wp-json\/wp\/v2\/pages\/1835\/revisions"}],"predecessor-version":[{"id":2386,"href":"https:\/\/mona.ilogs.systems\/ch\/wp-json\/wp\/v2\/pages\/1835\/revisions\/2386"}],"wp:attachment":[{"href":"https:\/\/mona.ilogs.systems\/ch\/wp-json\/wp\/v2\/media?parent=1835"}],"curies":[{"name":"wp","href":"https:\/\/api.w.org\/{rel}","templated":true}]}}