{"id":1816,"date":"2025-05-05T08:01:48","date_gmt":"2025-05-05T06:01:48","guid":{"rendered":"https:\/\/mona.ilogs.systems\/?page_id=1816"},"modified":"2026-01-14T13:24:29","modified_gmt":"2026-01-14T12:24:29","slug":"reinigungsdienste","status":"publish","type":"page","link":"https:\/\/mona.ilogs.systems\/ch\/reinigungsdienste\/","title":{"rendered":"Reinigungsdienste"},"content":{"rendered":"<div class=\"wpb-content-wrapper\"><div data-vc-full-width=\"true\" data-vc-full-width-temp=\"true\" data-vc-full-width-init=\"false\" data-vc-stretch-content=\"true\" class=\"vc_row wpb_row row top-row vc_custom_1768392202709 porto_stretch_css stretch_row_content_no_spaces_css vc_row-no-padding wpb_custom_034b39d9bc6c6b310d69e39f0ccf274f\"><div class=\"vc_column_container col-md-6\"><div class=\"wpb_wrapper vc_column-inner\">\r\n\t<div class=\"wpb_single_image wpb_content_element vc_align_center wpb_content_element  wpb_custom_81a4f7ef9830bf958462581aa01150fb\"><div class=\"wpb_wrapper\">\r\n\t\t\t\r\n\t\t\t<div class=\"vc_single_image-wrapper   vc_box_border_grey\"><img decoding=\"async\" width=\"644\" height=\"549\" src=\"https:\/\/mona.ilogs.systems\/wp-content\/uploads\/2026\/01\/Bildschirmfoto-2026-01-14-um-13.01.58.png\" class=\"vc_single_image-img attachment-large\" alt=\"\" title=\"Bildschirmfoto 2026-01-14 um 13.01.58\" srcset=\"https:\/\/mona.ilogs.systems\/wp-content\/uploads\/2026\/01\/Bildschirmfoto-2026-01-14-um-13.01.58.png 644w, https:\/\/mona.ilogs.systems\/wp-content\/uploads\/2026\/01\/Bildschirmfoto-2026-01-14-um-13.01.58-640x546.png 640w, https:\/\/mona.ilogs.systems\/wp-content\/uploads\/2026\/01\/Bildschirmfoto-2026-01-14-um-13.01.58-400x341.png 400w, https:\/\/mona.ilogs.systems\/wp-content\/uploads\/2026\/01\/Bildschirmfoto-2026-01-14-um-13.01.58-367x313.png 367w, https:\/\/mona.ilogs.systems\/wp-content\/uploads\/2026\/01\/Bildschirmfoto-2026-01-14-um-13.01.58-600x511.png 600w\" sizes=\"(max-width: 644px) 100vw, 644px\" \/><\/div>\r\n\t\t<\/div>\r\n\t<\/div>\r\n<\/div><\/div><div class=\"vc_column_container col-md-6 vc_custom_1768392194860\"><div class=\"wpb_wrapper vc_column-inner\">\r\n\t<div class=\"wpb_text_column wpb_content_element vc_custom_1768392221337 wpb_custom_7c91d232724f73626cc933bd95b25ff0\" >\r\n\t\t<div class=\"wpb_wrapper\">\r\n\t\t\t<h1 class=\"wp-block-heading\">Effiziente Reinigungsprozesse<\/h1>\n\r\n\t\t<\/div>\r\n\t<\/div>\r\n\r\n\t<div class=\"wpb_text_column wpb_content_element wpb_custom_7c91d232724f73626cc933bd95b25ff0\" >\r\n\t\t<div class=\"wpb_wrapper\">\r\n\t\t\t<p>Verabschieden Sie sich von Zettelwirtschaft und chaotischen R\u00fcckmeldungen. Mit mona field force planen Sie Reinigungsauftr\u00e4ge zentral, weisen Mitarbeiter mit wenigen Klicks zu und erhalten R\u00fcckmeldungen direkt aus dem Einsatz. Alles digital, mobil und offline.<\/p>\n<ul class=\"wp-block-list\">\n<li>Einfache Anmeldung \u00fcber App oder Browser<\/li>\n<li>Sofortige Zuweisung aktueller Auftr\u00e4ge beim \u00d6ffnen<\/li>\n<li>Dokumentation von Reinigungsleistungen mit Fotos, Zeitstempel &amp; Checklisten<\/li>\n<li>Integration in bestehende ERP- und CRM-Systeme m\u00f6glich<\/li>\n<\/ul>\n\r\n\t\t<\/div>\r\n\t<\/div>\r\n<div class=\"vc_btn3-container vc_btn3-center vc_do_btn\" >\r\n\t<a class=\"vc_btn3 vc_btn3-shape-round wpb_custom_6687b26f39488ddbb85ddb3c1ce8e111 btn btn-xl btn-primary\" href=\"https:\/\/mona.ilogs.systems\/app\/registration\/\" title=\"\">Jetzt kostenlos testen<\/a>\t<\/div>\r\n<\/div><\/div><\/div><div class=\"vc_row-full-width vc_clearfix\"><\/div><div data-vc-full-width=\"true\" data-vc-full-width-temp=\"true\" data-vc-full-width-init=\"false\" data-vc-stretch-content=\"true\" class=\"vc_row wpb_row row top-row vc_custom_1768392402505 porto_stretch_css stretch_row_content_no_spaces_css vc_row-has-fill vc_row-no-padding wpb_custom_034b39d9bc6c6b310d69e39f0ccf274f\"><div class=\"vc_column_container col-md-6 vc_custom_1768392385289\"><div class=\"wpb_wrapper vc_column-inner\">\r\n\t<div class=\"wpb_text_column wpb_content_element vc_custom_1768392429355 wpb_custom_7c91d232724f73626cc933bd95b25ff0\" >\r\n\t\t<div class=\"wpb_wrapper\">\r\n\t\t\t<h1 class=\"wp-block-heading\">Mobile Einsatzberichte: Auftragserfassung direkt vor Ort<\/h1>\n\r\n\t\t<\/div>\r\n\t<\/div>\r\n\r\n\t<div class=\"wpb_text_column wpb_content_element wpb_custom_7c91d232724f73626cc933bd95b25ff0\" >\r\n\t\t<div class=\"wpb_wrapper\">\r\n\t\t\t<p>Erstellen Sie Ihre Auftr\u00e4ge im Innen- oder Aussendienst einfach und nachvollziehbar. Durch eingebettete Dropdown Listen haben sie Kundennamen, Zeiten oder Vorlagen sofort griffbereit.<\/p>\n<ul class=\"wp-block-list\">\n<li>Eingebettete Dropdown \u2013 Listen<\/li>\n<li>Geotagging f\u00fcr standortgenaue Datenerfassung<\/li>\n<li>Pflichtfelder f\u00fcr vollst\u00e4ndige Dokumentation<\/li>\n<li>Direkte Bearbeitung &amp; Drag-and-Drop-Zuweisung<\/li>\n<li>Warnung bei Termin\u00fcberschneidungen und Mehrfachbuchungen<\/li>\n<\/ul>\n\r\n\t\t<\/div>\r\n\t<\/div>\r\n<div class=\"vc_btn3-container vc_btn3-center vc_do_btn\" >\r\n\t<a class=\"vc_btn3 vc_btn3-shape-round wpb_custom_6687b26f39488ddbb85ddb3c1ce8e111 btn btn-xl btn-primary\" href=\"https:\/\/mona.ilogs.systems\/ch\/ressourcen\/\" title=\"\">Infomaterial anfordern<\/a>\t<\/div>\r\n<\/div><\/div><div class=\"vc_column_container col-md-6 vc_custom_1768393382557\"><div class=\"wpb_wrapper vc_column-inner\">\r\n\t<div class=\"wpb_single_image wpb_content_element vc_align_center wpb_content_element  wpb_custom_81a4f7ef9830bf958462581aa01150fb\"><div class=\"wpb_wrapper\">\r\n\t\t\t\r\n\t\t\t<div class=\"vc_single_image-wrapper   vc_box_border_grey\"><img decoding=\"async\" width=\"959\" height=\"644\" src=\"https:\/\/mona.ilogs.systems\/wp-content\/uploads\/2026\/01\/Titel-15.png\" class=\"vc_single_image-img attachment-large\" alt=\"\" title=\"Titel-15\" srcset=\"https:\/\/mona.ilogs.systems\/wp-content\/uploads\/2026\/01\/Titel-15.png 959w, https:\/\/mona.ilogs.systems\/wp-content\/uploads\/2026\/01\/Titel-15-768x516.png 768w, https:\/\/mona.ilogs.systems\/wp-content\/uploads\/2026\/01\/Titel-15-640x430.png 640w, https:\/\/mona.ilogs.systems\/wp-content\/uploads\/2026\/01\/Titel-15-400x269.png 400w, https:\/\/mona.ilogs.systems\/wp-content\/uploads\/2026\/01\/Titel-15-367x246.png 367w, https:\/\/mona.ilogs.systems\/wp-content\/uploads\/2026\/01\/Titel-15-600x403.png 600w\" sizes=\"(max-width: 959px) 100vw, 959px\" \/><\/div>\r\n\t\t<\/div>\r\n\t<\/div>\r\n<\/div><\/div><\/div><div class=\"vc_row-full-width vc_clearfix\"><\/div><div data-vc-full-width=\"true\" data-vc-full-width-temp=\"true\" data-vc-full-width-init=\"false\" data-vc-stretch-content=\"true\" class=\"vc_row wpb_row row top-row vc_custom_1768393406051 porto_stretch_css stretch_row_content_no_spaces_css vc_row-has-fill vc_row-no-padding wpb_custom_034b39d9bc6c6b310d69e39f0ccf274f\"><div class=\"vc_column_container col-md-6\"><div class=\"wpb_wrapper vc_column-inner\">\r\n\t<div class=\"wpb_single_image wpb_content_element vc_align_center wpb_content_element  wpb_custom_81a4f7ef9830bf958462581aa01150fb\"><div class=\"wpb_wrapper\">\r\n\t\t\t\r\n\t\t\t<div class=\"vc_single_image-wrapper   vc_box_border_grey\"><img decoding=\"async\" width=\"644\" height=\"495\" src=\"https:\/\/mona.ilogs.systems\/wp-content\/uploads\/2026\/01\/Bildschirmfoto-2026-01-14-um-13.09.59.png\" class=\"vc_single_image-img attachment-large\" alt=\"\" title=\"Bildschirmfoto 2026-01-14 um 13.09.59\" srcset=\"https:\/\/mona.ilogs.systems\/wp-content\/uploads\/2026\/01\/Bildschirmfoto-2026-01-14-um-13.09.59.png 644w, https:\/\/mona.ilogs.systems\/wp-content\/uploads\/2026\/01\/Bildschirmfoto-2026-01-14-um-13.09.59-640x492.png 640w, https:\/\/mona.ilogs.systems\/wp-content\/uploads\/2026\/01\/Bildschirmfoto-2026-01-14-um-13.09.59-400x307.png 400w, https:\/\/mona.ilogs.systems\/wp-content\/uploads\/2026\/01\/Bildschirmfoto-2026-01-14-um-13.09.59-367x282.png 367w, https:\/\/mona.ilogs.systems\/wp-content\/uploads\/2026\/01\/Bildschirmfoto-2026-01-14-um-13.09.59-600x461.png 600w\" sizes=\"(max-width: 644px) 100vw, 644px\" \/><\/div>\r\n\t\t<\/div>\r\n\t<\/div>\r\n<\/div><\/div><div class=\"vc_column_container col-md-6 vc_custom_1768392650778\"><div class=\"wpb_wrapper vc_column-inner\">\r\n\t<div class=\"wpb_text_column wpb_content_element vc_custom_1768392667616 wpb_custom_7c91d232724f73626cc933bd95b25ff0\" >\r\n\t\t<div class=\"wpb_wrapper\">\r\n\t\t\t<h1 class=\"wp-block-heading\">Reinigungseins\u00e4tze perfekt geplant &#8211; im digitalen Kalender<\/h1>\n\r\n\t\t<\/div>\r\n\t<\/div>\r\n\r\n\t<div class=\"wpb_text_column wpb_content_element wpb_custom_7c91d232724f73626cc933bd95b25ff0\" >\r\n\t\t<div class=\"wpb_wrapper\">\r\n\t\t\t<p>Die Kalenderansicht bietet maximale \u00dcbersicht \u00fcber alle geplanten Reinigungsauftr\u00e4ge. Erkennen Sie freie Ressourcen, vermeiden Sie Doppelbuchungen und planen Sie Ihre Teams effizient.<\/p>\n<ul>\n<li>Tages-, Wochen- und Monatspl\u00e4ne nach Auftrag, Mitarbeiter oder Datum<\/li>\n<li>Abwesenheiten wie Urlaub oder Krankenstand auf einen Blick<\/li>\n<li>Wiederkehrende Intervalle f\u00fcr z.\u202fB. Treppenhaus- oder B\u00fcroreinigung<\/li>\n<\/ul>\n\r\n\t\t<\/div>\r\n\t<\/div>\r\n<div class=\"vc_btn3-container vc_btn3-center vc_do_btn\" >\r\n\t<a class=\"vc_btn3 vc_btn3-shape-round wpb_custom_6687b26f39488ddbb85ddb3c1ce8e111 btn btn-xl btn-primary\" href=\"https:\/\/outlook.office.com\/book\/MonaSupport@ilogs.systems\/?ismsaljsauthenabled=true\" title=\"\">Kostenlose Beratung vereinbaren<\/a>\t<\/div>\r\n<\/div><\/div><\/div><div class=\"vc_row-full-width vc_clearfix\"><\/div><div data-vc-full-width=\"true\" data-vc-full-width-temp=\"true\" data-vc-full-width-init=\"false\" data-vc-stretch-content=\"true\" class=\"vc_row wpb_row row top-row porto_stretch_css stretch_row_content_no_spaces_css vc_row-no-padding wpb_custom_034b39d9bc6c6b310d69e39f0ccf274f\"><div class=\"vc_column_container col-md-6 vc_custom_1768392890718\"><div class=\"wpb_wrapper vc_column-inner\">\r\n\t<div class=\"wpb_text_column wpb_content_element vc_custom_1768393431500 wpb_custom_7c91d232724f73626cc933bd95b25ff0\" >\r\n\t\t<div class=\"wpb_wrapper\">\r\n\t\t\t<h1 class=\"wp-block-heading\">Vorlagen zum Importieren<\/h1>\n\r\n\t\t<\/div>\r\n\t<\/div>\r\n\r\n\t<div class=\"wpb_text_column wpb_content_element wpb_custom_7c91d232724f73626cc933bd95b25ff0\" >\r\n\t\t<div class=\"wpb_wrapper\">\r\n\t\t\t<p>Mit dem Vorlagenkatalog k\u00f6nnen Sie sofort durch starten!<\/p>\n<p>W\u00e4hlen Sie aus einer Vielzahl branchenspezifischer Vorlagen, importieren Sie diese mit nur einem Klick und passen Sie individuell an Ihre Anforderungen an.<\/p>\n<p><strong>Diese Vorlage kann f\u00fcr Ihr Unternehmen angepasst werden!<\/strong><\/p>\n\r\n\t\t<\/div>\r\n\t<\/div>\r\n<div class=\"vc_btn3-container vc_btn3-center vc_custom_1768392795850 vc_do_btn\" >\r\n\t<a class=\"vc_btn3 vc_btn3-shape-round wpb_custom_6687b26f39488ddbb85ddb3c1ce8e111 btn btn-xl btn-primary\" href=\"https:\/\/mona.ilogs.systems\/ch\/app\/catalog\/reinigung\/\" title=\"\">Zum Katalog<\/a>\t<\/div>\r\n\r\n\t<div class=\"wpb_single_image wpb_content_element vc_align_center wpb_content_element  vc_custom_1768392786191 wpb_custom_81a4f7ef9830bf958462581aa01150fb\"><div class=\"wpb_wrapper\">\r\n\t\t\t\r\n\t\t\t<div class=\"vc_single_image-wrapper   vc_box_border_grey\"><img decoding=\"async\" width=\"566\" height=\"734\" src=\"https:\/\/mona.ilogs.systems\/wp-content\/uploads\/2024\/11\/Trockeneisreinigung.png\" class=\"vc_single_image-img attachment-large\" alt=\"\" title=\"Trockeneisreinigung\" srcset=\"https:\/\/mona.ilogs.systems\/wp-content\/uploads\/2024\/11\/Trockeneisreinigung.png 566w, https:\/\/mona.ilogs.systems\/wp-content\/uploads\/2024\/11\/Trockeneisreinigung-400x519.png 400w, https:\/\/mona.ilogs.systems\/wp-content\/uploads\/2024\/11\/Trockeneisreinigung-367x476.png 367w\" sizes=\"(max-width: 566px) 100vw, 566px\" \/><\/div>\r\n\t\t<\/div>\r\n\t<\/div>\r\n<\/div><\/div><div data-original=\"https:\/\/mona.ilogs.systems\/wp-content\/uploads\/2026\/01\/Bildschirmfoto-2026-01-14-um-13.13.48.png?id=2692\" class=\"vc_column_container col-md-6 d-none d-md-block vc_custom_1768392897292 porto-lazyload\"><div class=\"wpb_wrapper vc_column-inner\"><\/div><\/div><\/div><div class=\"vc_row-full-width vc_clearfix\"><\/div><div class=\"vc_row wpb_row row top-row wpb_custom_034b39d9bc6c6b310d69e39f0ccf274f\"><div class=\"vc_column_container col-md-12\"><div class=\"wpb_wrapper vc_column-inner\">\r\n\t<div class=\"wpb_text_column wpb_content_element vc_custom_1768392952592 wpb_custom_7c91d232724f73626cc933bd95b25ff0\" >\r\n\t\t<div class=\"wpb_wrapper\">\r\n\t\t\t<h1 style=\"text-align: center;\">Ihre Vorteile<\/h1>\n\r\n\t\t<\/div>\r\n\t<\/div>\r\n<\/div><\/div><\/div><div data-vc-full-width=\"true\" data-vc-full-width-temp=\"true\" data-vc-full-width-init=\"false\" data-vc-stretch-content=\"true\" class=\"vc_row wpb_row row top-row porto_stretch_css stretch_row_content_no_spaces_css vc_row-no-padding wpb_custom_034b39d9bc6c6b310d69e39f0ccf274f\"><div class=\"vc_column_container col-md-3\"><div class=\"wpb_wrapper vc_column-inner\">\r\n\t<div class=\"wpb_single_image wpb_content_element vc_align_center wpb_content_element  vc_custom_1768393053970 wpb_custom_81a4f7ef9830bf958462581aa01150fb\"><div class=\"wpb_wrapper\">\r\n\t\t\t\r\n\t\t\t<div class=\"vc_single_image-wrapper   vc_box_border_grey\"><img decoding=\"async\" width=\"356\" height=\"248\" src=\"https:\/\/mona.ilogs.systems\/wp-content\/uploads\/2026\/01\/Bildschirmfoto-2026-01-14-um-13.16.33.png\" class=\"vc_single_image-img attachment-large\" alt=\"\" title=\"Bildschirmfoto 2026-01-14 um 13.16.33\" \/><\/div>\r\n\t\t<\/div>\r\n\t<\/div>\r\n\r\n\t<div class=\"wpb_text_column wpb_content_element vc_custom_1768393073149 wpb_custom_7c91d232724f73626cc933bd95b25ff0\" >\r\n\t\t<div class=\"wpb_wrapper\">\r\n\t\t\t<p style=\"text-align: center;\"><strong><span class=\"a_GcMg font-feature-liga-off font-feature-clig-off font-feature-calt-off text-decoration-none text-strikethrough-none\">70% weniger Koordinationsaufwand in der Einsatzplanung<\/span><\/strong><\/p>\n\r\n\t\t<\/div>\r\n\t<\/div>\r\n\r\n\t<div class=\"wpb_text_column wpb_content_element vc_custom_1768393092858 wpb_custom_7c91d232724f73626cc933bd95b25ff0\" >\r\n\t\t<div class=\"wpb_wrapper\">\r\n\t\t\t<p class=\"cvGsUA direction-ltr align-center para-style-body\" style=\"text-align: center;\"><span class=\"a_GcMg font-feature-liga-off font-feature-clig-off font-feature-calt-off text-decoration-none text-strikethrough-none\">Dank digitaler Einsatzplanung sind Verf\u00fcgbarkeiten und Arbeitszeiten transparent ersichtlich.<\/span><\/p>\n<p class=\"cvGsUA direction-ltr align-center para-style-body\" style=\"text-align: center;\"><span class=\"a_GcMg font-feature-liga-off font-feature-clig-off font-feature-calt-off text-decoration-none text-strikethrough-none\">Doppelte Planung, R\u00fcckfragen oder Missverst\u00e4ndnisse geh\u00f6ren der Vergangenheit an.<\/span><\/p>\n\r\n\t\t<\/div>\r\n\t<\/div>\r\n<\/div><\/div><div class=\"vc_column_container col-md-3\"><div class=\"wpb_wrapper vc_column-inner\">\r\n\t<div class=\"wpb_single_image wpb_content_element vc_align_center wpb_content_element  vc_custom_1768393214827 wpb_custom_81a4f7ef9830bf958462581aa01150fb\"><div class=\"wpb_wrapper\">\r\n\t\t\t\r\n\t\t\t<div class=\"vc_single_image-wrapper   vc_box_border_grey\"><img decoding=\"async\" width=\"356\" height=\"248\" src=\"https:\/\/mona.ilogs.systems\/wp-content\/uploads\/2026\/01\/Bildschirmfoto-2026-01-14-um-13.16.40.png\" class=\"vc_single_image-img attachment-large\" alt=\"\" title=\"Bildschirmfoto 2026-01-14 um 13.16.40\" \/><\/div>\r\n\t\t<\/div>\r\n\t<\/div>\r\n\r\n\t<div class=\"wpb_text_column wpb_content_element vc_custom_1768393171758 wpb_custom_7c91d232724f73626cc933bd95b25ff0\" >\r\n\t\t<div class=\"wpb_wrapper\">\r\n\t\t\t<p style=\"text-align: center;\"><strong><span class=\"a_GcMg font-feature-liga-off font-feature-clig-off font-feature-calt-off text-decoration-none text-strikethrough-none\">Rechtliche Sicherheit &amp; Audit F\u00e4higkeit bei Auftr\u00e4gen<\/span><\/strong><\/p>\n\r\n\t\t<\/div>\r\n\t<\/div>\r\n\r\n\t<div class=\"wpb_text_column wpb_content_element vc_custom_1768393195607 wpb_custom_7c91d232724f73626cc933bd95b25ff0\" >\r\n\t\t<div class=\"wpb_wrapper\">\r\n\t\t\t<p class=\"cvGsUA direction-ltr align-center para-style-body\" style=\"text-align: center;\"><span class=\"a_GcMg font-feature-liga-off font-feature-clig-off font-feature-calt-off text-decoration-none text-strikethrough-none\">Durch die Implementierung der Managementsysteme ISO 27001 und ISO 27701 werden s\u00e4mtliche datenschutzrechtlichen Anforderungen erf\u00fcllt. Alle Nachweise sind revisionssicher und jederzeit abrufbar.<\/span><\/p>\n\r\n\t\t<\/div>\r\n\t<\/div>\r\n<\/div><\/div><div class=\"vc_column_container col-md-3\"><div class=\"wpb_wrapper vc_column-inner\">\r\n\t<div class=\"wpb_single_image wpb_content_element vc_align_center wpb_content_element  vc_custom_1768393221806 wpb_custom_81a4f7ef9830bf958462581aa01150fb\"><div class=\"wpb_wrapper\">\r\n\t\t\t\r\n\t\t\t<div class=\"vc_single_image-wrapper   vc_box_border_grey\"><img decoding=\"async\" width=\"356\" height=\"248\" src=\"https:\/\/mona.ilogs.systems\/wp-content\/uploads\/2026\/01\/Bildschirmfoto-2026-01-14-um-13.16.49.png\" class=\"vc_single_image-img attachment-large\" alt=\"\" title=\"Bildschirmfoto 2026-01-14 um 13.16.49\" \/><\/div>\r\n\t\t<\/div>\r\n\t<\/div>\r\n\r\n\t<div class=\"wpb_text_column wpb_content_element vc_custom_1768393180100 wpb_custom_7c91d232724f73626cc933bd95b25ff0\" >\r\n\t\t<div class=\"wpb_wrapper\">\r\n\t\t\t<p style=\"text-align: center;\"><strong><span class=\"a_GcMg font-feature-liga-off font-feature-clig-off font-feature-calt-off text-decoration-none text-strikethrough-none\">Weniger R\u00fcckfragen &amp; Missverst\u00e4ndnisse &#8211; dank Standardisierung<\/span><\/strong><\/p>\n\r\n\t\t<\/div>\r\n\t<\/div>\r\n\r\n\t<div class=\"wpb_text_column wpb_content_element vc_custom_1768393202034 wpb_custom_7c91d232724f73626cc933bd95b25ff0\" >\r\n\t\t<div class=\"wpb_wrapper\">\r\n\t\t\t<p class=\"cvGsUA direction-ltr align-center para-style-body\" style=\"text-align: center;\"><span class=\"a_GcMg font-feature-liga-off font-feature-clig-off font-feature-calt-off text-decoration-none text-strikethrough-none\">Standardisierte Formulare mit Pflichtfeldern, strukturierte Eingabemasken und klare Vorgaben sorgen f\u00fcr vollst\u00e4ndige und konsistente Informationen. Zus\u00e4tzlich k\u00f6nnen automatisch generierte Berichte und Terminerinnerungen zu definierten Zeitpunkten direkt an Ihre Kunden versendet werden.<\/span><\/p>\n\r\n\t\t<\/div>\r\n\t<\/div>\r\n<\/div><\/div><div class=\"vc_column_container col-md-3\"><div class=\"wpb_wrapper vc_column-inner\">\r\n\t<div class=\"wpb_single_image wpb_content_element vc_align_center wpb_content_element  vc_custom_1768393229201 wpb_custom_81a4f7ef9830bf958462581aa01150fb\"><div class=\"wpb_wrapper\">\r\n\t\t\t\r\n\t\t\t<div class=\"vc_single_image-wrapper   vc_box_border_grey\"><img decoding=\"async\" width=\"356\" height=\"248\" src=\"https:\/\/mona.ilogs.systems\/wp-content\/uploads\/2026\/01\/Bildschirmfoto-2026-01-14-um-13.16.57.png\" class=\"vc_single_image-img attachment-large\" alt=\"\" title=\"Bildschirmfoto 2026-01-14 um 13.16.57\" \/><\/div>\r\n\t\t<\/div>\r\n\t<\/div>\r\n\r\n\t<div class=\"wpb_text_column wpb_content_element vc_custom_1768393187622 wpb_custom_7c91d232724f73626cc933bd95b25ff0\" >\r\n\t\t<div class=\"wpb_wrapper\">\r\n\t\t\t<p style=\"text-align: center;\"><strong><span class=\"a_GcMg font-feature-liga-off font-feature-clig-off font-feature-calt-off text-decoration-none text-strikethrough-none\">Schnellere Abrechnungs- &amp; Bearbeitungsprozesse<\/span><\/strong><\/p>\n\r\n\t\t<\/div>\r\n\t<\/div>\r\n\r\n\t<div class=\"wpb_text_column wpb_content_element vc_custom_1768393207088 wpb_custom_7c91d232724f73626cc933bd95b25ff0\" >\r\n\t\t<div class=\"wpb_wrapper\">\r\n\t\t\t<p class=\"cvGsUA direction-ltr align-center para-style-body\" style=\"text-align: center;\"><span class=\"a_GcMg font-feature-liga-off font-feature-clig-off font-feature-calt-off text-decoration-none text-strikethrough-none\">Arbeitszeiten, erbrachte Leistungen und Abwesenheiten werden direkt vor Ort digital erfasst \u2013 strukturiert und einheitlich. Die erfassten Daten stehen in Echtzeit zur Verf\u00fcgung und lassen sich nahtlos in bestehende Abrechnungs- und Verwaltungssysteme integrieren.<\/span><\/p>\n\r\n\t\t<\/div>\r\n\t<\/div>\r\n<\/div><\/div><\/div><div class=\"vc_row-full-width vc_clearfix\"><\/div><div class=\"vc_row wpb_row row top-row wpb_custom_034b39d9bc6c6b310d69e39f0ccf274f\"><div class=\"vc_column_container col-md-12\"><div class=\"wpb_wrapper vc_column-inner\"><div class=\"vc_btn3-container vc_btn3-center vc_custom_1768393300416 vc_do_btn\" >\r\n\t<a class=\"vc_btn3 vc_btn3-shape-round wpb_custom_6687b26f39488ddbb85ddb3c1ce8e111 btn btn-xl btn-primary\" href=\"https:\/\/mona.ilogs.systems\/app\/registration\/\" title=\"mona jetzt testen\">mona kostenlos testen<\/a>\t<\/div>\r\n<\/div><\/div><\/div>\n<\/div>","protected":false},"excerpt":{"rendered":"Effiziente Reinigungsprozesse Verabschieden Sie sich von Zettelwirtschaft und chaotischen R\u00fcckmeldungen. Mit mona field force planen Sie Reinigungsauftr\u00e4ge zentral, weisen Mitarbeiter mit wenigen Klicks zu und erhalten R\u00fcckmeldungen direkt aus dem Einsatz. Alles digital, mobil und offline. Einfache Anmeldung \u00fcber App oder Browser Sofortige Zuweisung aktueller Auftr\u00e4ge beim \u00d6ffnen Dokumentation von Reinigungsleistungen mit Fotos, Zeitstempel &amp; [...]","protected":false},"author":1,"featured_media":0,"parent":0,"menu_order":0,"comment_status":"closed","ping_status":"closed","template":"","meta":{"footnotes":""},"class_list":["post-1816","page","type-page","status-publish","hentry"],"aioseo_notices":[],"_links":{"self":[{"href":"https:\/\/mona.ilogs.systems\/ch\/wp-json\/wp\/v2\/pages\/1816","targetHints":{"allow":["GET"]}}],"collection":[{"href":"https:\/\/mona.ilogs.systems\/ch\/wp-json\/wp\/v2\/pages"}],"about":[{"href":"https:\/\/mona.ilogs.systems\/ch\/wp-json\/wp\/v2\/types\/page"}],"author":[{"embeddable":true,"href":"https:\/\/mona.ilogs.systems\/ch\/wp-json\/wp\/v2\/users\/1"}],"replies":[{"embeddable":true,"href":"https:\/\/mona.ilogs.systems\/ch\/wp-json\/wp\/v2\/comments?post=1816"}],"version-history":[{"count":26,"href":"https:\/\/mona.ilogs.systems\/ch\/wp-json\/wp\/v2\/pages\/1816\/revisions"}],"predecessor-version":[{"id":2702,"href":"https:\/\/mona.ilogs.systems\/ch\/wp-json\/wp\/v2\/pages\/1816\/revisions\/2702"}],"wp:attachment":[{"href":"https:\/\/mona.ilogs.systems\/ch\/wp-json\/wp\/v2\/media?parent=1816"}],"curies":[{"name":"wp","href":"https:\/\/api.w.org\/{rel}","templated":true}]}}