{"id":1254,"date":"2024-10-16T12:11:02","date_gmt":"2024-10-16T10:11:02","guid":{"rendered":"https:\/\/mona.ilogs.systems\/?page_id=1254"},"modified":"2025-11-04T14:38:10","modified_gmt":"2025-11-04T13:38:10","slug":"ressourcen","status":"publish","type":"page","link":"https:\/\/mona.ilogs.systems\/ch\/ressourcen\/","title":{"rendered":"Ressourcen"},"content":{"rendered":"<div class=\"wpb-content-wrapper\"><div class=\"vc_row wpb_row row top-row wpb_custom_034b39d9bc6c6b310d69e39f0ccf274f\"><div class=\"vc_column_container col-md-12\"><div class=\"wpb_wrapper vc_column-inner\">\r\n\t<div class=\"wpb_text_column wpb_content_element wpb_custom_7c91d232724f73626cc933bd95b25ff0\" >\r\n\t\t<div class=\"wpb_wrapper\">\r\n\t\t\t<p>Hier finden Sie alle wichtigen Inhalte auf einen Blick: Entdecken Sie hilfreiche Tutorials, laden Sie n\u00fctzliches Infomaterial herunter und bleiben Sie stets auf dem Laufenden \u00fcber alle Neuigkeiten. Egal, ob Sie sich informieren, weiterbilden oder einfach nur st\u00f6bern m\u00f6chten \u2013 hier werden Sie f\u00fcndig.<\/p>\n\r\n\t\t<\/div>\r\n\t<\/div>\r\n<\/div><\/div><\/div><div class=\"vc_row wpb_row row top-row wpb_custom_034b39d9bc6c6b310d69e39f0ccf274f\"><div class=\"vc_column_container col-md-12\"><div class=\"wpb_wrapper vc_column-inner\">\r\n\t<div class=\"wpb_text_column wpb_content_element wpb_custom_7c91d232724f73626cc933bd95b25ff0\" >\r\n\t\t<div class=\"wpb_wrapper\">\r\n\t\t\t<h1 style=\"text-align: left;\"><strong>Kostenloses Infomaterial<\/strong><\/h1>\n\r\n\t\t<\/div>\r\n\t<\/div>\r\n<\/div><\/div><\/div><div class=\"vc_row wpb_row row top-row wpb_custom_034b39d9bc6c6b310d69e39f0ccf274f\"><div class=\"vc_column_container col-md-6\"><div class=\"wpb_wrapper vc_column-inner\">\r\n\t<div class=\"wpb_text_column wpb_content_element wpb_custom_7c91d232724f73626cc933bd95b25ff0\" >\r\n\t\t<div class=\"wpb_wrapper\">\r\n\t\t\t<p>Laden Sie hier kostenlos unser umfangreiches mona field force Infomaterial herunter und entdecken Sie, wie Sie Ihre Arbeitsprozesse effizienter und moderner gestalten k\u00f6nnen. In unserem Infopaket erhalten Sie wertvolle Tipps und Tricks, die Ihnen helfen, das volle Potenzial von mona field force auszusch\u00f6pfen und Ihre t\u00e4glichen Aufgaben im Aussendienst, bei der Datenerfassung oder der Einsatzplanung einfacher und erfolgreicher zu bew\u00e4ltigen.<\/p>\n<ul>\n<li><strong><a href=\"https:\/\/mona.ilogs.systems\/ch\/download-infomaterial\/\">\u00dcberblick mona field force<\/a><\/strong><\/li>\n<li><strong><a href=\"https:\/\/mona.ilogs.systems\/ch\/download-infomaterial-mobile-datenerfassung\/\">Mobile Datenerfassung&nbsp;<\/a><\/strong><\/li>\n<li><strong><a href=\"https:\/\/mona.ilogs.systems\/ch\/download-infomaterial-einsatzplanung\/\">Einsatzplanung<\/a><\/strong><\/li>\n<\/ul>\n\r\n\t\t<\/div>\r\n\t<\/div>\r\n<\/div><\/div><div class=\"vc_column_container col-md-6\"><div class=\"wpb_wrapper vc_column-inner\">\r\n\t<div class=\"wpb_single_image wpb_content_element vc_align_left wpb_content_element  wpb_custom_81a4f7ef9830bf958462581aa01150fb\"><div class=\"wpb_wrapper\">\r\n\t\t\t\r\n\t\t\t<div class=\"vc_single_image-wrapper   vc_box_border_grey\"><img decoding=\"async\" width=\"819\" height=\"1024\" src=\"https:\/\/mona.ilogs.systems\/wp-content\/uploads\/2025\/08\/Ansichten-Handy7-1-819x1024.png\" class=\"vc_single_image-img attachment-large\" alt=\"\" title=\"Laptop, Tablet und Smartphone Ansicht\" srcset=\"https:\/\/mona.ilogs.systems\/wp-content\/uploads\/2025\/08\/Ansichten-Handy7-1-819x1024.png 819w, https:\/\/mona.ilogs.systems\/wp-content\/uploads\/2025\/08\/Ansichten-Handy7-1-768x960.png 768w, https:\/\/mona.ilogs.systems\/wp-content\/uploads\/2025\/08\/Ansichten-Handy7-1-640x800.png 640w, https:\/\/mona.ilogs.systems\/wp-content\/uploads\/2025\/08\/Ansichten-Handy7-1-400x500.png 400w, https:\/\/mona.ilogs.systems\/wp-content\/uploads\/2025\/08\/Ansichten-Handy7-1-367x459.png 367w, https:\/\/mona.ilogs.systems\/wp-content\/uploads\/2025\/08\/Ansichten-Handy7-1-600x750.png 600w\" sizes=\"(max-width: 819px) 100vw, 819px\" \/><\/div>\r\n\t\t<\/div>\r\n\t<\/div>\r\n<\/div><\/div><\/div><div data-vc-full-width=\"true\" data-vc-full-width-temp=\"true\" data-vc-full-width-init=\"false\" data-vc-stretch-content=\"true\" class=\"vc_row wpb_row top-row vc_custom_1749623986909 porto_stretch_css stretch_row_content_no_spaces_css vc_row-has-fill porto-inner-container wpb_custom_034b39d9bc6c6b310d69e39f0ccf274f\"><div class=\"porto-wrap-container container\"><div class=\"row\"><div class=\"vc_column_container col-md-6\"><div class=\"wpb_wrapper vc_column-inner\">\r\n\t<div class=\"wpb_text_column wpb_content_element vc_custom_1749627348055 wpb_custom_7c91d232724f73626cc933bd95b25ff0\" >\r\n\t\t<div class=\"wpb_wrapper\">\r\n\t\t\t<p><strong><a href=\"https:\/\/mona.ilogs.systems\/wp-content\/uploads\/2025\/06\/Registrierung.pdf\">Registrierung<\/a><\/strong><\/p>\n<p><strong><a href=\"https:\/\/mona.ilogs.systems\/wp-content\/uploads\/2025\/06\/Vorlagenimport.pdf\">Vorlagen importieren<\/a><\/strong><\/p>\n<p><strong><a href=\"https:\/\/mona.ilogs.systems\/wp-content\/uploads\/2025\/06\/Mitarbeiter_anlegen.pdf\">Mitarbeiter hinzuf\u00fcgen<\/a><\/strong><\/p>\n<p><strong><a href=\"https:\/\/mona.ilogs.systems\/wp-content\/uploads\/2025\/06\/Kundenanlegung.pdf\">Kunden hinzuf\u00fcgen<\/a><\/strong><\/p>\n<p><strong><a href=\"https:\/\/mona.ilogs.systems\/wp-content\/uploads\/2025\/06\/Rechteverteilung.pdf\">Rechte verteilen<\/a><\/strong><\/p>\n\r\n\t\t<\/div>\r\n\t<\/div>\r\n<\/div><\/div><div class=\"vc_column_container col-md-6\"><div class=\"wpb_wrapper vc_column-inner\">\r\n\t<div class=\"wpb_text_column wpb_content_element vc_custom_1754306494462 wpb_custom_7c91d232724f73626cc933bd95b25ff0\" >\r\n\t\t<div class=\"wpb_wrapper\">\r\n\t\t\t<p style=\"text-align: right;\"><span style=\"font-size: 32px;\"><strong>Anleitungen<\/strong><\/span><\/p>\n<p style=\"text-align: right;\">Du suchst nach passenden Anleitungen zum Downloaden?<\/p>\n<p style=\"text-align: right;\">Hier wirst du f\u00fcndig!<\/p>\n\r\n\t\t<\/div>\r\n\t<\/div>\r\n\r\n\t<div class=\"wpb_text_column wpb_content_element wpb_custom_7c91d232724f73626cc933bd95b25ff0\" >\r\n\t\t<div class=\"wpb_wrapper\">\r\n\t\t\t<p><strong><a href=\"https:\/\/mona.ilogs.systems\/wp-content\/uploads\/2025\/06\/Zeiterfassung.pdf\">Zeiterfassung<\/a><\/strong><\/p>\n<p><strong><a href=\"https:\/\/mona.ilogs.systems\/wp-content\/uploads\/2025\/06\/Abwesenheiten.pdf\">Abwesenheiten eintragen<\/a><\/strong><\/p>\n<p><strong><a href=\"https:\/\/mona.ilogs.systems\/wp-content\/uploads\/2025\/06\/Auftragserstellung.pdf\">Auftr\u00e4ge erstellen<\/a><\/strong><\/p>\n<p><strong><a href=\"https:\/\/mona.ilogs.systems\/wp-content\/uploads\/2025\/06\/Berichtserstellung.pdf\">Berichte erstellen<\/a><\/strong><\/p>\n<p><strong><a href=\"https:\/\/mona.ilogs.systems\/wp-content\/uploads\/2025\/06\/mona_anleitungen_alle.pdf\">Gesamte Anleitung<\/a><\/strong><\/p>\n<p>&nbsp;<\/p>\n\r\n\t\t<\/div>\r\n\t<\/div>\r\n<\/div><\/div><\/div><\/div><\/div><div class=\"vc_row-full-width vc_clearfix\"><\/div><div class=\"vc_row wpb_row row top-row wpb_custom_034b39d9bc6c6b310d69e39f0ccf274f\"><div class=\"vc_column_container col-md-12\"><div class=\"wpb_wrapper vc_column-inner\">\r\n\t<div class=\"wpb_text_column wpb_content_element wpb_custom_7c91d232724f73626cc933bd95b25ff0\" >\r\n\t\t<div class=\"wpb_wrapper\">\r\n\t\t\t<h1 style=\"text-align: center;\"><strong>TUTORIALS<\/strong><\/h1>\n\r\n\t\t<\/div>\r\n\t<\/div>\r\n<\/div><\/div><\/div><div class=\"vc_row wpb_row row top-row wpb_custom_034b39d9bc6c6b310d69e39f0ccf274f\"><div class=\"vc_column_container col-md-6\"><div class=\"wpb_wrapper vc_column-inner\">\n\t<div class=\"wpb_video_widget wpb_content_element vc_clearfix   vc_video-aspect-ratio-169 vc_video-el-width-100 vc_video-align-left\" >\n\t\t<div class=\"wpb_wrapper\">\n\t\t\t\n\t\t\t<div class=\"wpb_video_wrapper\"><iframe loading=\"lazy\" title=\"Tutorial zur Auftragserstellung in mona field force\" width=\"500\" height=\"281\" src=\"https:\/\/www.youtube.com\/embed\/vS3PXswBJj8?feature=oembed\" frameborder=\"0\" allow=\"accelerometer; autoplay; clipboard-write; encrypted-media; gyroscope; picture-in-picture; web-share\" referrerpolicy=\"strict-origin-when-cross-origin\" allowfullscreen><\/iframe><\/div>\n\t\t<\/div>\n\t<\/div>\n<\/div><\/div><div class=\"vc_column_container col-md-6\"><div class=\"wpb_wrapper vc_column-inner\">\n\t<div class=\"wpb_video_widget wpb_content_element vc_clearfix   vc_video-aspect-ratio-169 vc_video-el-width-100 vc_video-align-left\" >\n\t\t<div class=\"wpb_wrapper\">\n\t\t\t\n\t\t\t<div class=\"wpb_video_wrapper\"><iframe loading=\"lazy\" title=\"Tutorial zum Eintragen von Abwesenheiten in mona field force\" width=\"500\" height=\"281\" src=\"https:\/\/www.youtube.com\/embed\/oo7-Mkd8rrQ?feature=oembed\" frameborder=\"0\" allow=\"accelerometer; autoplay; clipboard-write; encrypted-media; gyroscope; picture-in-picture; web-share\" referrerpolicy=\"strict-origin-when-cross-origin\" allowfullscreen><\/iframe><\/div>\n\t\t<\/div>\n\t<\/div>\n<\/div><\/div><\/div><div class=\"vc_row wpb_row row top-row wpb_custom_034b39d9bc6c6b310d69e39f0ccf274f\"><div class=\"vc_column_container col-md-6\"><div class=\"wpb_wrapper vc_column-inner\">\n\t<div class=\"wpb_video_widget wpb_content_element vc_clearfix   vc_video-aspect-ratio-169 vc_video-el-width-100 vc_video-align-left\" >\n\t\t<div class=\"wpb_wrapper\">\n\t\t\t\n\t\t\t<div class=\"wpb_video_wrapper\"><iframe loading=\"lazy\" title=\"Tutorial zum Importieren von Vorlagen in mona field force\" width=\"500\" height=\"281\" src=\"https:\/\/www.youtube.com\/embed\/vT-frkDgR5E?feature=oembed\" frameborder=\"0\" allow=\"accelerometer; autoplay; clipboard-write; encrypted-media; gyroscope; picture-in-picture; web-share\" referrerpolicy=\"strict-origin-when-cross-origin\" allowfullscreen><\/iframe><\/div>\n\t\t<\/div>\n\t<\/div>\n<\/div><\/div><div class=\"vc_column_container col-md-6\"><div class=\"wpb_wrapper vc_column-inner\">\n\t<div class=\"wpb_video_widget wpb_content_element vc_clearfix   vc_video-aspect-ratio-169 vc_video-el-width-100 vc_video-align-left\" >\n\t\t<div class=\"wpb_wrapper\">\n\t\t\t\n\t\t\t<div class=\"wpb_video_wrapper\"><iframe loading=\"lazy\" title=\"Tutorial zur Zeiterfassung in mona field force\" width=\"500\" height=\"281\" src=\"https:\/\/www.youtube.com\/embed\/Qaz_bItclOM?feature=oembed\" frameborder=\"0\" allow=\"accelerometer; autoplay; clipboard-write; encrypted-media; gyroscope; picture-in-picture; web-share\" referrerpolicy=\"strict-origin-when-cross-origin\" allowfullscreen><\/iframe><\/div>\n\t\t<\/div>\n\t<\/div>\n<\/div><\/div><\/div><div class=\"vc_row wpb_row row top-row wpb_custom_034b39d9bc6c6b310d69e39f0ccf274f\"><div class=\"vc_column_container col-md-12\"><div class=\"wpb_wrapper vc_column-inner\">\r\n\t<div class=\"wpb_text_column wpb_content_element wpb_custom_485da156dfe1ea8261d593f716e47efd\" >\r\n\t\t<div class=\"wpb_wrapper\">\r\n\t\t\t<p style=\"text-align: center;\"><a href=\"https:\/\/mona.ilogs.systems\/ch\/tutorials\/\">Weitere Tutorials<\/a><\/p>\n\r\n\t\t<\/div>\r\n\t<\/div>\r\n<\/div><\/div><\/div><div class=\"vc_row wpb_row row top-row wpb_custom_034b39d9bc6c6b310d69e39f0ccf274f\"><div class=\"vc_column_container col-md-12\"><div class=\"wpb_wrapper vc_column-inner\">\r\n\t<div class=\"wpb_text_column wpb_content_element wpb_custom_7c91d232724f73626cc933bd95b25ff0\" >\r\n\t\t<div class=\"wpb_wrapper\">\r\n\t\t\t<p style=\"text-align: center;\"><a href=\"https:\/\/ilogs.systems\/\">\u00dcber uns<\/a><\/p>\n\r\n\t\t<\/div>\r\n\t<\/div>\r\n<\/div><\/div><\/div>\n<\/div>","protected":false},"excerpt":{"rendered":"Hier finden Sie alle wichtigen Inhalte auf einen Blick: Entdecken Sie hilfreiche Tutorials, laden Sie n\u00fctzliches Infomaterial herunter und bleiben Sie stets auf dem Laufenden \u00fcber alle Neuigkeiten. Egal, ob Sie sich informieren, weiterbilden oder einfach nur st\u00f6bern m\u00f6chten \u2013 hier werden Sie f\u00fcndig. Kostenloses Infomaterial Laden Sie hier kostenlos unser umfangreiches mona field force [...]","protected":false},"author":1,"featured_media":0,"parent":0,"menu_order":0,"comment_status":"closed","ping_status":"closed","template":"","meta":{"footnotes":""},"class_list":["post-1254","page","type-page","status-publish","hentry"],"aioseo_notices":[],"_links":{"self":[{"href":"https:\/\/mona.ilogs.systems\/ch\/wp-json\/wp\/v2\/pages\/1254","targetHints":{"allow":["GET"]}}],"collection":[{"href":"https:\/\/mona.ilogs.systems\/ch\/wp-json\/wp\/v2\/pages"}],"about":[{"href":"https:\/\/mona.ilogs.systems\/ch\/wp-json\/wp\/v2\/types\/page"}],"author":[{"embeddable":true,"href":"https:\/\/mona.ilogs.systems\/ch\/wp-json\/wp\/v2\/users\/1"}],"replies":[{"embeddable":true,"href":"https:\/\/mona.ilogs.systems\/ch\/wp-json\/wp\/v2\/comments?post=1254"}],"version-history":[{"count":23,"href":"https:\/\/mona.ilogs.systems\/ch\/wp-json\/wp\/v2\/pages\/1254\/revisions"}],"predecessor-version":[{"id":2464,"href":"https:\/\/mona.ilogs.systems\/ch\/wp-json\/wp\/v2\/pages\/1254\/revisions\/2464"}],"wp:attachment":[{"href":"https:\/\/mona.ilogs.systems\/ch\/wp-json\/wp\/v2\/media?parent=1254"}],"curies":[{"name":"wp","href":"https:\/\/api.w.org\/{rel}","templated":true}]}}