{"id":1244,"date":"2024-10-16T11:00:54","date_gmt":"2024-10-16T09:00:54","guid":{"rendered":"https:\/\/mona.ilogs.systems\/?page_id=1244"},"modified":"2025-01-09T10:12:58","modified_gmt":"2025-01-09T09:12:58","slug":"download-infomaterial-einsatzplanung","status":"publish","type":"page","link":"https:\/\/mona.ilogs.systems\/ch\/download-infomaterial-einsatzplanung\/","title":{"rendered":"Download Einsatzplanung"},"content":{"rendered":"<div class=\"wpb-content-wrapper\"><div class=\"vc_row wpb_row row top-row wpb_custom_034b39d9bc6c6b310d69e39f0ccf274f\"><div class=\"vc_column_container col-md-12\"><div class=\"wpb_wrapper vc_column-inner\">\r\n\t<div class=\"wpb_text_column wpb_content_element wpb_custom_7c91d232724f73626cc933bd95b25ff0\" >\r\n\t\t<div class=\"wpb_wrapper\">\r\n\t\t\t<p>Laden Sie jetzt <strong>kostenlos<\/strong> unser Infomaterial zur Einsatzplanung in mona field force herunter und entdecken Sie, wie Sie Ihre Mitarbeiter effizienter organisieren und Arbeitsprozesse optimieren k\u00f6nnen. Unser Infomaterial liefert Ihnen wertvolle Informationen zu den vielseitigen M\u00f6glichkeiten der<em> Mitarbeiter-Einsatzplanung<\/em>, die speziell darauf ausgerichtet sind, Ihre Ressourcen bestm\u00f6glich zu nutzen und Ihre Planung flexibler zu gestalten.<\/p>\n<p>Erfahren Sie mehr \u00fcber die unterschiedlichen <em>Kalenderansichten<\/em>, die Ihnen eine intuitive und \u00fcbersichtliche Darstellung Ihrer geplanten Eins\u00e4tze erm\u00f6glichen. Ob Wochen-, Monats- oder Tagesansicht \u2013 Sie behalten stets den \u00dcberblick und k\u00f6nnen kurzfristige \u00c4nderungen schnell und einfach umsetzen.<\/p>\n<p>Dar\u00fcber hinaus erhalten Sie Einblicke in die Vorteile unserer L\u00f6sung, wie z. B. eine reibungslose Kommunikation mit Ihrem Team, die<em> Reduzierung von Planungsfehlern<\/em> und eine verbesserte Abstimmung zwischen den einzelnen Einsatzorten. Profitieren Sie von einer<em> benutzerfreundlichen Plattform<\/em>, die Ihre Einsatzplanung nicht nur einfacher, sondern auch effizienter macht.<\/p>\n<p>Laden Sie das Infomaterial noch heute herunter und erfahren Sie, wie mona field force Ihnen dabei hilft, Ihre Einsatzplanung auf ein neues Level zu heben!<\/p>\n\r\n\t\t<\/div>\r\n\t<\/div>\r\n<\/div><\/div><\/div><div class=\"vc_row wpb_row row top-row wpb_custom_034b39d9bc6c6b310d69e39f0ccf274f\"><div class=\"vc_column_container col-md-12\"><div class=\"wpb_wrapper vc_column-inner\"><style id=\"wpforms-css-vars-1234\">\n\t\t\t\t#wpforms-1234 {\n\t\t\t\t\n\t\t\t}\n\t\t\t<\/style><div class=\"wpforms-container wpforms-container-full wpforms-render-modern\" id=\"wpforms-1234\"><form id=\"wpforms-form-1234\" class=\"wpforms-validate wpforms-form wpforms-ajax-form\" data-formid=\"1234\" method=\"post\" enctype=\"multipart\/form-data\" action=\"\/ch\/wp-json\/wp\/v2\/pages\/1244\" data-token=\"a986f958532eb9177fcb4c7471b69d1a\" data-token-time=\"1778858092\"><noscript class=\"wpforms-error-noscript\">Bitte aktivieren Sie JavaScript in Ihrem Browser, um dieses Formular fertigzustellen.<\/noscript><div id=\"wpforms-error-noscript\" style=\"display: none;\">Bitte aktivieren Sie JavaScript in Ihrem Browser, um dieses Formular fertigzustellen.<\/div><div class=\"wpforms-field-container\"><div id=\"wpforms-1234-field_1-container\" class=\"wpforms-field wpforms-field-name\" data-field-id=\"1\"><fieldset><legend class=\"wpforms-field-label\">Name <span class=\"wpforms-required-label\" aria-hidden=\"true\">*<\/span><\/legend><div class=\"wpforms-field-row wpforms-field-medium\"><div class=\"wpforms-field-row-block wpforms-first wpforms-one-half\"><input type=\"text\" id=\"wpforms-1234-field_1\" class=\"wpforms-field-name-first wpforms-field-required\" name=\"wpforms[fields][1][first]\" aria-errormessage=\"wpforms-1234-field_1-error\" required><label for=\"wpforms-1234-field_1\" class=\"wpforms-field-sublabel after\">Vorname<\/label><\/div><div class=\"wpforms-field-row-block wpforms-one-half\"><input type=\"text\" id=\"wpforms-1234-field_1-last\" class=\"wpforms-field-name-last wpforms-field-required\" name=\"wpforms[fields][1][last]\" aria-errormessage=\"wpforms-1234-field_1-last-error\" required><label for=\"wpforms-1234-field_1-last\" class=\"wpforms-field-sublabel after\">Nachname<\/label><\/div><\/div><\/fieldset><\/div>\t\t<div id=\"wpforms-1234-field_3-container\"\n\t\t\tclass=\"wpforms-field wpforms-field-text\"\n\t\t\tdata-field-type=\"text\"\n\t\t\tdata-field-id=\"3\"\n\t\t\t>\n\t\t\t<label class=\"wpforms-field-label\" for=\"wpforms-1234-field_3\" >Name E-Mail Adresse<\/label>\n\t\t\t<input type=\"text\" id=\"wpforms-1234-field_3\" class=\"wpforms-field-medium\" name=\"wpforms[fields][3]\" >\n\t\t<\/div>\n\t\t<div id=\"wpforms-1234-field_2-container\" class=\"wpforms-field wpforms-field-email\" data-field-id=\"2\"><label class=\"wpforms-field-label\" for=\"wpforms-1234-field_2\">E-Mail Adresse <span class=\"wpforms-required-label\" aria-hidden=\"true\">*<\/span><\/label><input type=\"email\" id=\"wpforms-1234-field_2\" class=\"wpforms-field-medium wpforms-field-required\" name=\"wpforms[fields][2]\" spellcheck=\"false\" aria-errormessage=\"wpforms-1234-field_2-error\" required><\/div><div id=\"wpforms-1234-field_5-container\" class=\"wpforms-field wpforms-field-checkbox\" data-field-id=\"5\"><fieldset><legend class=\"wpforms-field-label\">Best\u00e4tigung <span class=\"wpforms-required-label\" aria-hidden=\"true\">*<\/span><\/legend><ul id=\"wpforms-1234-field_5\" class=\"wpforms-field-required\"><li class=\"choice-1 depth-1\"><input type=\"checkbox\" id=\"wpforms-1234-field_5_1\" name=\"wpforms[fields][5][]\" value=\"Ich akzeptiere die Datenschutzbestimmungen.\" aria-errormessage=\"wpforms-1234-field_5_1-error\" aria-describedby=\"wpforms-1234-field_5-description\" required ><label class=\"wpforms-field-label-inline\" for=\"wpforms-1234-field_5_1\">Ich akzeptiere die Datenschutzbestimmungen.<\/label><\/li><li class=\"choice-2 depth-1\"><input type=\"checkbox\" id=\"wpforms-1234-field_5_2\" name=\"wpforms[fields][5][]\" value=\"Ich akzeptiere die Datenschutzbestimmungen und m\u00f6chte \u00fcber aktuelle Angebote und Entwicklungen informiert werden.\" aria-errormessage=\"wpforms-1234-field_5_2-error\" aria-describedby=\"wpforms-1234-field_5-description\" required ><label class=\"wpforms-field-label-inline\" for=\"wpforms-1234-field_5_2\">Ich akzeptiere die Datenschutzbestimmungen und m\u00f6chte \u00fcber aktuelle Angebote und Entwicklungen informiert werden.<\/label><\/li><\/ul><div id=\"wpforms-1234-field_5-description\" class=\"wpforms-field-description\">Zu den Datenschutzbestimmungen: https:\/\/mona.ilogs.systems\/privacy-policy\/\r\n<\/div><\/fieldset><\/div><script>\n\t\t\t\t( function() {\n\t\t\t\t\tconst style = document.createElement( 'style' );\n\t\t\t\t\tstyle.appendChild( document.createTextNode( '#wpforms-1234-field_3-container { position: absolute !important; overflow: hidden !important; display: inline !important; height: 1px !important; width: 1px !important; z-index: -1000 !important; padding: 0 !important; } #wpforms-1234-field_3-container input { visibility: hidden; } #wpforms-conversational-form-page #wpforms-1234-field_3-container label { counter-increment: none; }' ) );\n\t\t\t\t\tdocument.head.appendChild( style );\n\t\t\t\t\tdocument.currentScript?.remove();\n\t\t\t\t} )();\n\t\t\t<\/script><\/div><!-- .wpforms-field-container --><div class=\"wpforms-submit-container\" ><input type=\"hidden\" name=\"wpforms[id]\" value=\"1234\"><input type=\"hidden\" name=\"page_title\" value=\"\"><input type=\"hidden\" name=\"page_url\" value=\"https:\/\/mona.ilogs.systems\/ch\/wp-json\/wp\/v2\/pages\/1244\"><input type=\"hidden\" name=\"url_referer\" value=\"\"><button type=\"submit\" name=\"wpforms[submit]\" id=\"wpforms-submit-1234\" class=\"wpforms-submit\" data-alt-text=\"Wird gesendet\u00a0\u2026\" data-submit-text=\"Download\" aria-live=\"assertive\" value=\"wpforms-submit\">Download<\/button><img decoding=\"async\" src=\"https:\/\/mona.ilogs.systems\/wp-content\/plugins\/wpforms-lite\/assets\/images\/submit-spin.svg\" class=\"wpforms-submit-spinner\" style=\"display: none;\" width=\"26\" height=\"26\" alt=\"Wird geladen\"><\/div><\/form><\/div>  <!-- .wpforms-container --><\/div><\/div><\/div><div class=\"vc_row wpb_row row top-row wpb_custom_034b39d9bc6c6b310d69e39f0ccf274f\"><div class=\"vc_column_container col-md-12\"><div class=\"wpb_wrapper vc_column-inner\">\r\n\t<div class=\"wpb_text_column wpb_content_element wpb_custom_7c91d232724f73626cc933bd95b25ff0\" >\r\n\t\t<div class=\"wpb_wrapper\">\r\n\t\t\t<p><a href=\"https:\/\/mona.ilogs.systems\/download-infomaterial-mobile-datenerfassung\/\">Infomaterial mobile Datenerfassung<\/a><\/p>\n<p><a href=\"https:\/\/mona.ilogs.systems\/download-infomaterial\/\">Infomaterial mona field force<\/a><\/p>\n<p><a href=\"https:\/\/ilogs.systems\">\u00dcber uns<\/a><\/p>\n\r\n\t\t<\/div>\r\n\t<\/div>\r\n<\/div><\/div><\/div>\n<\/div>","protected":false},"excerpt":{"rendered":"Laden Sie jetzt kostenlos unser Infomaterial zur Einsatzplanung in mona field force herunter und entdecken Sie, wie Sie Ihre Mitarbeiter effizienter organisieren und Arbeitsprozesse optimieren k\u00f6nnen. Unser Infomaterial liefert Ihnen wertvolle Informationen zu den vielseitigen M\u00f6glichkeiten der Mitarbeiter-Einsatzplanung, die speziell darauf ausgerichtet sind, Ihre Ressourcen bestm\u00f6glich zu nutzen und Ihre Planung flexibler zu gestalten. Erfahren [...]","protected":false},"author":1,"featured_media":0,"parent":0,"menu_order":0,"comment_status":"closed","ping_status":"closed","template":"","meta":{"footnotes":""},"class_list":["post-1244","page","type-page","status-publish","hentry"],"aioseo_notices":[],"_links":{"self":[{"href":"https:\/\/mona.ilogs.systems\/ch\/wp-json\/wp\/v2\/pages\/1244","targetHints":{"allow":["GET"]}}],"collection":[{"href":"https:\/\/mona.ilogs.systems\/ch\/wp-json\/wp\/v2\/pages"}],"about":[{"href":"https:\/\/mona.ilogs.systems\/ch\/wp-json\/wp\/v2\/types\/page"}],"author":[{"embeddable":true,"href":"https:\/\/mona.ilogs.systems\/ch\/wp-json\/wp\/v2\/users\/1"}],"replies":[{"embeddable":true,"href":"https:\/\/mona.ilogs.systems\/ch\/wp-json\/wp\/v2\/comments?post=1244"}],"version-history":[{"count":9,"href":"https:\/\/mona.ilogs.systems\/ch\/wp-json\/wp\/v2\/pages\/1244\/revisions"}],"predecessor-version":[{"id":1689,"href":"https:\/\/mona.ilogs.systems\/ch\/wp-json\/wp\/v2\/pages\/1244\/revisions\/1689"}],"wp:attachment":[{"href":"https:\/\/mona.ilogs.systems\/ch\/wp-json\/wp\/v2\/media?parent=1244"}],"curies":[{"name":"wp","href":"https:\/\/api.w.org\/{rel}","templated":true}]}}