{"id":1215,"date":"2024-10-16T10:02:13","date_gmt":"2024-10-16T08:02:13","guid":{"rendered":"https:\/\/mona.ilogs.systems\/?page_id=1215"},"modified":"2025-01-09T10:16:04","modified_gmt":"2025-01-09T09:16:04","slug":"download-infomaterial","status":"publish","type":"page","link":"https:\/\/mona.ilogs.systems\/ch\/download-infomaterial\/","title":{"rendered":"Download mona field force"},"content":{"rendered":"<div class=\"wpb-content-wrapper\"><div class=\"vc_row wpb_row row top-row wpb_custom_034b39d9bc6c6b310d69e39f0ccf274f\"><div class=\"vc_column_container col-md-12\"><div class=\"wpb_wrapper vc_column-inner\">\r\n\t<div class=\"wpb_text_column wpb_content_element wpb_custom_7c91d232724f73626cc933bd95b25ff0\" >\r\n\t\t<div class=\"wpb_wrapper\">\r\n\t\t\t<p>Laden Sie hier <strong>kostenlos<\/strong> unser umfangreiches mona field force Infomaterial \u00a0herunter und entdecken Sie, wie Sie Ihre Arbeitsprozesse effizienter und moderner gestalten k\u00f6nnen. In unserem Infopaket erhalten Sie <em>wertvolle Tipps und Tricks,<\/em> die Ihnen helfen, das volle Potenzial von mona field force auszusch\u00f6pfen und Ihre t\u00e4glichen Aufgaben im <em>Au\u00dfendienst<\/em>, bei der <em>Datenerfassung<\/em> oder der <em>Einsatzplanung<\/em> einfacher und erfolgreicher zu bew\u00e4ltigen.<\/p>\n<p>Unser Infomaterial bietet Ihnen zudem eine umfassende \u00dcbersicht \u00fcber die zahlreichen<em> Vorteile und Funktionen<\/em> von mona field force. Erfahren Sie, wie Sie mit unseren innovativen Tools<em> Zeit sparen,<\/em> die Produktivit\u00e4t Ihres Teams <em>steigern<\/em> und gleichzeitig die <em>Qualit\u00e4t<\/em> Ihrer Arbeit sichern k\u00f6nnen. Ob es sich um mobile Datenerfassung, Einsatzplanung, Berichterstattung oder die Nutzung individueller Vorlagen handelt \u2013 unser System bietet Ihnen eine flexible und benutzerfreundliche L\u00f6sung f\u00fcr Ihre Anforderungen.<\/p>\n<p>Entdecken Sie, wie mona field force Ihre Arbeitsweise revolutionieren kann und laden Sie das Infomaterial herunter, um erste Einblicke und Inspiration f\u00fcr den erfolgreichen Einsatz in Ihrem Unternehmen zu erhalten!<\/p>\n\r\n\t\t<\/div>\r\n\t<\/div>\r\n<style id=\"wpforms-css-vars-1207\">\n\t\t\t\t#wpforms-1207 {\n\t\t\t\t\n\t\t\t}\n\t\t\t<\/style><div class=\"wpforms-container wpforms-container-full wpforms-render-modern\" id=\"wpforms-1207\"><form id=\"wpforms-form-1207\" class=\"wpforms-validate wpforms-form wpforms-ajax-form\" data-formid=\"1207\" method=\"post\" enctype=\"multipart\/form-data\" action=\"\/ch\/wp-json\/wp\/v2\/pages\/1215\" data-token=\"2326293e32ca7141867538daaea05e35\" data-token-time=\"1776224745\"><noscript class=\"wpforms-error-noscript\">Bitte aktivieren Sie JavaScript in Ihrem Browser, um dieses Formular fertigzustellen.<\/noscript><div id=\"wpforms-error-noscript\" style=\"display: none;\">Bitte aktivieren Sie JavaScript in Ihrem Browser, um dieses Formular fertigzustellen.<\/div><div class=\"wpforms-field-container\"><div id=\"wpforms-1207-field_1-container\" class=\"wpforms-field wpforms-field-name\" data-field-id=\"1\"><fieldset><legend class=\"wpforms-field-label\">Name <span class=\"wpforms-required-label\" aria-hidden=\"true\">*<\/span><\/legend><div class=\"wpforms-field-row wpforms-field-medium\"><div class=\"wpforms-field-row-block wpforms-first wpforms-one-half\"><input type=\"text\" id=\"wpforms-1207-field_1\" class=\"wpforms-field-name-first wpforms-field-required\" name=\"wpforms[fields][1][first]\" aria-errormessage=\"wpforms-1207-field_1-error\" required><label for=\"wpforms-1207-field_1\" class=\"wpforms-field-sublabel after\">Vorname<\/label><\/div><div class=\"wpforms-field-row-block wpforms-one-half\"><input type=\"text\" id=\"wpforms-1207-field_1-last\" class=\"wpforms-field-name-last wpforms-field-required\" name=\"wpforms[fields][1][last]\" aria-errormessage=\"wpforms-1207-field_1-last-error\" required><label for=\"wpforms-1207-field_1-last\" class=\"wpforms-field-sublabel after\">Nachname<\/label><\/div><\/div><\/fieldset><\/div><div id=\"wpforms-1207-field_2-container\" class=\"wpforms-field wpforms-field-email\" data-field-id=\"2\"><label class=\"wpforms-field-label\" for=\"wpforms-1207-field_2\">E-Mail Adresse <span class=\"wpforms-required-label\" aria-hidden=\"true\">*<\/span><\/label><input type=\"email\" id=\"wpforms-1207-field_2\" class=\"wpforms-field-medium wpforms-field-required\" name=\"wpforms[fields][2]\" spellcheck=\"false\" aria-errormessage=\"wpforms-1207-field_2-error\" required><\/div>\t\t<div id=\"wpforms-1207-field_3-container\"\n\t\t\tclass=\"wpforms-field wpforms-field-text\"\n\t\t\tdata-field-type=\"text\"\n\t\t\tdata-field-id=\"3\"\n\t\t\t>\n\t\t\t<label class=\"wpforms-field-label\" for=\"wpforms-1207-field_3\" >E-Mail Name Best\u00e4tigung<\/label>\n\t\t\t<input type=\"text\" id=\"wpforms-1207-field_3\" class=\"wpforms-field-medium\" name=\"wpforms[fields][3]\" >\n\t\t<\/div>\n\t\t<div id=\"wpforms-1207-field_4-container\" class=\"wpforms-field wpforms-field-checkbox\" data-field-id=\"4\"><fieldset><legend class=\"wpforms-field-label\">Best\u00e4tigung <span class=\"wpforms-required-label\" aria-hidden=\"true\">*<\/span><\/legend><ul id=\"wpforms-1207-field_4\" class=\"wpforms-field-required\"><li class=\"choice-1 depth-1\"><input type=\"checkbox\" id=\"wpforms-1207-field_4_1\" name=\"wpforms[fields][4][]\" value=\"Ich akzeptiere die Datenschutzbestimmungen.\" aria-errormessage=\"wpforms-1207-field_4_1-error\" aria-describedby=\"wpforms-1207-field_4-description\" required ><label class=\"wpforms-field-label-inline\" for=\"wpforms-1207-field_4_1\">Ich akzeptiere die Datenschutzbestimmungen.<\/label><\/li><li class=\"choice-4 depth-1\"><input type=\"checkbox\" id=\"wpforms-1207-field_4_4\" name=\"wpforms[fields][4][]\" value=\"Ich akzeptiere die Datenschutzbestimmungen und m\u00f6chte \u00fcber aktuelle Angebote und Entwicklungen informiert werden.\" aria-errormessage=\"wpforms-1207-field_4_4-error\" aria-describedby=\"wpforms-1207-field_4-description\" required ><label class=\"wpforms-field-label-inline\" for=\"wpforms-1207-field_4_4\">Ich akzeptiere die Datenschutzbestimmungen und m\u00f6chte \u00fcber aktuelle Angebote und Entwicklungen informiert werden.<\/label><\/li><\/ul><div id=\"wpforms-1207-field_4-description\" class=\"wpforms-field-description\">Zu den Datenschutzbestimmungen: https:\/\/mona.ilogs.systems\/privacy-policy\/<\/div><\/fieldset><\/div><script>\n\t\t\t\t( function() {\n\t\t\t\t\tconst style = document.createElement( 'style' );\n\t\t\t\t\tstyle.appendChild( document.createTextNode( '#wpforms-1207-field_3-container { position: absolute !important; overflow: hidden !important; display: inline !important; height: 1px !important; width: 1px !important; z-index: -1000 !important; padding: 0 !important; } #wpforms-1207-field_3-container input { visibility: hidden; } #wpforms-conversational-form-page #wpforms-1207-field_3-container label { counter-increment: none; }' ) );\n\t\t\t\t\tdocument.head.appendChild( style );\n\t\t\t\t\tdocument.currentScript?.remove();\n\t\t\t\t} )();\n\t\t\t<\/script><\/div><!-- .wpforms-field-container --><div class=\"wpforms-submit-container\" ><input type=\"hidden\" name=\"wpforms[id]\" value=\"1207\"><input type=\"hidden\" name=\"page_title\" value=\"\"><input type=\"hidden\" name=\"page_url\" value=\"https:\/\/mona.ilogs.systems\/ch\/wp-json\/wp\/v2\/pages\/1215\"><input type=\"hidden\" name=\"url_referer\" value=\"\"><button type=\"submit\" name=\"wpforms[submit]\" id=\"wpforms-submit-1207\" class=\"wpforms-submit\" data-alt-text=\"Wird gesendet\u00a0\u2026\" data-submit-text=\"Download\" aria-live=\"assertive\" value=\"wpforms-submit\">Download<\/button><img decoding=\"async\" src=\"https:\/\/mona.ilogs.systems\/wp-content\/plugins\/wpforms-lite\/assets\/images\/submit-spin.svg\" class=\"wpforms-submit-spinner\" style=\"display: none;\" width=\"26\" height=\"26\" alt=\"Wird geladen\"><\/div><\/form><\/div>  <!-- .wpforms-container --><\/div><\/div><\/div><div class=\"vc_row wpb_row row top-row wpb_custom_034b39d9bc6c6b310d69e39f0ccf274f\"><div class=\"vc_column_container col-md-12\"><div class=\"wpb_wrapper vc_column-inner\">\r\n\t<div class=\"wpb_text_column wpb_content_element wpb_custom_7c91d232724f73626cc933bd95b25ff0\" >\r\n\t\t<div class=\"wpb_wrapper\">\r\n\t\t\t<p><a href=\"https:\/\/mona.ilogs.systems\/download-infomaterial-mobile-datenerfassung\/\">Infomaterial mobile Datenerfassung<\/a><\/p>\n<p><a href=\"https:\/\/mona.ilogs.systems\/download-infomaterial-einsatzplanung\/\">Infomaterial Einsatzplanung<\/a><\/p>\n<p><a href=\"https:\/\/ilogs.systems\/loesungen\">Weitere L\u00f6sungen<\/a><\/p>\n\r\n\t\t<\/div>\r\n\t<\/div>\r\n<\/div><\/div><\/div>\n<\/div>","protected":false},"excerpt":{"rendered":"Laden Sie hier kostenlos unser umfangreiches mona field force Infomaterial \u00a0herunter und entdecken Sie, wie Sie Ihre Arbeitsprozesse effizienter und moderner gestalten k\u00f6nnen. In unserem Infopaket erhalten Sie wertvolle Tipps und Tricks, die Ihnen helfen, das volle Potenzial von mona field force auszusch\u00f6pfen und Ihre t\u00e4glichen Aufgaben im Au\u00dfendienst, bei der Datenerfassung oder der Einsatzplanung [...]","protected":false},"author":1,"featured_media":0,"parent":0,"menu_order":0,"comment_status":"closed","ping_status":"closed","template":"","meta":{"footnotes":""},"class_list":["post-1215","page","type-page","status-publish","hentry"],"aioseo_notices":[],"_links":{"self":[{"href":"https:\/\/mona.ilogs.systems\/ch\/wp-json\/wp\/v2\/pages\/1215","targetHints":{"allow":["GET"]}}],"collection":[{"href":"https:\/\/mona.ilogs.systems\/ch\/wp-json\/wp\/v2\/pages"}],"about":[{"href":"https:\/\/mona.ilogs.systems\/ch\/wp-json\/wp\/v2\/types\/page"}],"author":[{"embeddable":true,"href":"https:\/\/mona.ilogs.systems\/ch\/wp-json\/wp\/v2\/users\/1"}],"replies":[{"embeddable":true,"href":"https:\/\/mona.ilogs.systems\/ch\/wp-json\/wp\/v2\/comments?post=1215"}],"version-history":[{"count":18,"href":"https:\/\/mona.ilogs.systems\/ch\/wp-json\/wp\/v2\/pages\/1215\/revisions"}],"predecessor-version":[{"id":1711,"href":"https:\/\/mona.ilogs.systems\/ch\/wp-json\/wp\/v2\/pages\/1215\/revisions\/1711"}],"wp:attachment":[{"href":"https:\/\/mona.ilogs.systems\/ch\/wp-json\/wp\/v2\/media?parent=1215"}],"curies":[{"name":"wp","href":"https:\/\/api.w.org\/{rel}","templated":true}]}}